{"id":169,"date":"2023-09-15T13:02:32","date_gmt":"2023-09-15T13:02:32","guid":{"rendered":"https:\/\/topanindustrial.com.ar\/shop\/?page_id=169"},"modified":"2024-05-23T15:28:23","modified_gmt":"2024-05-23T15:28:23","slug":"empresa","status":"publish","type":"page","link":"https:\/\/topanindustrial.com.ar\/shop\/empresa\/","title":{"rendered":"Empresa"},"content":{"rendered":"<div class=\"row row-collapse row-full-width\"  id=\"row-447904692\">\n\n\n\t<div id=\"col-2031361073\" class=\"col small-12 large-12\"  >\n\t\t\t\t<div class=\"col-inner\"  >\n\t\t\t\n\t\t\t\n\n\t<section class=\"section\" id=\"section_1027944731\">\n\t\t<div class=\"bg section-bg fill bg-fill  \" >\n\n\t\t\t\n\t\t\t<div class=\"section-bg-overlay absolute fill\"><\/div>\n\t\t\t\n\n\t\t<\/div>\n\n\t\t\n\n\t\t<div class=\"section-content relative\">\n\t\t\t\n\n<div class=\"row row-collapse align-center\" style=\"max-width:\" id=\"row-272096186\">\n\n\n\t<div id=\"col-170818222\" class=\"col small-12 large-12\"  data-animate=\"bounceInUp\">\n\t\t\t\t<div class=\"col-inner text-center dark\"  >\n\t\t\t\n\t\t\t\n\n<h1><span style=\"font-size: 250%;\">Empresa<\/span><\/h1>\n<p>Quienes somos<\/p>\n\n\t\t<\/div>\n\t\t\t\t\n<style>\n#col-170818222 > .col-inner {\n  padding: 100px 20px 50px 0px;\n}\n@media (min-width:550px) {\n  #col-170818222 > .col-inner {\n    padding: 100px 0px 200px 0px;\n  }\n}\n<\/style>\n\t<\/div>\n\n\t\n\n<\/div>\n\n\t\t<\/div>\n\n\t\t\n<style>\n#section_1027944731 {\n  padding-top: 0px;\n  padding-bottom: 0px;\n  min-height: 0px;\n  background-color: rgb(255,255,255);\n}\n#section_1027944731 .section-bg-overlay {\n  background-color: rgba(0, 0, 0, 0.12);\n}\n#section_1027944731 .section-bg.bg-loaded {\n  background-image: url(https:\/\/topanindustrial.com.ar\/shop\/wp-content\/uploads\/img-empresa.jpg);\n}\n#section_1027944731 .section-bg {\n  background-position: 33% 59%;\n}\n@media (min-width:550px) {\n  #section_1027944731 {\n    padding-top: 0px;\n    padding-bottom: 0px;\n  }\n  #section_1027944731 .section-bg-overlay {\n    background-color: rgba(0, 0, 0, 0.21);\n  }\n}\n@media (min-width:850px) {\n  #section_1027944731 {\n    padding-top: 0px;\n    padding-bottom: 0px;\n  }\n  #section_1027944731 .section-bg-overlay {\n    background-color: rgba(0, 0, 0, 0.36);\n  }\n}\n<\/style>\n\t<\/section>\n\t\n\n\t\t<\/div>\n\t\t\t\t\n<style>\n#col-2031361073 > .col-inner {\n  padding: 0px 0px 0px 0px;\n}\n<\/style>\n\t<\/div>\n\n\t\n\n<\/div>\n<div class=\"row row-large\" style=\"max-width:1400px\" id=\"row-248517595\">\n\n\n\t<div id=\"col-2034883\" class=\"col small-12 large-12\"  >\n\t\t\t\t<div class=\"col-inner\" style=\"background-color:rgb(255, 255, 255);\" >\n\t\t\t\n\t\t\t\n\n<div class=\"row row-collapse row-full-width\"  id=\"row-726164340\">\n\n\n\t<div id=\"col-1869397539\" class=\"col medium-12 small-12 large-12\"  >\n\t\t\t\t<div class=\"col-inner\"  >\n\t\t\t\n\t\t\t\n\n<div class=\"row row-collapse\"  id=\"row-194104806\">\n\n\n\t<div id=\"col-1207838106\" class=\"col small-12 large-12\"  data-animate=\"bounceInUp\">\n\t\t\t\t<div class=\"col-inner text-center\"  >\n\t\t\t\n\t\t\t\n\n\t<div class=\"img has-hover x md-x lg-x y md-y lg-y\" id=\"image_681132034\">\n\t\t\t\t\t\t\t\t<div class=\"img-inner dark\" >\n\t\t\t<img loading=\"lazy\" decoding=\"async\" width=\"185\" height=\"150\" src=\"https:\/\/topanindustrial.com.ar\/shop\/wp-content\/uploads\/2023\/09\/logo.png\" class=\"attachment-original size-original\" alt=\"\" \/>\t\t\t\t\t\t\n\t\t\t\t\t<\/div>\n\t\t\t\t\t\t\t\t\n<style>\n#image_681132034 {\n  width: 65%;\n}\n@media (min-width:550px) {\n  #image_681132034 {\n    width: 32%;\n  }\n}\n@media (min-width:850px) {\n  #image_681132034 {\n    width: 20%;\n  }\n}\n<\/style>\n\t<\/div>\n\t\n\n\n\t\t<\/div>\n\t\t\t\t\t<\/div>\n\n\t\n\n<\/div>\n\t<div id=\"gap-1791830046\" class=\"gap-element clearfix\" style=\"display:block; height:auto;\">\n\t\t\n<style>\n#gap-1791830046 {\n  padding-top: 15px;\n}\n<\/style>\n\t<\/div>\n\t\n\n<p>TOPAN es una empresa que se dedica a la distribuci\u00f3n minorista y mayorista de Ropa de Trabajo, Calzado de Seguridad y Elementos de Protecci\u00f3n Personal y a la confecci\u00f3n de indumentaria seg\u00fan la necesidad del cliente.<br \/>Nos focalizamos en el profesionalismo para atender a nuestros clientes y responder a las demandas m\u00e1s exigentes de la Seguridad Industrial.<br \/>Esta responsabilidad se logra a trav\u00e9s de la comercializaci\u00f3n de productos de alta gama, priorizando el servicio y el asesoramiento t\u00e9cnico a empresas de primera l\u00ednea a nivel nacional y que hoy nos sit\u00faan como una de las empresas con mejor atenci\u00f3n.<br \/>Atendemos a todo el pa\u00eds, tanto las regiones del norte y sur como las c\u00e9ntricas.<br \/>TOPAN cuenta con servicios de pre y post venta ejecutiva, asesoramiento, log\u00edstica propia y atenci\u00f3n empresa a empresa. Nos capacitamos constantemente para brindarles un servicio de excelencia.<br \/>Representamos como distribuidor oficial a Omb\u00fa, marca l\u00edder en el segmento de indumentaria y calzado de seguridad de alta performance.<br \/>Contamos con todos los productos que usted precisa para sus empleados: zapatos e indumentaria de trabajo, elementos de protecci\u00f3n auditiva, protecci\u00f3n craneana, protecci\u00f3n ocular y facial, elementos de protecci\u00f3n de manos, elementos de protecci\u00f3n respiratoria y protecci\u00f3n para trabajos en altura, adem\u00e1s contamos accesorios como cintas, detectores de gases, izaje de cargas, primeros auxilios, se\u00f1alizaci\u00f3n, productos de limpieza, extintores, indumentaria ignifuga, etc. Tambi\u00e9n bordamos y estampamos sus prendas y colocamos cinta reflectiva en las mismas.<\/p>\n<p>Nuestra empresa se esmera d\u00eda a d\u00eda para que tenga la mejor relaci\u00f3n costo\/beneficio de cada uno de los productos que le recomendamos, logrando as\u00ed que sus trabajadores tengan la seguridad y tranquilidad que se merecen. La lealtad de nuestros clientes a quienes servimos desde hace muchos a\u00f1os, se basa en adaptarnos a lo requerido por cada empresa, en TOPAN encontrar\u00e1 experiencia, responsabilidad, servicio y por sobre todo, buena atenci\u00f3n.<\/p>\n\n\t\t<\/div>\n\t\t\t\t\n<style>\n#col-1869397539 > .col-inner {\n  padding: 0px 0px 0px 0px;\n}\n@media (min-width:550px) {\n  #col-1869397539 > .col-inner {\n    padding: 0px 0px 0px 50px;\n  }\n}\n<\/style>\n\t<\/div>\n\n\t\n\n\n<style>\n#row-726164340 > .col > .col-inner {\n  padding: 0px 2em 0px 2em;\n}\n<\/style>\n<\/div>\n\n\t\t<\/div>\n\t\t\t\t\n<style>\n#col-2034883 > .col-inner {\n  padding: 50px 0px 0px 0px;\n  margin: -0 0px 0px 0px;\n}\n@media (min-width:550px) {\n  #col-2034883 > .col-inner {\n    padding: 50px 20px 30px 20px;\n    margin: 0 0px 0px 0px;\n  }\n}\n@media (min-width:850px) {\n  #col-2034883 > .col-inner {\n    padding: 66px 20px 0px 20px;\n    margin: -130px 0px 0px 0px;\n  }\n}\n<\/style>\n\t<\/div>\n\n\t\n\n<\/div>","protected":false},"excerpt":{"rendered":"","protected":false},"author":2,"featured_media":0,"parent":0,"menu_order":0,"comment_status":"closed","ping_status":"closed","template":"page-blank.php","meta":{"_joinchat":[],"footnotes":""},"class_list":["post-169","page","type-page","status-publish","hentry"],"yoast_head":"<!-- This site is optimized with the Yoast SEO plugin v25.2 - https:\/\/yoast.com\/wordpress\/plugins\/seo\/ -->\n<title>Empresa - Topan Industrial<\/title>\n<meta name=\"description\" content=\"Ropa de trabajo,Calzado de seguridad y Elementos de seguridad industrial.\" \/>\n<meta name=\"robots\" content=\"index, follow, max-snippet:-1, max-image-preview:large, max-video-preview:-1\" \/>\n<link rel=\"canonical\" href=\"https:\/\/topanindustrial.com.ar\/shop\/empresa\/\" \/>\n<meta property=\"og:locale\" content=\"es_ES\" \/>\n<meta property=\"og:type\" content=\"article\" \/>\n<meta property=\"og:title\" content=\"Empresa - Topan Industrial\" \/>\n<meta property=\"og:description\" content=\"Ropa de trabajo,Calzado de seguridad y Elementos de seguridad industrial.\" \/>\n<meta property=\"og:url\" content=\"https:\/\/topanindustrial.com.ar\/shop\/empresa\/\" \/>\n<meta property=\"og:site_name\" content=\"Topan Industrial\" \/>\n<meta property=\"article:publisher\" content=\"https:\/\/www.facebook.com\/OMBUTOPAN\" \/>\n<meta property=\"article:modified_time\" content=\"2024-05-23T15:28:23+00:00\" \/>\n<meta name=\"twitter:card\" content=\"summary_large_image\" \/>\n<meta name=\"twitter:label1\" content=\"Tiempo de lectura\" \/>\n\t<meta name=\"twitter:data1\" content=\"2 minutos\" \/>\n<script type=\"application\/ld+json\" class=\"yoast-schema-graph\">{\"@context\":\"https:\/\/schema.org\",\"@graph\":[{\"@type\":\"WebPage\",\"@id\":\"https:\/\/topanindustrial.com.ar\/shop\/empresa\/\",\"url\":\"https:\/\/topanindustrial.com.ar\/shop\/empresa\/\",\"name\":\"Empresa - Topan Industrial\",\"isPartOf\":{\"@id\":\"https:\/\/topanindustrial.com.ar\/shop\/#website\"},\"datePublished\":\"2023-09-15T13:02:32+00:00\",\"dateModified\":\"2024-05-23T15:28:23+00:00\",\"description\":\"Ropa de trabajo,Calzado de seguridad y Elementos de seguridad industrial.\",\"breadcrumb\":{\"@id\":\"https:\/\/topanindustrial.com.ar\/shop\/empresa\/#breadcrumb\"},\"inLanguage\":\"es\",\"potentialAction\":[{\"@type\":\"ReadAction\",\"target\":[\"https:\/\/topanindustrial.com.ar\/shop\/empresa\/\"]}]},{\"@type\":\"BreadcrumbList\",\"@id\":\"https:\/\/topanindustrial.com.ar\/shop\/empresa\/#breadcrumb\",\"itemListElement\":[{\"@type\":\"ListItem\",\"position\":1,\"name\":\"Portada\",\"item\":\"https:\/\/topanindustrial.com.ar\/shop\/\"},{\"@type\":\"ListItem\",\"position\":2,\"name\":\"Empresa\"}]},{\"@type\":\"WebSite\",\"@id\":\"https:\/\/topanindustrial.com.ar\/shop\/#website\",\"url\":\"https:\/\/topanindustrial.com.ar\/shop\/\",\"name\":\"Topan Industrial\",\"description\":\"Ropa de Trabajo, Canzado de seguridad y Elementos de Seguridad industrial.\",\"publisher\":{\"@id\":\"https:\/\/topanindustrial.com.ar\/shop\/#organization\"},\"potentialAction\":[{\"@type\":\"SearchAction\",\"target\":{\"@type\":\"EntryPoint\",\"urlTemplate\":\"https:\/\/topanindustrial.com.ar\/shop\/?s={search_term_string}\"},\"query-input\":{\"@type\":\"PropertyValueSpecification\",\"valueRequired\":true,\"valueName\":\"search_term_string\"}}],\"inLanguage\":\"es\"},{\"@type\":\"Organization\",\"@id\":\"https:\/\/topanindustrial.com.ar\/shop\/#organization\",\"name\":\"Topan Industrial\",\"url\":\"https:\/\/topanindustrial.com.ar\/shop\/\",\"logo\":{\"@type\":\"ImageObject\",\"inLanguage\":\"es\",\"@id\":\"https:\/\/topanindustrial.com.ar\/shop\/#\/schema\/logo\/image\/\",\"url\":\"https:\/\/topanindustrial.com.ar\/shop\/wp-content\/uploads\/Logo-topan.png\",\"contentUrl\":\"https:\/\/topanindustrial.com.ar\/shop\/wp-content\/uploads\/Logo-topan.png\",\"width\":552,\"height\":471,\"caption\":\"Topan Industrial\"},\"image\":{\"@id\":\"https:\/\/topanindustrial.com.ar\/shop\/#\/schema\/logo\/image\/\"},\"sameAs\":[\"https:\/\/www.facebook.com\/OMBUTOPAN\"]}]}<\/script>\n<!-- \/ Yoast SEO plugin. -->","yoast_head_json":{"title":"Empresa - Topan Industrial","description":"Ropa de trabajo,Calzado de seguridad y Elementos de seguridad industrial.","robots":{"index":"index","follow":"follow","max-snippet":"max-snippet:-1","max-image-preview":"max-image-preview:large","max-video-preview":"max-video-preview:-1"},"canonical":"https:\/\/topanindustrial.com.ar\/shop\/empresa\/","og_locale":"es_ES","og_type":"article","og_title":"Empresa - Topan Industrial","og_description":"Ropa de trabajo,Calzado de seguridad y Elementos de seguridad industrial.","og_url":"https:\/\/topanindustrial.com.ar\/shop\/empresa\/","og_site_name":"Topan Industrial","article_publisher":"https:\/\/www.facebook.com\/OMBUTOPAN","article_modified_time":"2024-05-23T15:28:23+00:00","twitter_card":"summary_large_image","twitter_misc":{"Tiempo de lectura":"2 minutos"},"schema":{"@context":"https:\/\/schema.org","@graph":[{"@type":"WebPage","@id":"https:\/\/topanindustrial.com.ar\/shop\/empresa\/","url":"https:\/\/topanindustrial.com.ar\/shop\/empresa\/","name":"Empresa - Topan Industrial","isPartOf":{"@id":"https:\/\/topanindustrial.com.ar\/shop\/#website"},"datePublished":"2023-09-15T13:02:32+00:00","dateModified":"2024-05-23T15:28:23+00:00","description":"Ropa de trabajo,Calzado de seguridad y Elementos de seguridad industrial.","breadcrumb":{"@id":"https:\/\/topanindustrial.com.ar\/shop\/empresa\/#breadcrumb"},"inLanguage":"es","potentialAction":[{"@type":"ReadAction","target":["https:\/\/topanindustrial.com.ar\/shop\/empresa\/"]}]},{"@type":"BreadcrumbList","@id":"https:\/\/topanindustrial.com.ar\/shop\/empresa\/#breadcrumb","itemListElement":[{"@type":"ListItem","position":1,"name":"Portada","item":"https:\/\/topanindustrial.com.ar\/shop\/"},{"@type":"ListItem","position":2,"name":"Empresa"}]},{"@type":"WebSite","@id":"https:\/\/topanindustrial.com.ar\/shop\/#website","url":"https:\/\/topanindustrial.com.ar\/shop\/","name":"Topan Industrial","description":"Ropa de Trabajo, Canzado de seguridad y Elementos de Seguridad industrial.","publisher":{"@id":"https:\/\/topanindustrial.com.ar\/shop\/#organization"},"potentialAction":[{"@type":"SearchAction","target":{"@type":"EntryPoint","urlTemplate":"https:\/\/topanindustrial.com.ar\/shop\/?s={search_term_string}"},"query-input":{"@type":"PropertyValueSpecification","valueRequired":true,"valueName":"search_term_string"}}],"inLanguage":"es"},{"@type":"Organization","@id":"https:\/\/topanindustrial.com.ar\/shop\/#organization","name":"Topan Industrial","url":"https:\/\/topanindustrial.com.ar\/shop\/","logo":{"@type":"ImageObject","inLanguage":"es","@id":"https:\/\/topanindustrial.com.ar\/shop\/#\/schema\/logo\/image\/","url":"https:\/\/topanindustrial.com.ar\/shop\/wp-content\/uploads\/Logo-topan.png","contentUrl":"https:\/\/topanindustrial.com.ar\/shop\/wp-content\/uploads\/Logo-topan.png","width":552,"height":471,"caption":"Topan Industrial"},"image":{"@id":"https:\/\/topanindustrial.com.ar\/shop\/#\/schema\/logo\/image\/"},"sameAs":["https:\/\/www.facebook.com\/OMBUTOPAN"]}]}},"_links":{"self":[{"href":"https:\/\/topanindustrial.com.ar\/shop\/wp-json\/wp\/v2\/pages\/169","targetHints":{"allow":["GET"]}}],"collection":[{"href":"https:\/\/topanindustrial.com.ar\/shop\/wp-json\/wp\/v2\/pages"}],"about":[{"href":"https:\/\/topanindustrial.com.ar\/shop\/wp-json\/wp\/v2\/types\/page"}],"author":[{"embeddable":true,"href":"https:\/\/topanindustrial.com.ar\/shop\/wp-json\/wp\/v2\/users\/2"}],"replies":[{"embeddable":true,"href":"https:\/\/topanindustrial.com.ar\/shop\/wp-json\/wp\/v2\/comments?post=169"}],"version-history":[{"count":16,"href":"https:\/\/topanindustrial.com.ar\/shop\/wp-json\/wp\/v2\/pages\/169\/revisions"}],"predecessor-version":[{"id":300,"href":"https:\/\/topanindustrial.com.ar\/shop\/wp-json\/wp\/v2\/pages\/169\/revisions\/300"}],"wp:attachment":[{"href":"https:\/\/topanindustrial.com.ar\/shop\/wp-json\/wp\/v2\/media?parent=169"}],"curies":[{"name":"wp","href":"https:\/\/api.w.org\/{rel}","templated":true}]}}