{"id":1003,"date":"2024-07-29T15:41:29","date_gmt":"2024-07-29T15:41:29","guid":{"rendered":"https:\/\/topanindustrial.com.ar\/shop\/?post_type=product&#038;p=1003"},"modified":"2024-08-09T14:13:43","modified_gmt":"2024-08-09T14:13:43","slug":"anteojo-libus-ecoline-monolente-incoloro-af","status":"publish","type":"product","link":"https:\/\/topanindustrial.com.ar\/shop\/producto\/anteojo-libus-ecoline-monolente-incoloro-af\/","title":{"rendered":"Anteojo Libus Ecoline monolente Incoloro AF"},"content":{"rendered":"<p>CARACTER\u00cdSTICAS:<br \/>\nTornillo de acero inoxidable.<br \/>\nDise\u00f1ado para proteger el ojo contra golpes, impacto de part\u00edcu\u00adlas, polvo y chispas.<br \/>\nProtecci\u00f3n frontal y lateral.<br \/>\nDise\u00f1o ojo de gato cl\u00e1sico, elegante y econ\u00f3mico. Su radio de curvatura, y las patillas siguiendo la l\u00ednea, logran un calce perfec\u00adto a la cara y visi\u00f3n panor\u00e1mica.<br \/>\nLente y patillas de policarbonato.<br \/>\nFiltro UV. -Tornillo de acero inoxidable.<\/p>\n<p>COLORES DE LENTE:<br \/>\nTransparente:<\/p>\n<p>TRATAMIENTO:<br \/>\nAntirrayadura (HC): pel\u00edcula que protege el lente del deterioro natural por el manipuleo diario, prolongando su vida \u00fatil y mejo\u00adrando la visi\u00f3n.<\/p>\n<p>Antirrayadura (AF): Antiempa\u00f1o<\/p>\n<p>APLICACIONES:<br \/>\nSiderurgia<br \/>\nMiner\u00eda<br \/>\nConstrucci\u00f3n<br \/>\nCentrales y distribuci\u00f3n El\u00e9ctrica<br \/>\nGas y petr\u00f3leo<br \/>\nNuclear<br \/>\nPapelera<br \/>\nQu\u00edmica<br \/>\nLog\u00edstica<br \/>\nNaviera<br \/>\nAgro<br \/>\nEntes estatales<br \/>\nFrigor\u00edficos<br \/>\nAlimentos<br \/>\nElectr\u00f3nica<br \/>\nAutomotriz<\/p>\n<p>CERTIFICACIONES:<br \/>\nANSI Z87.1 (Z87+)<br \/>\nIRAM<\/p>\n<p>COBERTURA DE RIESGOS:<br \/>\nGolpes leves<br \/>\nChispas<br \/>\nImpacto de part\u00edculas<br \/>\nPolvo<\/p>\n<p>COLORES:<br \/>\nPatilla Fija Negra<\/p>\n","protected":false},"excerpt":{"rendered":"<p>Lente de Seguridad monolente Libus ecoline Incoloro AF antiempa\u00f1o:<\/p>\n<p>Anteojo Libus de policarbonato Incolor Modelo Ecoline con tratamiento antirraya y Antiempa\u00f1o, ultraliviano y anat\u00f3mico.<\/p>\n","protected":false},"featured_media":1098,"template":"","meta":{"_joinchat":[]},"product_brand":[],"product_cat":[68,106],"product_tag":[107,91],"class_list":{"0":"post-1003","1":"product","2":"type-product","3":"status-publish","4":"has-post-thumbnail","6":"product_cat-elementos-seguridad","7":"product_cat-proteccion-ocular","8":"product_tag-anteojos","9":"product_tag-libus","11":"first","12":"instock","13":"shipping-taxable","14":"purchasable","15":"product-type-simple","16":"add-to-wishlist-after_add_to_cart"},"yoast_head":"<!-- This site is optimized with the Yoast SEO plugin v25.2 - https:\/\/yoast.com\/wordpress\/plugins\/seo\/ -->\n<title>Anteojo Libus Ecoline monolente Incoloro AF - Topan Industrial<\/title>\n<meta name=\"robots\" content=\"index, follow, max-snippet:-1, max-image-preview:large, max-video-preview:-1\" \/>\n<link rel=\"canonical\" href=\"https:\/\/topanindustrial.com.ar\/shop\/producto\/anteojo-libus-ecoline-monolente-incoloro-af\/\" \/>\n<meta property=\"og:locale\" content=\"es_ES\" \/>\n<meta property=\"og:type\" content=\"article\" \/>\n<meta property=\"og:title\" content=\"Anteojo Libus Ecoline monolente Incoloro AF - Topan Industrial\" \/>\n<meta property=\"og:description\" content=\"Lente de Seguridad monolente Libus ecoline Incoloro AF antiempa\u00f1o:  Anteojo Libus de policarbonato Incolor Modelo Ecoline con tratamiento antirraya y Antiempa\u00f1o, ultraliviano y anat\u00f3mico.\" \/>\n<meta property=\"og:url\" content=\"https:\/\/topanindustrial.com.ar\/shop\/producto\/anteojo-libus-ecoline-monolente-incoloro-af\/\" \/>\n<meta property=\"og:site_name\" content=\"Topan Industrial\" \/>\n<meta property=\"article:publisher\" content=\"https:\/\/www.facebook.com\/OMBUTOPAN\" \/>\n<meta property=\"article:modified_time\" content=\"2024-08-09T14:13:43+00:00\" \/>\n<meta property=\"og:image\" content=\"https:\/\/topanindustrial.com.ar\/shop\/wp-content\/uploads\/Anteojo-Libus-Ecoline-monolente-Incoloro-AF.png\" \/>\n\t<meta property=\"og:image:width\" content=\"518\" \/>\n\t<meta property=\"og:image:height\" content=\"519\" \/>\n\t<meta property=\"og:image:type\" content=\"image\/png\" \/>\n<meta name=\"twitter:card\" content=\"summary_large_image\" \/>\n<meta name=\"twitter:label1\" content=\"Tiempo de lectura\" \/>\n\t<meta name=\"twitter:data1\" content=\"1 minuto\" \/>\n<script type=\"application\/ld+json\" class=\"yoast-schema-graph\">{\"@context\":\"https:\/\/schema.org\",\"@graph\":[{\"@type\":\"WebPage\",\"@id\":\"https:\/\/topanindustrial.com.ar\/shop\/producto\/anteojo-libus-ecoline-monolente-incoloro-af\/\",\"url\":\"https:\/\/topanindustrial.com.ar\/shop\/producto\/anteojo-libus-ecoline-monolente-incoloro-af\/\",\"name\":\"Anteojo Libus Ecoline monolente Incoloro AF - Topan Industrial\",\"isPartOf\":{\"@id\":\"https:\/\/topanindustrial.com.ar\/shop\/#website\"},\"primaryImageOfPage\":{\"@id\":\"https:\/\/topanindustrial.com.ar\/shop\/producto\/anteojo-libus-ecoline-monolente-incoloro-af\/#primaryimage\"},\"image\":{\"@id\":\"https:\/\/topanindustrial.com.ar\/shop\/producto\/anteojo-libus-ecoline-monolente-incoloro-af\/#primaryimage\"},\"thumbnailUrl\":\"https:\/\/topanindustrial.com.ar\/shop\/wp-content\/uploads\/Anteojo-Libus-Ecoline-monolente-Incoloro-AF.png\",\"datePublished\":\"2024-07-29T15:41:29+00:00\",\"dateModified\":\"2024-08-09T14:13:43+00:00\",\"breadcrumb\":{\"@id\":\"https:\/\/topanindustrial.com.ar\/shop\/producto\/anteojo-libus-ecoline-monolente-incoloro-af\/#breadcrumb\"},\"inLanguage\":\"es\",\"potentialAction\":[{\"@type\":\"ReadAction\",\"target\":[\"https:\/\/topanindustrial.com.ar\/shop\/producto\/anteojo-libus-ecoline-monolente-incoloro-af\/\"]}]},{\"@type\":\"ImageObject\",\"inLanguage\":\"es\",\"@id\":\"https:\/\/topanindustrial.com.ar\/shop\/producto\/anteojo-libus-ecoline-monolente-incoloro-af\/#primaryimage\",\"url\":\"https:\/\/topanindustrial.com.ar\/shop\/wp-content\/uploads\/Anteojo-Libus-Ecoline-monolente-Incoloro-AF.png\",\"contentUrl\":\"https:\/\/topanindustrial.com.ar\/shop\/wp-content\/uploads\/Anteojo-Libus-Ecoline-monolente-Incoloro-AF.png\",\"width\":518,\"height\":519},{\"@type\":\"BreadcrumbList\",\"@id\":\"https:\/\/topanindustrial.com.ar\/shop\/producto\/anteojo-libus-ecoline-monolente-incoloro-af\/#breadcrumb\",\"itemListElement\":[{\"@type\":\"ListItem\",\"position\":1,\"name\":\"Portada\",\"item\":\"https:\/\/topanindustrial.com.ar\/shop\/\"},{\"@type\":\"ListItem\",\"position\":2,\"name\":\"Tienda\",\"item\":\"https:\/\/topanindustrial.com.ar\/shop\/tienda\/\"},{\"@type\":\"ListItem\",\"position\":3,\"name\":\"Anteojo Libus Ecoline monolente Incoloro AF\"}]},{\"@type\":\"WebSite\",\"@id\":\"https:\/\/topanindustrial.com.ar\/shop\/#website\",\"url\":\"https:\/\/topanindustrial.com.ar\/shop\/\",\"name\":\"Topan Industrial\",\"description\":\"Ropa de Trabajo, Canzado de seguridad y Elementos de Seguridad industrial.\",\"publisher\":{\"@id\":\"https:\/\/topanindustrial.com.ar\/shop\/#organization\"},\"potentialAction\":[{\"@type\":\"SearchAction\",\"target\":{\"@type\":\"EntryPoint\",\"urlTemplate\":\"https:\/\/topanindustrial.com.ar\/shop\/?s={search_term_string}\"},\"query-input\":{\"@type\":\"PropertyValueSpecification\",\"valueRequired\":true,\"valueName\":\"search_term_string\"}}],\"inLanguage\":\"es\"},{\"@type\":\"Organization\",\"@id\":\"https:\/\/topanindustrial.com.ar\/shop\/#organization\",\"name\":\"Topan Industrial\",\"url\":\"https:\/\/topanindustrial.com.ar\/shop\/\",\"logo\":{\"@type\":\"ImageObject\",\"inLanguage\":\"es\",\"@id\":\"https:\/\/topanindustrial.com.ar\/shop\/#\/schema\/logo\/image\/\",\"url\":\"https:\/\/topanindustrial.com.ar\/shop\/wp-content\/uploads\/Logo-topan.png\",\"contentUrl\":\"https:\/\/topanindustrial.com.ar\/shop\/wp-content\/uploads\/Logo-topan.png\",\"width\":552,\"height\":471,\"caption\":\"Topan Industrial\"},\"image\":{\"@id\":\"https:\/\/topanindustrial.com.ar\/shop\/#\/schema\/logo\/image\/\"},\"sameAs\":[\"https:\/\/www.facebook.com\/OMBUTOPAN\"]}]}<\/script>\n<!-- \/ Yoast SEO plugin. -->","yoast_head_json":{"title":"Anteojo Libus Ecoline monolente Incoloro AF - Topan Industrial","robots":{"index":"index","follow":"follow","max-snippet":"max-snippet:-1","max-image-preview":"max-image-preview:large","max-video-preview":"max-video-preview:-1"},"canonical":"https:\/\/topanindustrial.com.ar\/shop\/producto\/anteojo-libus-ecoline-monolente-incoloro-af\/","og_locale":"es_ES","og_type":"article","og_title":"Anteojo Libus Ecoline monolente Incoloro AF - Topan Industrial","og_description":"Lente de Seguridad monolente Libus ecoline Incoloro AF antiempa\u00f1o:  Anteojo Libus de policarbonato Incolor Modelo Ecoline con tratamiento antirraya y Antiempa\u00f1o, ultraliviano y anat\u00f3mico.","og_url":"https:\/\/topanindustrial.com.ar\/shop\/producto\/anteojo-libus-ecoline-monolente-incoloro-af\/","og_site_name":"Topan Industrial","article_publisher":"https:\/\/www.facebook.com\/OMBUTOPAN","article_modified_time":"2024-08-09T14:13:43+00:00","og_image":[{"width":518,"height":519,"url":"https:\/\/topanindustrial.com.ar\/shop\/wp-content\/uploads\/Anteojo-Libus-Ecoline-monolente-Incoloro-AF.png","type":"image\/png"}],"twitter_card":"summary_large_image","twitter_misc":{"Tiempo de lectura":"1 minuto"},"schema":{"@context":"https:\/\/schema.org","@graph":[{"@type":"WebPage","@id":"https:\/\/topanindustrial.com.ar\/shop\/producto\/anteojo-libus-ecoline-monolente-incoloro-af\/","url":"https:\/\/topanindustrial.com.ar\/shop\/producto\/anteojo-libus-ecoline-monolente-incoloro-af\/","name":"Anteojo Libus Ecoline monolente Incoloro AF - Topan Industrial","isPartOf":{"@id":"https:\/\/topanindustrial.com.ar\/shop\/#website"},"primaryImageOfPage":{"@id":"https:\/\/topanindustrial.com.ar\/shop\/producto\/anteojo-libus-ecoline-monolente-incoloro-af\/#primaryimage"},"image":{"@id":"https:\/\/topanindustrial.com.ar\/shop\/producto\/anteojo-libus-ecoline-monolente-incoloro-af\/#primaryimage"},"thumbnailUrl":"https:\/\/topanindustrial.com.ar\/shop\/wp-content\/uploads\/Anteojo-Libus-Ecoline-monolente-Incoloro-AF.png","datePublished":"2024-07-29T15:41:29+00:00","dateModified":"2024-08-09T14:13:43+00:00","breadcrumb":{"@id":"https:\/\/topanindustrial.com.ar\/shop\/producto\/anteojo-libus-ecoline-monolente-incoloro-af\/#breadcrumb"},"inLanguage":"es","potentialAction":[{"@type":"ReadAction","target":["https:\/\/topanindustrial.com.ar\/shop\/producto\/anteojo-libus-ecoline-monolente-incoloro-af\/"]}]},{"@type":"ImageObject","inLanguage":"es","@id":"https:\/\/topanindustrial.com.ar\/shop\/producto\/anteojo-libus-ecoline-monolente-incoloro-af\/#primaryimage","url":"https:\/\/topanindustrial.com.ar\/shop\/wp-content\/uploads\/Anteojo-Libus-Ecoline-monolente-Incoloro-AF.png","contentUrl":"https:\/\/topanindustrial.com.ar\/shop\/wp-content\/uploads\/Anteojo-Libus-Ecoline-monolente-Incoloro-AF.png","width":518,"height":519},{"@type":"BreadcrumbList","@id":"https:\/\/topanindustrial.com.ar\/shop\/producto\/anteojo-libus-ecoline-monolente-incoloro-af\/#breadcrumb","itemListElement":[{"@type":"ListItem","position":1,"name":"Portada","item":"https:\/\/topanindustrial.com.ar\/shop\/"},{"@type":"ListItem","position":2,"name":"Tienda","item":"https:\/\/topanindustrial.com.ar\/shop\/tienda\/"},{"@type":"ListItem","position":3,"name":"Anteojo Libus Ecoline monolente Incoloro AF"}]},{"@type":"WebSite","@id":"https:\/\/topanindustrial.com.ar\/shop\/#website","url":"https:\/\/topanindustrial.com.ar\/shop\/","name":"Topan Industrial","description":"Ropa de Trabajo, Canzado de seguridad y Elementos de Seguridad industrial.","publisher":{"@id":"https:\/\/topanindustrial.com.ar\/shop\/#organization"},"potentialAction":[{"@type":"SearchAction","target":{"@type":"EntryPoint","urlTemplate":"https:\/\/topanindustrial.com.ar\/shop\/?s={search_term_string}"},"query-input":{"@type":"PropertyValueSpecification","valueRequired":true,"valueName":"search_term_string"}}],"inLanguage":"es"},{"@type":"Organization","@id":"https:\/\/topanindustrial.com.ar\/shop\/#organization","name":"Topan Industrial","url":"https:\/\/topanindustrial.com.ar\/shop\/","logo":{"@type":"ImageObject","inLanguage":"es","@id":"https:\/\/topanindustrial.com.ar\/shop\/#\/schema\/logo\/image\/","url":"https:\/\/topanindustrial.com.ar\/shop\/wp-content\/uploads\/Logo-topan.png","contentUrl":"https:\/\/topanindustrial.com.ar\/shop\/wp-content\/uploads\/Logo-topan.png","width":552,"height":471,"caption":"Topan Industrial"},"image":{"@id":"https:\/\/topanindustrial.com.ar\/shop\/#\/schema\/logo\/image\/"},"sameAs":["https:\/\/www.facebook.com\/OMBUTOPAN"]}]}},"_links":{"self":[{"href":"https:\/\/topanindustrial.com.ar\/shop\/wp-json\/wp\/v2\/product\/1003","targetHints":{"allow":["GET"]}}],"collection":[{"href":"https:\/\/topanindustrial.com.ar\/shop\/wp-json\/wp\/v2\/product"}],"about":[{"href":"https:\/\/topanindustrial.com.ar\/shop\/wp-json\/wp\/v2\/types\/product"}],"wp:featuredmedia":[{"embeddable":true,"href":"https:\/\/topanindustrial.com.ar\/shop\/wp-json\/wp\/v2\/media\/1098"}],"wp:attachment":[{"href":"https:\/\/topanindustrial.com.ar\/shop\/wp-json\/wp\/v2\/media?parent=1003"}],"wp:term":[{"taxonomy":"product_brand","embeddable":true,"href":"https:\/\/topanindustrial.com.ar\/shop\/wp-json\/wp\/v2\/product_brand?post=1003"},{"taxonomy":"product_cat","embeddable":true,"href":"https:\/\/topanindustrial.com.ar\/shop\/wp-json\/wp\/v2\/product_cat?post=1003"},{"taxonomy":"product_tag","embeddable":true,"href":"https:\/\/topanindustrial.com.ar\/shop\/wp-json\/wp\/v2\/product_tag?post=1003"}],"curies":[{"name":"wp","href":"https:\/\/api.w.org\/{rel}","templated":true}]}}