{"id":1065,"date":"2024-07-30T13:02:29","date_gmt":"2024-07-30T13:02:29","guid":{"rendered":"https:\/\/topanindustrial.com.ar\/shop\/?post_type=product&#038;p=1065"},"modified":"2024-08-09T14:06:38","modified_gmt":"2024-08-09T14:06:38","slug":"cinta-antideslizante-25-mm-negra-para-piso-x-18-mts","status":"publish","type":"product","link":"https:\/\/topanindustrial.com.ar\/shop\/producto\/cinta-antideslizante-25-mm-negra-para-piso-x-18-mts\/","title":{"rendered":"Cinta Antideslizante 25 mm. negra para piso x 18 mts."},"content":{"rendered":"<p>Informaci\u00f3n Adicional<\/p>\n<p>Reduce considerablemente el peligro de accidentes por resbalones, gracias a la superficie de mineral abrasivo. Tiene una excelente resistencia al aceite y al agua. Se puede aplicar esta gran tira en exteriores e interiores.<\/p>\n<p>Intrucciones de Aplicaci\u00f3n:<br \/>\n* Limpie perfectamente la superficie, Si es necesario utilice alcohol como ultima acci\u00f3n limpiadora y desplazante de la humedad.<br \/>\n* Aseg\u00farese de que la superficie este completamente seca, antes de aplicar las tiras antideslizantes.<br \/>\n* Desprenda el papel protector comenzando por una de las orillas de la tira, col\u00f3quela firmemente sobre la superficie, contin\u00fae desprendiendo el papel protector y presione sobre la superficie de la tira de la orilla a orilla.<br \/>\n* Para una mejor adhesi\u00f3n del material, presione usando un rodillo o martillo de goma. Aseg\u00farese de que no queden burbujas de aire atrapadas, y que las orillas est\u00e9n bien pegadas.<br \/>\n* Esperar por lo menos 12 horas, antes de utilizar el \u00e1rea donde fueron aplicadas las tiras antideslizantes.<\/p>\n","protected":false},"excerpt":{"rendered":"<p>Cinta compuesta de minerales abrasivos. Las medidas son de rollos de 18m de largo x 25 mm. de ancho<\/p>\n","protected":false},"featured_media":1066,"template":"","meta":{"_joinchat":[]},"product_brand":[],"product_cat":[68,92],"product_tag":[113],"class_list":{"0":"post-1065","1":"product","2":"type-product","3":"status-publish","4":"has-post-thumbnail","6":"product_cat-elementos-seguridad","7":"product_cat-proteccion-industrial","8":"product_tag-cintas-antideslizantes","10":"first","11":"instock","12":"shipping-taxable","13":"purchasable","14":"product-type-simple","15":"add-to-wishlist-after_add_to_cart"},"yoast_head":"<!-- This site is optimized with the Yoast SEO plugin v25.2 - https:\/\/yoast.com\/wordpress\/plugins\/seo\/ -->\n<title>Cinta Antideslizante 25 mm. negra para piso x 18 mts. - Topan Industrial<\/title>\n<meta name=\"robots\" content=\"index, follow, max-snippet:-1, max-image-preview:large, max-video-preview:-1\" \/>\n<link rel=\"canonical\" href=\"https:\/\/topanindustrial.com.ar\/shop\/producto\/cinta-antideslizante-25-mm-negra-para-piso-x-18-mts\/\" \/>\n<meta property=\"og:locale\" content=\"es_ES\" \/>\n<meta property=\"og:type\" content=\"article\" \/>\n<meta property=\"og:title\" content=\"Cinta Antideslizante 25 mm. negra para piso x 18 mts. - Topan Industrial\" \/>\n<meta property=\"og:description\" content=\"Cinta compuesta de minerales abrasivos. Las medidas son de rollos de 18m de largo x 25 mm. de ancho\" \/>\n<meta property=\"og:url\" content=\"https:\/\/topanindustrial.com.ar\/shop\/producto\/cinta-antideslizante-25-mm-negra-para-piso-x-18-mts\/\" \/>\n<meta property=\"og:site_name\" content=\"Topan Industrial\" \/>\n<meta property=\"article:publisher\" content=\"https:\/\/www.facebook.com\/OMBUTOPAN\" \/>\n<meta property=\"article:modified_time\" content=\"2024-08-09T14:06:38+00:00\" \/>\n<meta property=\"og:image\" content=\"https:\/\/topanindustrial.com.ar\/shop\/wp-content\/uploads\/cinta-antideslizante-negra.png\" \/>\n\t<meta property=\"og:image:width\" content=\"445\" \/>\n\t<meta property=\"og:image:height\" content=\"445\" \/>\n\t<meta property=\"og:image:type\" content=\"image\/png\" \/>\n<meta name=\"twitter:card\" content=\"summary_large_image\" \/>\n<meta name=\"twitter:label1\" content=\"Tiempo de lectura\" \/>\n\t<meta name=\"twitter:data1\" content=\"1 minuto\" \/>\n<script type=\"application\/ld+json\" class=\"yoast-schema-graph\">{\"@context\":\"https:\/\/schema.org\",\"@graph\":[{\"@type\":\"WebPage\",\"@id\":\"https:\/\/topanindustrial.com.ar\/shop\/producto\/cinta-antideslizante-25-mm-negra-para-piso-x-18-mts\/\",\"url\":\"https:\/\/topanindustrial.com.ar\/shop\/producto\/cinta-antideslizante-25-mm-negra-para-piso-x-18-mts\/\",\"name\":\"Cinta Antideslizante 25 mm. negra para piso x 18 mts. - Topan Industrial\",\"isPartOf\":{\"@id\":\"https:\/\/topanindustrial.com.ar\/shop\/#website\"},\"primaryImageOfPage\":{\"@id\":\"https:\/\/topanindustrial.com.ar\/shop\/producto\/cinta-antideslizante-25-mm-negra-para-piso-x-18-mts\/#primaryimage\"},\"image\":{\"@id\":\"https:\/\/topanindustrial.com.ar\/shop\/producto\/cinta-antideslizante-25-mm-negra-para-piso-x-18-mts\/#primaryimage\"},\"thumbnailUrl\":\"https:\/\/topanindustrial.com.ar\/shop\/wp-content\/uploads\/cinta-antideslizante-negra.png\",\"datePublished\":\"2024-07-30T13:02:29+00:00\",\"dateModified\":\"2024-08-09T14:06:38+00:00\",\"breadcrumb\":{\"@id\":\"https:\/\/topanindustrial.com.ar\/shop\/producto\/cinta-antideslizante-25-mm-negra-para-piso-x-18-mts\/#breadcrumb\"},\"inLanguage\":\"es\",\"potentialAction\":[{\"@type\":\"ReadAction\",\"target\":[\"https:\/\/topanindustrial.com.ar\/shop\/producto\/cinta-antideslizante-25-mm-negra-para-piso-x-18-mts\/\"]}]},{\"@type\":\"ImageObject\",\"inLanguage\":\"es\",\"@id\":\"https:\/\/topanindustrial.com.ar\/shop\/producto\/cinta-antideslizante-25-mm-negra-para-piso-x-18-mts\/#primaryimage\",\"url\":\"https:\/\/topanindustrial.com.ar\/shop\/wp-content\/uploads\/cinta-antideslizante-negra.png\",\"contentUrl\":\"https:\/\/topanindustrial.com.ar\/shop\/wp-content\/uploads\/cinta-antideslizante-negra.png\",\"width\":445,\"height\":445},{\"@type\":\"BreadcrumbList\",\"@id\":\"https:\/\/topanindustrial.com.ar\/shop\/producto\/cinta-antideslizante-25-mm-negra-para-piso-x-18-mts\/#breadcrumb\",\"itemListElement\":[{\"@type\":\"ListItem\",\"position\":1,\"name\":\"Portada\",\"item\":\"https:\/\/topanindustrial.com.ar\/shop\/\"},{\"@type\":\"ListItem\",\"position\":2,\"name\":\"Tienda\",\"item\":\"https:\/\/topanindustrial.com.ar\/shop\/tienda\/\"},{\"@type\":\"ListItem\",\"position\":3,\"name\":\"Cinta Antideslizante 25 mm. negra para piso x 18 mts.\"}]},{\"@type\":\"WebSite\",\"@id\":\"https:\/\/topanindustrial.com.ar\/shop\/#website\",\"url\":\"https:\/\/topanindustrial.com.ar\/shop\/\",\"name\":\"Topan Industrial\",\"description\":\"Ropa de Trabajo, Canzado de seguridad y Elementos de Seguridad industrial.\",\"publisher\":{\"@id\":\"https:\/\/topanindustrial.com.ar\/shop\/#organization\"},\"potentialAction\":[{\"@type\":\"SearchAction\",\"target\":{\"@type\":\"EntryPoint\",\"urlTemplate\":\"https:\/\/topanindustrial.com.ar\/shop\/?s={search_term_string}\"},\"query-input\":{\"@type\":\"PropertyValueSpecification\",\"valueRequired\":true,\"valueName\":\"search_term_string\"}}],\"inLanguage\":\"es\"},{\"@type\":\"Organization\",\"@id\":\"https:\/\/topanindustrial.com.ar\/shop\/#organization\",\"name\":\"Topan Industrial\",\"url\":\"https:\/\/topanindustrial.com.ar\/shop\/\",\"logo\":{\"@type\":\"ImageObject\",\"inLanguage\":\"es\",\"@id\":\"https:\/\/topanindustrial.com.ar\/shop\/#\/schema\/logo\/image\/\",\"url\":\"https:\/\/topanindustrial.com.ar\/shop\/wp-content\/uploads\/Logo-topan.png\",\"contentUrl\":\"https:\/\/topanindustrial.com.ar\/shop\/wp-content\/uploads\/Logo-topan.png\",\"width\":552,\"height\":471,\"caption\":\"Topan Industrial\"},\"image\":{\"@id\":\"https:\/\/topanindustrial.com.ar\/shop\/#\/schema\/logo\/image\/\"},\"sameAs\":[\"https:\/\/www.facebook.com\/OMBUTOPAN\"]}]}<\/script>\n<!-- \/ Yoast SEO plugin. -->","yoast_head_json":{"title":"Cinta Antideslizante 25 mm. negra para piso x 18 mts. - Topan Industrial","robots":{"index":"index","follow":"follow","max-snippet":"max-snippet:-1","max-image-preview":"max-image-preview:large","max-video-preview":"max-video-preview:-1"},"canonical":"https:\/\/topanindustrial.com.ar\/shop\/producto\/cinta-antideslizante-25-mm-negra-para-piso-x-18-mts\/","og_locale":"es_ES","og_type":"article","og_title":"Cinta Antideslizante 25 mm. negra para piso x 18 mts. - Topan Industrial","og_description":"Cinta compuesta de minerales abrasivos. Las medidas son de rollos de 18m de largo x 25 mm. de ancho","og_url":"https:\/\/topanindustrial.com.ar\/shop\/producto\/cinta-antideslizante-25-mm-negra-para-piso-x-18-mts\/","og_site_name":"Topan Industrial","article_publisher":"https:\/\/www.facebook.com\/OMBUTOPAN","article_modified_time":"2024-08-09T14:06:38+00:00","og_image":[{"width":445,"height":445,"url":"https:\/\/topanindustrial.com.ar\/shop\/wp-content\/uploads\/cinta-antideslizante-negra.png","type":"image\/png"}],"twitter_card":"summary_large_image","twitter_misc":{"Tiempo de lectura":"1 minuto"},"schema":{"@context":"https:\/\/schema.org","@graph":[{"@type":"WebPage","@id":"https:\/\/topanindustrial.com.ar\/shop\/producto\/cinta-antideslizante-25-mm-negra-para-piso-x-18-mts\/","url":"https:\/\/topanindustrial.com.ar\/shop\/producto\/cinta-antideslizante-25-mm-negra-para-piso-x-18-mts\/","name":"Cinta Antideslizante 25 mm. negra para piso x 18 mts. - Topan Industrial","isPartOf":{"@id":"https:\/\/topanindustrial.com.ar\/shop\/#website"},"primaryImageOfPage":{"@id":"https:\/\/topanindustrial.com.ar\/shop\/producto\/cinta-antideslizante-25-mm-negra-para-piso-x-18-mts\/#primaryimage"},"image":{"@id":"https:\/\/topanindustrial.com.ar\/shop\/producto\/cinta-antideslizante-25-mm-negra-para-piso-x-18-mts\/#primaryimage"},"thumbnailUrl":"https:\/\/topanindustrial.com.ar\/shop\/wp-content\/uploads\/cinta-antideslizante-negra.png","datePublished":"2024-07-30T13:02:29+00:00","dateModified":"2024-08-09T14:06:38+00:00","breadcrumb":{"@id":"https:\/\/topanindustrial.com.ar\/shop\/producto\/cinta-antideslizante-25-mm-negra-para-piso-x-18-mts\/#breadcrumb"},"inLanguage":"es","potentialAction":[{"@type":"ReadAction","target":["https:\/\/topanindustrial.com.ar\/shop\/producto\/cinta-antideslizante-25-mm-negra-para-piso-x-18-mts\/"]}]},{"@type":"ImageObject","inLanguage":"es","@id":"https:\/\/topanindustrial.com.ar\/shop\/producto\/cinta-antideslizante-25-mm-negra-para-piso-x-18-mts\/#primaryimage","url":"https:\/\/topanindustrial.com.ar\/shop\/wp-content\/uploads\/cinta-antideslizante-negra.png","contentUrl":"https:\/\/topanindustrial.com.ar\/shop\/wp-content\/uploads\/cinta-antideslizante-negra.png","width":445,"height":445},{"@type":"BreadcrumbList","@id":"https:\/\/topanindustrial.com.ar\/shop\/producto\/cinta-antideslizante-25-mm-negra-para-piso-x-18-mts\/#breadcrumb","itemListElement":[{"@type":"ListItem","position":1,"name":"Portada","item":"https:\/\/topanindustrial.com.ar\/shop\/"},{"@type":"ListItem","position":2,"name":"Tienda","item":"https:\/\/topanindustrial.com.ar\/shop\/tienda\/"},{"@type":"ListItem","position":3,"name":"Cinta Antideslizante 25 mm. negra para piso x 18 mts."}]},{"@type":"WebSite","@id":"https:\/\/topanindustrial.com.ar\/shop\/#website","url":"https:\/\/topanindustrial.com.ar\/shop\/","name":"Topan Industrial","description":"Ropa de Trabajo, Canzado de seguridad y Elementos de Seguridad industrial.","publisher":{"@id":"https:\/\/topanindustrial.com.ar\/shop\/#organization"},"potentialAction":[{"@type":"SearchAction","target":{"@type":"EntryPoint","urlTemplate":"https:\/\/topanindustrial.com.ar\/shop\/?s={search_term_string}"},"query-input":{"@type":"PropertyValueSpecification","valueRequired":true,"valueName":"search_term_string"}}],"inLanguage":"es"},{"@type":"Organization","@id":"https:\/\/topanindustrial.com.ar\/shop\/#organization","name":"Topan Industrial","url":"https:\/\/topanindustrial.com.ar\/shop\/","logo":{"@type":"ImageObject","inLanguage":"es","@id":"https:\/\/topanindustrial.com.ar\/shop\/#\/schema\/logo\/image\/","url":"https:\/\/topanindustrial.com.ar\/shop\/wp-content\/uploads\/Logo-topan.png","contentUrl":"https:\/\/topanindustrial.com.ar\/shop\/wp-content\/uploads\/Logo-topan.png","width":552,"height":471,"caption":"Topan Industrial"},"image":{"@id":"https:\/\/topanindustrial.com.ar\/shop\/#\/schema\/logo\/image\/"},"sameAs":["https:\/\/www.facebook.com\/OMBUTOPAN"]}]}},"_links":{"self":[{"href":"https:\/\/topanindustrial.com.ar\/shop\/wp-json\/wp\/v2\/product\/1065","targetHints":{"allow":["GET"]}}],"collection":[{"href":"https:\/\/topanindustrial.com.ar\/shop\/wp-json\/wp\/v2\/product"}],"about":[{"href":"https:\/\/topanindustrial.com.ar\/shop\/wp-json\/wp\/v2\/types\/product"}],"wp:featuredmedia":[{"embeddable":true,"href":"https:\/\/topanindustrial.com.ar\/shop\/wp-json\/wp\/v2\/media\/1066"}],"wp:attachment":[{"href":"https:\/\/topanindustrial.com.ar\/shop\/wp-json\/wp\/v2\/media?parent=1065"}],"wp:term":[{"taxonomy":"product_brand","embeddable":true,"href":"https:\/\/topanindustrial.com.ar\/shop\/wp-json\/wp\/v2\/product_brand?post=1065"},{"taxonomy":"product_cat","embeddable":true,"href":"https:\/\/topanindustrial.com.ar\/shop\/wp-json\/wp\/v2\/product_cat?post=1065"},{"taxonomy":"product_tag","embeddable":true,"href":"https:\/\/topanindustrial.com.ar\/shop\/wp-json\/wp\/v2\/product_tag?post=1065"}],"curies":[{"name":"wp","href":"https:\/\/api.w.org\/{rel}","templated":true}]}}