{"id":1078,"date":"2024-07-30T13:36:59","date_gmt":"2024-07-30T13:36:59","guid":{"rendered":"https:\/\/topanindustrial.com.ar\/shop\/?post_type=product&#038;p=1078"},"modified":"2024-08-09T14:04:26","modified_gmt":"2024-08-09T14:04:26","slug":"arnes-facial-libus-burbuja-frentera-con-cremallera","status":"publish","type":"product","link":"https:\/\/topanindustrial.com.ar\/shop\/producto\/arnes-facial-libus-burbuja-frentera-con-cremallera\/","title":{"rendered":"Arnes Facial Libus Burbuja Frentera con cremallera"},"content":{"rendered":"<p>Facial Libus Burbuja Frentera con cremallera:<\/p>\n<p>CARACTER\u00cdSTICAS:<br \/>\nProvisto con visera de seguridad: -5 botones de anclaje universal del visor \/ malla. -3 posiciones de inclinaci\u00f3n Mecanismo a cremallera con perilla reguladora para un ajuste continuo de tama\u00f1o. Permite hacerlo con la protecci\u00f3n colocada en la cabeza. Suspensi\u00f3n pl\u00e1stica inyectada con sistema pin-lock de 7 posi\u00adciones para regulaci\u00f3n de luz vertical. Banda frontal en tela sint\u00e9tica acolchada absorbente de la trans\u00adpiraci\u00f3n (sudadera); desmontable y lavable. Banda espumada en la zona de nuca (mecanismo).<\/p>\n<p>APLICACIONES:<br \/>\n\u2022Siderurgia<br \/>\n\u2022Miner\u00eda<br \/>\n\u2022Construcci\u00f3n<br \/>\n\u2022Centrales y distribuci\u00f3n El\u00e9ctrica<br \/>\n\u2022Gas y petr\u00f3leo<br \/>\n\u2022Nuclear<br \/>\n\u2022Papelera<br \/>\n\u2022Qu\u00edmica<br \/>\n\u2022Log\u00edstica<br \/>\n\u2022Naviera<br \/>\n\u2022Agro<br \/>\n\u2022Entes estatales<br \/>\n\u2022Frigor\u00edficos<br \/>\n\u2022Alimentos<br \/>\n\u2022Electr\u00f3nica<br \/>\n\u2022Automotriz<\/p>\n<p>CERTIFICACIONES:<br \/>\nANSI S3.19 \u2013 1974<br \/>\nEN 352-2:2002<\/p>\n","protected":false},"excerpt":{"rendered":"<p>Arn\u00e9s Dise\u00f1ado para montar distintos tipos de pantallas faciales (visores, mallas) y usarlo individualmente. Apto para actividades d\u00f3nde NO es requerida protecci\u00f3n craneana. Sistema articulado para rebatir la pantalla facial y ajustar el calce del arn\u00e9s a la nuca.<\/p>\n","protected":false},"featured_media":1079,"template":"","meta":{"_joinchat":[]},"product_brand":[],"product_cat":[68,75],"product_tag":[115,91],"class_list":{"0":"post-1078","1":"product","2":"type-product","3":"status-publish","4":"has-post-thumbnail","6":"product_cat-elementos-seguridad","7":"product_cat-proteccion-craneana","8":"product_tag-faciales","9":"product_tag-libus","11":"first","12":"instock","13":"shipping-taxable","14":"purchasable","15":"product-type-simple","16":"add-to-wishlist-after_add_to_cart"},"yoast_head":"<!-- This site is optimized with the Yoast SEO plugin v25.2 - https:\/\/yoast.com\/wordpress\/plugins\/seo\/ -->\n<title>Arnes Facial Libus Burbuja Frentera con cremallera - Topan Industrial<\/title>\n<meta name=\"robots\" content=\"index, follow, max-snippet:-1, max-image-preview:large, max-video-preview:-1\" \/>\n<link rel=\"canonical\" href=\"https:\/\/topanindustrial.com.ar\/shop\/producto\/arnes-facial-libus-burbuja-frentera-con-cremallera\/\" \/>\n<meta property=\"og:locale\" content=\"es_ES\" \/>\n<meta property=\"og:type\" content=\"article\" \/>\n<meta property=\"og:title\" content=\"Arnes Facial Libus Burbuja Frentera con cremallera - Topan Industrial\" \/>\n<meta property=\"og:description\" content=\"Arn\u00e9s Dise\u00f1ado para montar distintos tipos de pantallas faciales (visores, mallas) y usarlo individualmente. Apto para actividades d\u00f3nde NO es requerida protecci\u00f3n craneana. Sistema articulado para rebatir la pantalla facial y ajustar el calce del arn\u00e9s a la nuca.\" \/>\n<meta property=\"og:url\" content=\"https:\/\/topanindustrial.com.ar\/shop\/producto\/arnes-facial-libus-burbuja-frentera-con-cremallera\/\" \/>\n<meta property=\"og:site_name\" content=\"Topan Industrial\" \/>\n<meta property=\"article:publisher\" content=\"https:\/\/www.facebook.com\/OMBUTOPAN\" \/>\n<meta property=\"article:modified_time\" content=\"2024-08-09T14:04:26+00:00\" \/>\n<meta property=\"og:image\" content=\"https:\/\/topanindustrial.com.ar\/shop\/wp-content\/uploads\/arnes-facial-libus-burbuja-frontera.png\" \/>\n\t<meta property=\"og:image:width\" content=\"519\" \/>\n\t<meta property=\"og:image:height\" content=\"512\" \/>\n\t<meta property=\"og:image:type\" content=\"image\/png\" \/>\n<meta name=\"twitter:card\" content=\"summary_large_image\" \/>\n<meta name=\"twitter:label1\" content=\"Tiempo de lectura\" \/>\n\t<meta name=\"twitter:data1\" content=\"1 minuto\" \/>\n<script type=\"application\/ld+json\" class=\"yoast-schema-graph\">{\"@context\":\"https:\/\/schema.org\",\"@graph\":[{\"@type\":\"WebPage\",\"@id\":\"https:\/\/topanindustrial.com.ar\/shop\/producto\/arnes-facial-libus-burbuja-frentera-con-cremallera\/\",\"url\":\"https:\/\/topanindustrial.com.ar\/shop\/producto\/arnes-facial-libus-burbuja-frentera-con-cremallera\/\",\"name\":\"Arnes Facial Libus Burbuja Frentera con cremallera - Topan Industrial\",\"isPartOf\":{\"@id\":\"https:\/\/topanindustrial.com.ar\/shop\/#website\"},\"primaryImageOfPage\":{\"@id\":\"https:\/\/topanindustrial.com.ar\/shop\/producto\/arnes-facial-libus-burbuja-frentera-con-cremallera\/#primaryimage\"},\"image\":{\"@id\":\"https:\/\/topanindustrial.com.ar\/shop\/producto\/arnes-facial-libus-burbuja-frentera-con-cremallera\/#primaryimage\"},\"thumbnailUrl\":\"https:\/\/topanindustrial.com.ar\/shop\/wp-content\/uploads\/arnes-facial-libus-burbuja-frontera.png\",\"datePublished\":\"2024-07-30T13:36:59+00:00\",\"dateModified\":\"2024-08-09T14:04:26+00:00\",\"breadcrumb\":{\"@id\":\"https:\/\/topanindustrial.com.ar\/shop\/producto\/arnes-facial-libus-burbuja-frentera-con-cremallera\/#breadcrumb\"},\"inLanguage\":\"es\",\"potentialAction\":[{\"@type\":\"ReadAction\",\"target\":[\"https:\/\/topanindustrial.com.ar\/shop\/producto\/arnes-facial-libus-burbuja-frentera-con-cremallera\/\"]}]},{\"@type\":\"ImageObject\",\"inLanguage\":\"es\",\"@id\":\"https:\/\/topanindustrial.com.ar\/shop\/producto\/arnes-facial-libus-burbuja-frentera-con-cremallera\/#primaryimage\",\"url\":\"https:\/\/topanindustrial.com.ar\/shop\/wp-content\/uploads\/arnes-facial-libus-burbuja-frontera.png\",\"contentUrl\":\"https:\/\/topanindustrial.com.ar\/shop\/wp-content\/uploads\/arnes-facial-libus-burbuja-frontera.png\",\"width\":519,\"height\":512},{\"@type\":\"BreadcrumbList\",\"@id\":\"https:\/\/topanindustrial.com.ar\/shop\/producto\/arnes-facial-libus-burbuja-frentera-con-cremallera\/#breadcrumb\",\"itemListElement\":[{\"@type\":\"ListItem\",\"position\":1,\"name\":\"Portada\",\"item\":\"https:\/\/topanindustrial.com.ar\/shop\/\"},{\"@type\":\"ListItem\",\"position\":2,\"name\":\"Tienda\",\"item\":\"https:\/\/topanindustrial.com.ar\/shop\/tienda\/\"},{\"@type\":\"ListItem\",\"position\":3,\"name\":\"Arnes Facial Libus Burbuja Frentera con cremallera\"}]},{\"@type\":\"WebSite\",\"@id\":\"https:\/\/topanindustrial.com.ar\/shop\/#website\",\"url\":\"https:\/\/topanindustrial.com.ar\/shop\/\",\"name\":\"Topan Industrial\",\"description\":\"Ropa de Trabajo, Canzado de seguridad y Elementos de Seguridad industrial.\",\"publisher\":{\"@id\":\"https:\/\/topanindustrial.com.ar\/shop\/#organization\"},\"potentialAction\":[{\"@type\":\"SearchAction\",\"target\":{\"@type\":\"EntryPoint\",\"urlTemplate\":\"https:\/\/topanindustrial.com.ar\/shop\/?s={search_term_string}\"},\"query-input\":{\"@type\":\"PropertyValueSpecification\",\"valueRequired\":true,\"valueName\":\"search_term_string\"}}],\"inLanguage\":\"es\"},{\"@type\":\"Organization\",\"@id\":\"https:\/\/topanindustrial.com.ar\/shop\/#organization\",\"name\":\"Topan Industrial\",\"url\":\"https:\/\/topanindustrial.com.ar\/shop\/\",\"logo\":{\"@type\":\"ImageObject\",\"inLanguage\":\"es\",\"@id\":\"https:\/\/topanindustrial.com.ar\/shop\/#\/schema\/logo\/image\/\",\"url\":\"https:\/\/topanindustrial.com.ar\/shop\/wp-content\/uploads\/Logo-topan.png\",\"contentUrl\":\"https:\/\/topanindustrial.com.ar\/shop\/wp-content\/uploads\/Logo-topan.png\",\"width\":552,\"height\":471,\"caption\":\"Topan Industrial\"},\"image\":{\"@id\":\"https:\/\/topanindustrial.com.ar\/shop\/#\/schema\/logo\/image\/\"},\"sameAs\":[\"https:\/\/www.facebook.com\/OMBUTOPAN\"]}]}<\/script>\n<!-- \/ Yoast SEO plugin. -->","yoast_head_json":{"title":"Arnes Facial Libus Burbuja Frentera con cremallera - Topan Industrial","robots":{"index":"index","follow":"follow","max-snippet":"max-snippet:-1","max-image-preview":"max-image-preview:large","max-video-preview":"max-video-preview:-1"},"canonical":"https:\/\/topanindustrial.com.ar\/shop\/producto\/arnes-facial-libus-burbuja-frentera-con-cremallera\/","og_locale":"es_ES","og_type":"article","og_title":"Arnes Facial Libus Burbuja Frentera con cremallera - Topan Industrial","og_description":"Arn\u00e9s Dise\u00f1ado para montar distintos tipos de pantallas faciales (visores, mallas) y usarlo individualmente. Apto para actividades d\u00f3nde NO es requerida protecci\u00f3n craneana. Sistema articulado para rebatir la pantalla facial y ajustar el calce del arn\u00e9s a la nuca.","og_url":"https:\/\/topanindustrial.com.ar\/shop\/producto\/arnes-facial-libus-burbuja-frentera-con-cremallera\/","og_site_name":"Topan Industrial","article_publisher":"https:\/\/www.facebook.com\/OMBUTOPAN","article_modified_time":"2024-08-09T14:04:26+00:00","og_image":[{"width":519,"height":512,"url":"https:\/\/topanindustrial.com.ar\/shop\/wp-content\/uploads\/arnes-facial-libus-burbuja-frontera.png","type":"image\/png"}],"twitter_card":"summary_large_image","twitter_misc":{"Tiempo de lectura":"1 minuto"},"schema":{"@context":"https:\/\/schema.org","@graph":[{"@type":"WebPage","@id":"https:\/\/topanindustrial.com.ar\/shop\/producto\/arnes-facial-libus-burbuja-frentera-con-cremallera\/","url":"https:\/\/topanindustrial.com.ar\/shop\/producto\/arnes-facial-libus-burbuja-frentera-con-cremallera\/","name":"Arnes Facial Libus Burbuja Frentera con cremallera - Topan Industrial","isPartOf":{"@id":"https:\/\/topanindustrial.com.ar\/shop\/#website"},"primaryImageOfPage":{"@id":"https:\/\/topanindustrial.com.ar\/shop\/producto\/arnes-facial-libus-burbuja-frentera-con-cremallera\/#primaryimage"},"image":{"@id":"https:\/\/topanindustrial.com.ar\/shop\/producto\/arnes-facial-libus-burbuja-frentera-con-cremallera\/#primaryimage"},"thumbnailUrl":"https:\/\/topanindustrial.com.ar\/shop\/wp-content\/uploads\/arnes-facial-libus-burbuja-frontera.png","datePublished":"2024-07-30T13:36:59+00:00","dateModified":"2024-08-09T14:04:26+00:00","breadcrumb":{"@id":"https:\/\/topanindustrial.com.ar\/shop\/producto\/arnes-facial-libus-burbuja-frentera-con-cremallera\/#breadcrumb"},"inLanguage":"es","potentialAction":[{"@type":"ReadAction","target":["https:\/\/topanindustrial.com.ar\/shop\/producto\/arnes-facial-libus-burbuja-frentera-con-cremallera\/"]}]},{"@type":"ImageObject","inLanguage":"es","@id":"https:\/\/topanindustrial.com.ar\/shop\/producto\/arnes-facial-libus-burbuja-frentera-con-cremallera\/#primaryimage","url":"https:\/\/topanindustrial.com.ar\/shop\/wp-content\/uploads\/arnes-facial-libus-burbuja-frontera.png","contentUrl":"https:\/\/topanindustrial.com.ar\/shop\/wp-content\/uploads\/arnes-facial-libus-burbuja-frontera.png","width":519,"height":512},{"@type":"BreadcrumbList","@id":"https:\/\/topanindustrial.com.ar\/shop\/producto\/arnes-facial-libus-burbuja-frentera-con-cremallera\/#breadcrumb","itemListElement":[{"@type":"ListItem","position":1,"name":"Portada","item":"https:\/\/topanindustrial.com.ar\/shop\/"},{"@type":"ListItem","position":2,"name":"Tienda","item":"https:\/\/topanindustrial.com.ar\/shop\/tienda\/"},{"@type":"ListItem","position":3,"name":"Arnes Facial Libus Burbuja Frentera con cremallera"}]},{"@type":"WebSite","@id":"https:\/\/topanindustrial.com.ar\/shop\/#website","url":"https:\/\/topanindustrial.com.ar\/shop\/","name":"Topan Industrial","description":"Ropa de Trabajo, Canzado de seguridad y Elementos de Seguridad industrial.","publisher":{"@id":"https:\/\/topanindustrial.com.ar\/shop\/#organization"},"potentialAction":[{"@type":"SearchAction","target":{"@type":"EntryPoint","urlTemplate":"https:\/\/topanindustrial.com.ar\/shop\/?s={search_term_string}"},"query-input":{"@type":"PropertyValueSpecification","valueRequired":true,"valueName":"search_term_string"}}],"inLanguage":"es"},{"@type":"Organization","@id":"https:\/\/topanindustrial.com.ar\/shop\/#organization","name":"Topan Industrial","url":"https:\/\/topanindustrial.com.ar\/shop\/","logo":{"@type":"ImageObject","inLanguage":"es","@id":"https:\/\/topanindustrial.com.ar\/shop\/#\/schema\/logo\/image\/","url":"https:\/\/topanindustrial.com.ar\/shop\/wp-content\/uploads\/Logo-topan.png","contentUrl":"https:\/\/topanindustrial.com.ar\/shop\/wp-content\/uploads\/Logo-topan.png","width":552,"height":471,"caption":"Topan Industrial"},"image":{"@id":"https:\/\/topanindustrial.com.ar\/shop\/#\/schema\/logo\/image\/"},"sameAs":["https:\/\/www.facebook.com\/OMBUTOPAN"]}]}},"_links":{"self":[{"href":"https:\/\/topanindustrial.com.ar\/shop\/wp-json\/wp\/v2\/product\/1078","targetHints":{"allow":["GET"]}}],"collection":[{"href":"https:\/\/topanindustrial.com.ar\/shop\/wp-json\/wp\/v2\/product"}],"about":[{"href":"https:\/\/topanindustrial.com.ar\/shop\/wp-json\/wp\/v2\/types\/product"}],"wp:featuredmedia":[{"embeddable":true,"href":"https:\/\/topanindustrial.com.ar\/shop\/wp-json\/wp\/v2\/media\/1079"}],"wp:attachment":[{"href":"https:\/\/topanindustrial.com.ar\/shop\/wp-json\/wp\/v2\/media?parent=1078"}],"wp:term":[{"taxonomy":"product_brand","embeddable":true,"href":"https:\/\/topanindustrial.com.ar\/shop\/wp-json\/wp\/v2\/product_brand?post=1078"},{"taxonomy":"product_cat","embeddable":true,"href":"https:\/\/topanindustrial.com.ar\/shop\/wp-json\/wp\/v2\/product_cat?post=1078"},{"taxonomy":"product_tag","embeddable":true,"href":"https:\/\/topanindustrial.com.ar\/shop\/wp-json\/wp\/v2\/product_tag?post=1078"}],"curies":[{"name":"wp","href":"https:\/\/api.w.org\/{rel}","templated":true}]}}