{"id":1088,"date":"2024-07-30T14:08:18","date_gmt":"2024-07-30T14:08:18","guid":{"rendered":"https:\/\/topanindustrial.com.ar\/shop\/?post_type=product&#038;p=1088"},"modified":"2024-08-09T14:00:57","modified_gmt":"2024-08-09T14:00:57","slug":"mentonera-libus-para-casco-libus-con-logo-15-mm-con-gancho","status":"publish","type":"product","link":"https:\/\/topanindustrial.com.ar\/shop\/producto\/mentonera-libus-para-casco-libus-con-logo-15-mm-con-gancho\/","title":{"rendered":"Mentonera Libus para Casco libus con logo 15 mm. con gancho"},"content":{"rendered":"<p>Mentonera para Casco libus 902003:<\/p>\n<p>Barbijo textil con mentonera pl\u00e1stica Libus, 2 reguladores de ajuste lateral y anclaje para casco con hebillas fusibles.<\/p>\n<p>CARACTER\u00cdSTICAS<br \/>\nAPLICACIONES<br \/>\nCERTIFICACIONES<br \/>\n\u2022Mentonera Cl\u00e1sica Pieza de ment\u00f3n ergon\u00f3mica inyectada.<br \/>\n\u2022Banda elastizada de 10 o 20 mm seg\u00fan modelo.<br \/>\n\u2022Regulaci\u00f3n en ambos laterales mediante hebilla pl\u00e1stica. Anclaje al casco con gancho pl\u00e1stico tipo fusible o abierto seg\u00fan modelo.<br \/>\n\u2022Dise\u00f1ados para soltarse ante una situaci\u00f3n que lo requiera, evitando el estrangulamiento. No tiene piezas met\u00e1licas por lo que no altera la clasificaci\u00f3n diel\u00e9ctrica del casco.<br \/>\n\u2022Siderurgia<br \/>\n\u2022Miner\u00eda<br \/>\n\u2022Construcci\u00f3n<br \/>\n\u2022Centrales y distribuci\u00f3n El\u00e9ctrica<br \/>\n\u2022Gas y petr\u00f3leo<br \/>\n\u2022Nuclear<br \/>\n\u2022Papelera<br \/>\n\u2022Qu\u00edmica<br \/>\n\u2022Log\u00edstica<br \/>\n\u2022Naviera<br \/>\n\u2022Agro<br \/>\n\u2022Entes estatales<br \/>\nANSI S3.19 \u2013 1974<br \/>\nEN 352-2:2002<\/p>\n","protected":false},"excerpt":{"rendered":"<p>Mentonera para Casco libus 902003: Barbijo textil con mentonera pl\u00e1stica Libus, 2 reguladores de ajuste lateral y anclaje para casco con hebillas fusibles. CARACTER\u00cdSTICAS APLICACIONES CERTIFICACIONES \u2022Mentonera Cl\u00e1sica Pieza de ment\u00f3n ergon\u00f3mica inyectada. \u2022Banda elastizada de 10 o 20 mm seg\u00fan modelo. \u2022Regulaci\u00f3n en ambos laterales mediante hebilla pl\u00e1stica. Anclaje al casco con gancho pl\u00e1stico [&#8230;]\n","protected":false},"featured_media":1089,"template":"","meta":{"_joinchat":[]},"product_brand":[],"product_cat":[68,75],"product_tag":[116,91],"class_list":{"0":"post-1088","1":"product","2":"type-product","3":"status-publish","4":"has-post-thumbnail","6":"product_cat-elementos-seguridad","7":"product_cat-proteccion-craneana","8":"product_tag-cascos","9":"product_tag-libus","11":"first","12":"instock","13":"shipping-taxable","14":"purchasable","15":"product-type-simple","16":"add-to-wishlist-after_add_to_cart"},"yoast_head":"<!-- This site is optimized with the Yoast SEO plugin v25.2 - https:\/\/yoast.com\/wordpress\/plugins\/seo\/ -->\n<title>Mentonera Libus para Casco libus con logo 15 mm. con gancho - Topan Industrial<\/title>\n<meta name=\"robots\" content=\"index, follow, max-snippet:-1, max-image-preview:large, max-video-preview:-1\" \/>\n<link rel=\"canonical\" href=\"https:\/\/topanindustrial.com.ar\/shop\/producto\/mentonera-libus-para-casco-libus-con-logo-15-mm-con-gancho\/\" \/>\n<meta property=\"og:locale\" content=\"es_ES\" \/>\n<meta property=\"og:type\" content=\"article\" \/>\n<meta property=\"og:title\" content=\"Mentonera Libus para Casco libus con logo 15 mm. con gancho - Topan Industrial\" \/>\n<meta property=\"og:description\" content=\"Mentonera para Casco libus 902003: Barbijo textil con mentonera pl\u00e1stica Libus, 2 reguladores de ajuste lateral y anclaje para casco con hebillas fusibles. CARACTER\u00cdSTICAS APLICACIONES CERTIFICACIONES \u2022Mentonera Cl\u00e1sica Pieza de ment\u00f3n ergon\u00f3mica inyectada. \u2022Banda elastizada de 10 o 20 mm seg\u00fan modelo. \u2022Regulaci\u00f3n en ambos laterales mediante hebilla pl\u00e1stica. Anclaje al casco con gancho pl\u00e1stico [...]\" \/>\n<meta property=\"og:url\" content=\"https:\/\/topanindustrial.com.ar\/shop\/producto\/mentonera-libus-para-casco-libus-con-logo-15-mm-con-gancho\/\" \/>\n<meta property=\"og:site_name\" content=\"Topan Industrial\" \/>\n<meta property=\"article:publisher\" content=\"https:\/\/www.facebook.com\/OMBUTOPAN\" \/>\n<meta property=\"article:modified_time\" content=\"2024-08-09T14:00:57+00:00\" \/>\n<meta property=\"og:image\" content=\"https:\/\/topanindustrial.com.ar\/shop\/wp-content\/uploads\/mentora-libus-para-casco.png\" \/>\n\t<meta property=\"og:image:width\" content=\"711\" \/>\n\t<meta property=\"og:image:height\" content=\"512\" \/>\n\t<meta property=\"og:image:type\" content=\"image\/png\" \/>\n<meta name=\"twitter:card\" content=\"summary_large_image\" \/>\n<meta name=\"twitter:label1\" content=\"Tiempo de lectura\" \/>\n\t<meta name=\"twitter:data1\" content=\"1 minuto\" \/>\n<script type=\"application\/ld+json\" class=\"yoast-schema-graph\">{\"@context\":\"https:\/\/schema.org\",\"@graph\":[{\"@type\":\"WebPage\",\"@id\":\"https:\/\/topanindustrial.com.ar\/shop\/producto\/mentonera-libus-para-casco-libus-con-logo-15-mm-con-gancho\/\",\"url\":\"https:\/\/topanindustrial.com.ar\/shop\/producto\/mentonera-libus-para-casco-libus-con-logo-15-mm-con-gancho\/\",\"name\":\"Mentonera Libus para Casco libus con logo 15 mm. con gancho - Topan Industrial\",\"isPartOf\":{\"@id\":\"https:\/\/topanindustrial.com.ar\/shop\/#website\"},\"primaryImageOfPage\":{\"@id\":\"https:\/\/topanindustrial.com.ar\/shop\/producto\/mentonera-libus-para-casco-libus-con-logo-15-mm-con-gancho\/#primaryimage\"},\"image\":{\"@id\":\"https:\/\/topanindustrial.com.ar\/shop\/producto\/mentonera-libus-para-casco-libus-con-logo-15-mm-con-gancho\/#primaryimage\"},\"thumbnailUrl\":\"https:\/\/topanindustrial.com.ar\/shop\/wp-content\/uploads\/mentora-libus-para-casco.png\",\"datePublished\":\"2024-07-30T14:08:18+00:00\",\"dateModified\":\"2024-08-09T14:00:57+00:00\",\"breadcrumb\":{\"@id\":\"https:\/\/topanindustrial.com.ar\/shop\/producto\/mentonera-libus-para-casco-libus-con-logo-15-mm-con-gancho\/#breadcrumb\"},\"inLanguage\":\"es\",\"potentialAction\":[{\"@type\":\"ReadAction\",\"target\":[\"https:\/\/topanindustrial.com.ar\/shop\/producto\/mentonera-libus-para-casco-libus-con-logo-15-mm-con-gancho\/\"]}]},{\"@type\":\"ImageObject\",\"inLanguage\":\"es\",\"@id\":\"https:\/\/topanindustrial.com.ar\/shop\/producto\/mentonera-libus-para-casco-libus-con-logo-15-mm-con-gancho\/#primaryimage\",\"url\":\"https:\/\/topanindustrial.com.ar\/shop\/wp-content\/uploads\/mentora-libus-para-casco.png\",\"contentUrl\":\"https:\/\/topanindustrial.com.ar\/shop\/wp-content\/uploads\/mentora-libus-para-casco.png\",\"width\":711,\"height\":512},{\"@type\":\"BreadcrumbList\",\"@id\":\"https:\/\/topanindustrial.com.ar\/shop\/producto\/mentonera-libus-para-casco-libus-con-logo-15-mm-con-gancho\/#breadcrumb\",\"itemListElement\":[{\"@type\":\"ListItem\",\"position\":1,\"name\":\"Portada\",\"item\":\"https:\/\/topanindustrial.com.ar\/shop\/\"},{\"@type\":\"ListItem\",\"position\":2,\"name\":\"Tienda\",\"item\":\"https:\/\/topanindustrial.com.ar\/shop\/tienda\/\"},{\"@type\":\"ListItem\",\"position\":3,\"name\":\"Mentonera Libus para Casco libus con logo 15 mm. con gancho\"}]},{\"@type\":\"WebSite\",\"@id\":\"https:\/\/topanindustrial.com.ar\/shop\/#website\",\"url\":\"https:\/\/topanindustrial.com.ar\/shop\/\",\"name\":\"Topan Industrial\",\"description\":\"Ropa de Trabajo, Canzado de seguridad y Elementos de Seguridad industrial.\",\"publisher\":{\"@id\":\"https:\/\/topanindustrial.com.ar\/shop\/#organization\"},\"potentialAction\":[{\"@type\":\"SearchAction\",\"target\":{\"@type\":\"EntryPoint\",\"urlTemplate\":\"https:\/\/topanindustrial.com.ar\/shop\/?s={search_term_string}\"},\"query-input\":{\"@type\":\"PropertyValueSpecification\",\"valueRequired\":true,\"valueName\":\"search_term_string\"}}],\"inLanguage\":\"es\"},{\"@type\":\"Organization\",\"@id\":\"https:\/\/topanindustrial.com.ar\/shop\/#organization\",\"name\":\"Topan Industrial\",\"url\":\"https:\/\/topanindustrial.com.ar\/shop\/\",\"logo\":{\"@type\":\"ImageObject\",\"inLanguage\":\"es\",\"@id\":\"https:\/\/topanindustrial.com.ar\/shop\/#\/schema\/logo\/image\/\",\"url\":\"https:\/\/topanindustrial.com.ar\/shop\/wp-content\/uploads\/Logo-topan.png\",\"contentUrl\":\"https:\/\/topanindustrial.com.ar\/shop\/wp-content\/uploads\/Logo-topan.png\",\"width\":552,\"height\":471,\"caption\":\"Topan Industrial\"},\"image\":{\"@id\":\"https:\/\/topanindustrial.com.ar\/shop\/#\/schema\/logo\/image\/\"},\"sameAs\":[\"https:\/\/www.facebook.com\/OMBUTOPAN\"]}]}<\/script>\n<!-- \/ Yoast SEO plugin. -->","yoast_head_json":{"title":"Mentonera Libus para Casco libus con logo 15 mm. con gancho - Topan Industrial","robots":{"index":"index","follow":"follow","max-snippet":"max-snippet:-1","max-image-preview":"max-image-preview:large","max-video-preview":"max-video-preview:-1"},"canonical":"https:\/\/topanindustrial.com.ar\/shop\/producto\/mentonera-libus-para-casco-libus-con-logo-15-mm-con-gancho\/","og_locale":"es_ES","og_type":"article","og_title":"Mentonera Libus para Casco libus con logo 15 mm. con gancho - Topan Industrial","og_description":"Mentonera para Casco libus 902003: Barbijo textil con mentonera pl\u00e1stica Libus, 2 reguladores de ajuste lateral y anclaje para casco con hebillas fusibles. CARACTER\u00cdSTICAS APLICACIONES CERTIFICACIONES \u2022Mentonera Cl\u00e1sica Pieza de ment\u00f3n ergon\u00f3mica inyectada. \u2022Banda elastizada de 10 o 20 mm seg\u00fan modelo. \u2022Regulaci\u00f3n en ambos laterales mediante hebilla pl\u00e1stica. Anclaje al casco con gancho pl\u00e1stico [...]","og_url":"https:\/\/topanindustrial.com.ar\/shop\/producto\/mentonera-libus-para-casco-libus-con-logo-15-mm-con-gancho\/","og_site_name":"Topan Industrial","article_publisher":"https:\/\/www.facebook.com\/OMBUTOPAN","article_modified_time":"2024-08-09T14:00:57+00:00","og_image":[{"width":711,"height":512,"url":"https:\/\/topanindustrial.com.ar\/shop\/wp-content\/uploads\/mentora-libus-para-casco.png","type":"image\/png"}],"twitter_card":"summary_large_image","twitter_misc":{"Tiempo de lectura":"1 minuto"},"schema":{"@context":"https:\/\/schema.org","@graph":[{"@type":"WebPage","@id":"https:\/\/topanindustrial.com.ar\/shop\/producto\/mentonera-libus-para-casco-libus-con-logo-15-mm-con-gancho\/","url":"https:\/\/topanindustrial.com.ar\/shop\/producto\/mentonera-libus-para-casco-libus-con-logo-15-mm-con-gancho\/","name":"Mentonera Libus para Casco libus con logo 15 mm. con gancho - Topan Industrial","isPartOf":{"@id":"https:\/\/topanindustrial.com.ar\/shop\/#website"},"primaryImageOfPage":{"@id":"https:\/\/topanindustrial.com.ar\/shop\/producto\/mentonera-libus-para-casco-libus-con-logo-15-mm-con-gancho\/#primaryimage"},"image":{"@id":"https:\/\/topanindustrial.com.ar\/shop\/producto\/mentonera-libus-para-casco-libus-con-logo-15-mm-con-gancho\/#primaryimage"},"thumbnailUrl":"https:\/\/topanindustrial.com.ar\/shop\/wp-content\/uploads\/mentora-libus-para-casco.png","datePublished":"2024-07-30T14:08:18+00:00","dateModified":"2024-08-09T14:00:57+00:00","breadcrumb":{"@id":"https:\/\/topanindustrial.com.ar\/shop\/producto\/mentonera-libus-para-casco-libus-con-logo-15-mm-con-gancho\/#breadcrumb"},"inLanguage":"es","potentialAction":[{"@type":"ReadAction","target":["https:\/\/topanindustrial.com.ar\/shop\/producto\/mentonera-libus-para-casco-libus-con-logo-15-mm-con-gancho\/"]}]},{"@type":"ImageObject","inLanguage":"es","@id":"https:\/\/topanindustrial.com.ar\/shop\/producto\/mentonera-libus-para-casco-libus-con-logo-15-mm-con-gancho\/#primaryimage","url":"https:\/\/topanindustrial.com.ar\/shop\/wp-content\/uploads\/mentora-libus-para-casco.png","contentUrl":"https:\/\/topanindustrial.com.ar\/shop\/wp-content\/uploads\/mentora-libus-para-casco.png","width":711,"height":512},{"@type":"BreadcrumbList","@id":"https:\/\/topanindustrial.com.ar\/shop\/producto\/mentonera-libus-para-casco-libus-con-logo-15-mm-con-gancho\/#breadcrumb","itemListElement":[{"@type":"ListItem","position":1,"name":"Portada","item":"https:\/\/topanindustrial.com.ar\/shop\/"},{"@type":"ListItem","position":2,"name":"Tienda","item":"https:\/\/topanindustrial.com.ar\/shop\/tienda\/"},{"@type":"ListItem","position":3,"name":"Mentonera Libus para Casco libus con logo 15 mm. con gancho"}]},{"@type":"WebSite","@id":"https:\/\/topanindustrial.com.ar\/shop\/#website","url":"https:\/\/topanindustrial.com.ar\/shop\/","name":"Topan Industrial","description":"Ropa de Trabajo, Canzado de seguridad y Elementos de Seguridad industrial.","publisher":{"@id":"https:\/\/topanindustrial.com.ar\/shop\/#organization"},"potentialAction":[{"@type":"SearchAction","target":{"@type":"EntryPoint","urlTemplate":"https:\/\/topanindustrial.com.ar\/shop\/?s={search_term_string}"},"query-input":{"@type":"PropertyValueSpecification","valueRequired":true,"valueName":"search_term_string"}}],"inLanguage":"es"},{"@type":"Organization","@id":"https:\/\/topanindustrial.com.ar\/shop\/#organization","name":"Topan Industrial","url":"https:\/\/topanindustrial.com.ar\/shop\/","logo":{"@type":"ImageObject","inLanguage":"es","@id":"https:\/\/topanindustrial.com.ar\/shop\/#\/schema\/logo\/image\/","url":"https:\/\/topanindustrial.com.ar\/shop\/wp-content\/uploads\/Logo-topan.png","contentUrl":"https:\/\/topanindustrial.com.ar\/shop\/wp-content\/uploads\/Logo-topan.png","width":552,"height":471,"caption":"Topan Industrial"},"image":{"@id":"https:\/\/topanindustrial.com.ar\/shop\/#\/schema\/logo\/image\/"},"sameAs":["https:\/\/www.facebook.com\/OMBUTOPAN"]}]}},"_links":{"self":[{"href":"https:\/\/topanindustrial.com.ar\/shop\/wp-json\/wp\/v2\/product\/1088","targetHints":{"allow":["GET"]}}],"collection":[{"href":"https:\/\/topanindustrial.com.ar\/shop\/wp-json\/wp\/v2\/product"}],"about":[{"href":"https:\/\/topanindustrial.com.ar\/shop\/wp-json\/wp\/v2\/types\/product"}],"wp:featuredmedia":[{"embeddable":true,"href":"https:\/\/topanindustrial.com.ar\/shop\/wp-json\/wp\/v2\/media\/1089"}],"wp:attachment":[{"href":"https:\/\/topanindustrial.com.ar\/shop\/wp-json\/wp\/v2\/media?parent=1088"}],"wp:term":[{"taxonomy":"product_brand","embeddable":true,"href":"https:\/\/topanindustrial.com.ar\/shop\/wp-json\/wp\/v2\/product_brand?post=1088"},{"taxonomy":"product_cat","embeddable":true,"href":"https:\/\/topanindustrial.com.ar\/shop\/wp-json\/wp\/v2\/product_cat?post=1088"},{"taxonomy":"product_tag","embeddable":true,"href":"https:\/\/topanindustrial.com.ar\/shop\/wp-json\/wp\/v2\/product_tag?post=1088"}],"curies":[{"name":"wp","href":"https:\/\/api.w.org\/{rel}","templated":true}]}}