{"id":4509,"date":"2024-08-23T16:18:15","date_gmt":"2024-08-23T16:18:15","guid":{"rendered":"https:\/\/topanindustrial.com.ar\/shop\/?post_type=product&#038;p=4509"},"modified":"2024-08-23T16:19:37","modified_gmt":"2024-08-23T16:19:37","slug":"guante-steelpro-multiflex-dyneema-anticorte-cut-5-pu-tdm","status":"publish","type":"product","link":"https:\/\/topanindustrial.com.ar\/shop\/producto\/guante-steelpro-multiflex-dyneema-anticorte-cut-5-pu-tdm\/","title":{"rendered":"Guante STEELPRO Multiflex Dyneema anticorte CUT-5 PU TDM"},"content":{"rendered":"<p>DESCRIPCI\u00d3N:<br \/>\nMultiflex es la nueva generaci\u00f3n de guantes que incorporan avances de ingenier\u00eda; hilados tejidos de punto, junto con la tecnolog\u00eda de inmersi\u00f3n.<br \/>\nEstas tecnolog\u00edas permiten producir guantes livianos, de montaje flexible que proporcionan una inigualable protecci\u00f3n al corte y excelente Grip.<\/p>\n<p>CARASTERISTICAS:<\/p>\n<p>Fibra sint\u00e9tica HPPE de alto desempe\u00f1o, m\u00e1xima protecci\u00f3n al corte. Recubrimiento de Poliuretano el cual le proporciona un excelente Grip y muy buena resistencia a productos derivados de hidrocarburos. Pu\u00f1o elastizado reforzado. Ensayado con m\u00e9todo TDM y bajo nuevo norma EN 388:2016, logrando alcanzar letra E (fuerte).\u00a0 Ideal para trabajos que requieran precisi\u00f3n y la m\u00e1xima protecci\u00f3n al corte.<br \/>\nEs respirable, no provoca malos olores y es resistente a la degradaci\u00f3n de ozono.<br \/>\nNo produce reacciones al\u00e9rgicas.<br \/>\nExcelente Grip.<br \/>\nBuena resistencia a la abrasi\u00f3n, desgarro y perforaci\u00f3n.<\/p>\n<p>APLICACIONES<br \/>\n\u2022 Metalmec\u00e1nica<br \/>\n\u2022 Automotriz<br \/>\n\u2022 Madereras.<br \/>\n\u2022 Construcci\u00f3n.<br \/>\n\u2022 Industria en general: actividades de precisi\u00f3n.<\/p>\n<p>CERTIFICACIONES:<br \/>\nEN-420\/EN-388:2003, EN 388:2016\/EN ISO 13997:1999<br \/>\n(PRESTACION 4543)<\/p>\n<p>MANTENIMIENTO:<br \/>\nVerificar que los guantes no presenten defectos, grietas y desgarros.<br \/>\nDe lo contrario utilizar guantes nuevos.<br \/>\nLas manos se deben lavar y secar muy bien antes de utilizar los guantes.<br \/>\nPara trabajos prolongados quitarse regularmente los guantes.<br \/>\nLimpiar los guantes.<br \/>\nDejar que se seque su interior para volver a utilizar los guantes.<br \/>\nConservar los guantes en su embalaje, protegidos contra la luz, el calor y la humedad.<br \/>\nEstos guantes no tienen fecha de vencimiento<\/p>\n<p>ADVERTENCIA:<br \/>\nEl no seguir las instrucciones de uso y mantenimiento puede resultar en da\u00f1o personal.<br \/>\nEste equipo de protecci\u00f3n personal no garantiza protecci\u00f3n<br \/>\nilimitada.<\/p>\n<p>ATENCI\u00d3N:<br \/>\nUna utilizaci\u00f3n inadecuada de los guantes, as\u00ed como cualquier proceso de limpieza de los mismos, pueden alterar<br \/>\nlos niveles de resistencia.<\/p>\n","protected":false},"excerpt":{"rendered":"<p>DESCRIPCI\u00d3N: Multiflex es la nueva generaci\u00f3n de guantes que incorporan avances de ingenier\u00eda; hilados tejidos de punto, junto con la tecnolog\u00eda de inmersi\u00f3n. Estas tecnolog\u00edas permiten producir guantes livianos, de montaje flexible que proporcionan una inigualable protecci\u00f3n al corte y excelente Grip. CARASTERISTICAS: Fibra sint\u00e9tica HPPE de alto desempe\u00f1o, m\u00e1xima protecci\u00f3n al corte. Recubrimiento de [&#8230;]\n","protected":false},"featured_media":4510,"template":"","meta":{"_joinchat":[]},"product_brand":[],"product_cat":[68,76],"product_tag":[],"class_list":{"0":"post-4509","1":"product","2":"type-product","3":"status-publish","4":"has-post-thumbnail","6":"product_cat-elementos-seguridad","7":"product_cat-proteccion-de-manos","9":"first","10":"instock","11":"shipping-taxable","12":"purchasable","13":"product-type-simple","14":"add-to-wishlist-after_add_to_cart"},"yoast_head":"<!-- This site is optimized with the Yoast SEO plugin v25.2 - https:\/\/yoast.com\/wordpress\/plugins\/seo\/ -->\n<title>Guante STEELPRO Multiflex Dyneema anticorte CUT-5 PU TDM - Topan Industrial<\/title>\n<meta name=\"robots\" content=\"index, follow, max-snippet:-1, max-image-preview:large, max-video-preview:-1\" \/>\n<link rel=\"canonical\" href=\"https:\/\/topanindustrial.com.ar\/shop\/producto\/guante-steelpro-multiflex-dyneema-anticorte-cut-5-pu-tdm\/\" \/>\n<meta property=\"og:locale\" content=\"es_ES\" \/>\n<meta property=\"og:type\" content=\"article\" \/>\n<meta property=\"og:title\" content=\"Guante STEELPRO Multiflex Dyneema anticorte CUT-5 PU TDM - Topan Industrial\" \/>\n<meta property=\"og:description\" content=\"DESCRIPCI\u00d3N: Multiflex es la nueva generaci\u00f3n de guantes que incorporan avances de ingenier\u00eda; hilados tejidos de punto, junto con la tecnolog\u00eda de inmersi\u00f3n. Estas tecnolog\u00edas permiten producir guantes livianos, de montaje flexible que proporcionan una inigualable protecci\u00f3n al corte y excelente Grip. CARASTERISTICAS: Fibra sint\u00e9tica HPPE de alto desempe\u00f1o, m\u00e1xima protecci\u00f3n al corte. Recubrimiento de [...]\" \/>\n<meta property=\"og:url\" content=\"https:\/\/topanindustrial.com.ar\/shop\/producto\/guante-steelpro-multiflex-dyneema-anticorte-cut-5-pu-tdm\/\" \/>\n<meta property=\"og:site_name\" content=\"Topan Industrial\" \/>\n<meta property=\"article:publisher\" content=\"https:\/\/www.facebook.com\/OMBUTOPAN\" \/>\n<meta property=\"article:modified_time\" content=\"2024-08-23T16:19:37+00:00\" \/>\n<meta property=\"og:image\" content=\"https:\/\/topanindustrial.com.ar\/shop\/wp-content\/uploads\/Steelpro-guante-Multiflex-CUT-5-TDM-dorso.jpg\" \/>\n\t<meta property=\"og:image:width\" content=\"1000\" \/>\n\t<meta property=\"og:image:height\" content=\"1000\" \/>\n\t<meta property=\"og:image:type\" content=\"image\/jpeg\" \/>\n<meta name=\"twitter:card\" content=\"summary_large_image\" \/>\n<meta name=\"twitter:label1\" content=\"Tiempo de lectura\" \/>\n\t<meta name=\"twitter:data1\" content=\"2 minutos\" \/>\n<script type=\"application\/ld+json\" class=\"yoast-schema-graph\">{\"@context\":\"https:\/\/schema.org\",\"@graph\":[{\"@type\":\"WebPage\",\"@id\":\"https:\/\/topanindustrial.com.ar\/shop\/producto\/guante-steelpro-multiflex-dyneema-anticorte-cut-5-pu-tdm\/\",\"url\":\"https:\/\/topanindustrial.com.ar\/shop\/producto\/guante-steelpro-multiflex-dyneema-anticorte-cut-5-pu-tdm\/\",\"name\":\"Guante STEELPRO Multiflex Dyneema anticorte CUT-5 PU TDM - Topan Industrial\",\"isPartOf\":{\"@id\":\"https:\/\/topanindustrial.com.ar\/shop\/#website\"},\"primaryImageOfPage\":{\"@id\":\"https:\/\/topanindustrial.com.ar\/shop\/producto\/guante-steelpro-multiflex-dyneema-anticorte-cut-5-pu-tdm\/#primaryimage\"},\"image\":{\"@id\":\"https:\/\/topanindustrial.com.ar\/shop\/producto\/guante-steelpro-multiflex-dyneema-anticorte-cut-5-pu-tdm\/#primaryimage\"},\"thumbnailUrl\":\"https:\/\/topanindustrial.com.ar\/shop\/wp-content\/uploads\/Steelpro-guante-Multiflex-CUT-5-TDM-dorso.jpg\",\"datePublished\":\"2024-08-23T16:18:15+00:00\",\"dateModified\":\"2024-08-23T16:19:37+00:00\",\"breadcrumb\":{\"@id\":\"https:\/\/topanindustrial.com.ar\/shop\/producto\/guante-steelpro-multiflex-dyneema-anticorte-cut-5-pu-tdm\/#breadcrumb\"},\"inLanguage\":\"es\",\"potentialAction\":[{\"@type\":\"ReadAction\",\"target\":[\"https:\/\/topanindustrial.com.ar\/shop\/producto\/guante-steelpro-multiflex-dyneema-anticorte-cut-5-pu-tdm\/\"]}]},{\"@type\":\"ImageObject\",\"inLanguage\":\"es\",\"@id\":\"https:\/\/topanindustrial.com.ar\/shop\/producto\/guante-steelpro-multiflex-dyneema-anticorte-cut-5-pu-tdm\/#primaryimage\",\"url\":\"https:\/\/topanindustrial.com.ar\/shop\/wp-content\/uploads\/Steelpro-guante-Multiflex-CUT-5-TDM-dorso.jpg\",\"contentUrl\":\"https:\/\/topanindustrial.com.ar\/shop\/wp-content\/uploads\/Steelpro-guante-Multiflex-CUT-5-TDM-dorso.jpg\",\"width\":1000,\"height\":1000},{\"@type\":\"BreadcrumbList\",\"@id\":\"https:\/\/topanindustrial.com.ar\/shop\/producto\/guante-steelpro-multiflex-dyneema-anticorte-cut-5-pu-tdm\/#breadcrumb\",\"itemListElement\":[{\"@type\":\"ListItem\",\"position\":1,\"name\":\"Portada\",\"item\":\"https:\/\/topanindustrial.com.ar\/shop\/\"},{\"@type\":\"ListItem\",\"position\":2,\"name\":\"Tienda\",\"item\":\"https:\/\/topanindustrial.com.ar\/shop\/tienda\/\"},{\"@type\":\"ListItem\",\"position\":3,\"name\":\"Guante STEELPRO Multiflex Dyneema anticorte CUT-5 PU TDM\"}]},{\"@type\":\"WebSite\",\"@id\":\"https:\/\/topanindustrial.com.ar\/shop\/#website\",\"url\":\"https:\/\/topanindustrial.com.ar\/shop\/\",\"name\":\"Topan Industrial\",\"description\":\"Ropa de Trabajo, Canzado de seguridad y Elementos de Seguridad industrial.\",\"publisher\":{\"@id\":\"https:\/\/topanindustrial.com.ar\/shop\/#organization\"},\"potentialAction\":[{\"@type\":\"SearchAction\",\"target\":{\"@type\":\"EntryPoint\",\"urlTemplate\":\"https:\/\/topanindustrial.com.ar\/shop\/?s={search_term_string}\"},\"query-input\":{\"@type\":\"PropertyValueSpecification\",\"valueRequired\":true,\"valueName\":\"search_term_string\"}}],\"inLanguage\":\"es\"},{\"@type\":\"Organization\",\"@id\":\"https:\/\/topanindustrial.com.ar\/shop\/#organization\",\"name\":\"Topan Industrial\",\"url\":\"https:\/\/topanindustrial.com.ar\/shop\/\",\"logo\":{\"@type\":\"ImageObject\",\"inLanguage\":\"es\",\"@id\":\"https:\/\/topanindustrial.com.ar\/shop\/#\/schema\/logo\/image\/\",\"url\":\"https:\/\/topanindustrial.com.ar\/shop\/wp-content\/uploads\/Logo-topan.png\",\"contentUrl\":\"https:\/\/topanindustrial.com.ar\/shop\/wp-content\/uploads\/Logo-topan.png\",\"width\":552,\"height\":471,\"caption\":\"Topan Industrial\"},\"image\":{\"@id\":\"https:\/\/topanindustrial.com.ar\/shop\/#\/schema\/logo\/image\/\"},\"sameAs\":[\"https:\/\/www.facebook.com\/OMBUTOPAN\"]}]}<\/script>\n<!-- \/ Yoast SEO plugin. -->","yoast_head_json":{"title":"Guante STEELPRO Multiflex Dyneema anticorte CUT-5 PU TDM - Topan Industrial","robots":{"index":"index","follow":"follow","max-snippet":"max-snippet:-1","max-image-preview":"max-image-preview:large","max-video-preview":"max-video-preview:-1"},"canonical":"https:\/\/topanindustrial.com.ar\/shop\/producto\/guante-steelpro-multiflex-dyneema-anticorte-cut-5-pu-tdm\/","og_locale":"es_ES","og_type":"article","og_title":"Guante STEELPRO Multiflex Dyneema anticorte CUT-5 PU TDM - Topan Industrial","og_description":"DESCRIPCI\u00d3N: Multiflex es la nueva generaci\u00f3n de guantes que incorporan avances de ingenier\u00eda; hilados tejidos de punto, junto con la tecnolog\u00eda de inmersi\u00f3n. Estas tecnolog\u00edas permiten producir guantes livianos, de montaje flexible que proporcionan una inigualable protecci\u00f3n al corte y excelente Grip. CARASTERISTICAS: Fibra sint\u00e9tica HPPE de alto desempe\u00f1o, m\u00e1xima protecci\u00f3n al corte. Recubrimiento de [...]","og_url":"https:\/\/topanindustrial.com.ar\/shop\/producto\/guante-steelpro-multiflex-dyneema-anticorte-cut-5-pu-tdm\/","og_site_name":"Topan Industrial","article_publisher":"https:\/\/www.facebook.com\/OMBUTOPAN","article_modified_time":"2024-08-23T16:19:37+00:00","og_image":[{"width":1000,"height":1000,"url":"https:\/\/topanindustrial.com.ar\/shop\/wp-content\/uploads\/Steelpro-guante-Multiflex-CUT-5-TDM-dorso.jpg","type":"image\/jpeg"}],"twitter_card":"summary_large_image","twitter_misc":{"Tiempo de lectura":"2 minutos"},"schema":{"@context":"https:\/\/schema.org","@graph":[{"@type":"WebPage","@id":"https:\/\/topanindustrial.com.ar\/shop\/producto\/guante-steelpro-multiflex-dyneema-anticorte-cut-5-pu-tdm\/","url":"https:\/\/topanindustrial.com.ar\/shop\/producto\/guante-steelpro-multiflex-dyneema-anticorte-cut-5-pu-tdm\/","name":"Guante STEELPRO Multiflex Dyneema anticorte CUT-5 PU TDM - Topan Industrial","isPartOf":{"@id":"https:\/\/topanindustrial.com.ar\/shop\/#website"},"primaryImageOfPage":{"@id":"https:\/\/topanindustrial.com.ar\/shop\/producto\/guante-steelpro-multiflex-dyneema-anticorte-cut-5-pu-tdm\/#primaryimage"},"image":{"@id":"https:\/\/topanindustrial.com.ar\/shop\/producto\/guante-steelpro-multiflex-dyneema-anticorte-cut-5-pu-tdm\/#primaryimage"},"thumbnailUrl":"https:\/\/topanindustrial.com.ar\/shop\/wp-content\/uploads\/Steelpro-guante-Multiflex-CUT-5-TDM-dorso.jpg","datePublished":"2024-08-23T16:18:15+00:00","dateModified":"2024-08-23T16:19:37+00:00","breadcrumb":{"@id":"https:\/\/topanindustrial.com.ar\/shop\/producto\/guante-steelpro-multiflex-dyneema-anticorte-cut-5-pu-tdm\/#breadcrumb"},"inLanguage":"es","potentialAction":[{"@type":"ReadAction","target":["https:\/\/topanindustrial.com.ar\/shop\/producto\/guante-steelpro-multiflex-dyneema-anticorte-cut-5-pu-tdm\/"]}]},{"@type":"ImageObject","inLanguage":"es","@id":"https:\/\/topanindustrial.com.ar\/shop\/producto\/guante-steelpro-multiflex-dyneema-anticorte-cut-5-pu-tdm\/#primaryimage","url":"https:\/\/topanindustrial.com.ar\/shop\/wp-content\/uploads\/Steelpro-guante-Multiflex-CUT-5-TDM-dorso.jpg","contentUrl":"https:\/\/topanindustrial.com.ar\/shop\/wp-content\/uploads\/Steelpro-guante-Multiflex-CUT-5-TDM-dorso.jpg","width":1000,"height":1000},{"@type":"BreadcrumbList","@id":"https:\/\/topanindustrial.com.ar\/shop\/producto\/guante-steelpro-multiflex-dyneema-anticorte-cut-5-pu-tdm\/#breadcrumb","itemListElement":[{"@type":"ListItem","position":1,"name":"Portada","item":"https:\/\/topanindustrial.com.ar\/shop\/"},{"@type":"ListItem","position":2,"name":"Tienda","item":"https:\/\/topanindustrial.com.ar\/shop\/tienda\/"},{"@type":"ListItem","position":3,"name":"Guante STEELPRO Multiflex Dyneema anticorte CUT-5 PU TDM"}]},{"@type":"WebSite","@id":"https:\/\/topanindustrial.com.ar\/shop\/#website","url":"https:\/\/topanindustrial.com.ar\/shop\/","name":"Topan Industrial","description":"Ropa de Trabajo, Canzado de seguridad y Elementos de Seguridad industrial.","publisher":{"@id":"https:\/\/topanindustrial.com.ar\/shop\/#organization"},"potentialAction":[{"@type":"SearchAction","target":{"@type":"EntryPoint","urlTemplate":"https:\/\/topanindustrial.com.ar\/shop\/?s={search_term_string}"},"query-input":{"@type":"PropertyValueSpecification","valueRequired":true,"valueName":"search_term_string"}}],"inLanguage":"es"},{"@type":"Organization","@id":"https:\/\/topanindustrial.com.ar\/shop\/#organization","name":"Topan Industrial","url":"https:\/\/topanindustrial.com.ar\/shop\/","logo":{"@type":"ImageObject","inLanguage":"es","@id":"https:\/\/topanindustrial.com.ar\/shop\/#\/schema\/logo\/image\/","url":"https:\/\/topanindustrial.com.ar\/shop\/wp-content\/uploads\/Logo-topan.png","contentUrl":"https:\/\/topanindustrial.com.ar\/shop\/wp-content\/uploads\/Logo-topan.png","width":552,"height":471,"caption":"Topan Industrial"},"image":{"@id":"https:\/\/topanindustrial.com.ar\/shop\/#\/schema\/logo\/image\/"},"sameAs":["https:\/\/www.facebook.com\/OMBUTOPAN"]}]}},"_links":{"self":[{"href":"https:\/\/topanindustrial.com.ar\/shop\/wp-json\/wp\/v2\/product\/4509","targetHints":{"allow":["GET"]}}],"collection":[{"href":"https:\/\/topanindustrial.com.ar\/shop\/wp-json\/wp\/v2\/product"}],"about":[{"href":"https:\/\/topanindustrial.com.ar\/shop\/wp-json\/wp\/v2\/types\/product"}],"wp:featuredmedia":[{"embeddable":true,"href":"https:\/\/topanindustrial.com.ar\/shop\/wp-json\/wp\/v2\/media\/4510"}],"wp:attachment":[{"href":"https:\/\/topanindustrial.com.ar\/shop\/wp-json\/wp\/v2\/media?parent=4509"}],"wp:term":[{"taxonomy":"product_brand","embeddable":true,"href":"https:\/\/topanindustrial.com.ar\/shop\/wp-json\/wp\/v2\/product_brand?post=4509"},{"taxonomy":"product_cat","embeddable":true,"href":"https:\/\/topanindustrial.com.ar\/shop\/wp-json\/wp\/v2\/product_cat?post=4509"},{"taxonomy":"product_tag","embeddable":true,"href":"https:\/\/topanindustrial.com.ar\/shop\/wp-json\/wp\/v2\/product_tag?post=4509"}],"curies":[{"name":"wp","href":"https:\/\/api.w.org\/{rel}","templated":true}]}}