{"id":4530,"date":"2024-08-23T18:54:02","date_gmt":"2024-08-23T18:54:02","guid":{"rendered":"https:\/\/topanindustrial.com.ar\/shop\/?post_type=product&#038;p=4530"},"modified":"2024-08-23T18:57:54","modified_gmt":"2024-08-23T18:57:54","slug":"extintor-manual-abc-10-kg","status":"publish","type":"product","link":"https:\/\/topanindustrial.com.ar\/shop\/producto\/extintor-manual-abc-10-kg\/","title":{"rendered":"Extintor Manual \u00abABC\u00bb 10 KG"},"content":{"rendered":"<p>Matafuegos (extintores) 10 kg con Sello IRAM de conformidad con Norma IRAM 3523 y C.H.A.S (Certificado de Homologaci\u00f3n de Autopartes de Seguridad), se entregan en cajas individuales de cart\u00f3n corrugado con soportes met\u00e1licos para su instalaci\u00f3n. Potencial Extintor 6A &#8211; 60BC.<\/p>\n<p>Fabricados con la m\u00e1s alta tecnolog\u00eda con materiales duraderos y de gran calidad.<br \/>\nSencillo funcionamiento y mantenimiento.<br \/>\nRecipiente de chapa de acero al carbono laminada en fr\u00edo calidad comercial SAE 1010 de primera calidad.<br \/>\nV\u00e1lvula de lat\u00f3n con palancas de accionamiento en chapa de acero al carbono recubierta con pintura en<br \/>\npolvo poliester con alta resistencia a la interperie.<br \/>\nV\u00e1stago de lat\u00f3n, con asiento y o\u2019ring de caucho sint\u00e9tico.<br \/>\nMan\u00f3metro con cuerpo de lat\u00f3n y caja de acero inoxidable con sello IRAM 3533.<br \/>\nRecipiente recubierto exteriormente con pintura en polvo poliester con alta resistencia a la intemperie.<br \/>\nPlaca de instrucciones y mantenimiento de f\u00e1cil lectura.<br \/>\nPresurizado con Nitr\u00f3geno seco<\/p>\n<p>Aplicaciones:<\/p>\n<p>Industrias y comercios<br \/>\nViviendas<br \/>\nResidencias p\u00fablicas<br \/>\nOficinas administrativas<br \/>\nCentros de atenci\u00f3n de salud<br \/>\nEspect\u00e1culos y locales de reuni\u00f3n<br \/>\nBares, cafeter\u00edas y restaurantes<br \/>\nEscuelas y universidades<\/p>\n","protected":false},"excerpt":{"rendered":"<p>Matafuegos (extintores) 10 kg con Sello IRAM de conformidad con Norma IRAM 3523 y C.H.A.S (Certificado de Homologaci\u00f3n de Autopartes de Seguridad), se entregan en cajas individuales de cart\u00f3n corrugado con soportes met\u00e1licos para su instalaci\u00f3n. Potencial Extintor 6A &#8211; 60BC. Fabricados con la m\u00e1s alta tecnolog\u00eda con materiales duraderos y de gran calidad. Sencillo [&#8230;]\n","protected":false},"featured_media":4531,"template":"","meta":{"_joinchat":[]},"product_brand":[],"product_cat":[176,68],"product_tag":[175],"class_list":{"0":"post-4530","1":"product","2":"type-product","3":"status-publish","4":"has-post-thumbnail","6":"product_cat-extintores","7":"product_cat-elementos-seguridad","8":"product_tag-melisam","10":"first","11":"instock","12":"shipping-taxable","13":"purchasable","14":"product-type-simple","15":"add-to-wishlist-after_add_to_cart"},"yoast_head":"<!-- This site is optimized with the Yoast SEO plugin v25.2 - https:\/\/yoast.com\/wordpress\/plugins\/seo\/ -->\n<title>Extintor Manual &quot;ABC&quot; 10 KG - Topan Industrial<\/title>\n<meta name=\"robots\" content=\"index, follow, max-snippet:-1, max-image-preview:large, max-video-preview:-1\" \/>\n<link rel=\"canonical\" href=\"https:\/\/topanindustrial.com.ar\/shop\/producto\/extintor-manual-abc-10-kg\/\" \/>\n<meta property=\"og:locale\" content=\"es_ES\" \/>\n<meta property=\"og:type\" content=\"article\" \/>\n<meta property=\"og:title\" content=\"Extintor Manual &quot;ABC&quot; 10 KG - Topan Industrial\" \/>\n<meta property=\"og:description\" content=\"Matafuegos (extintores) 10 kg con Sello IRAM de conformidad con Norma IRAM 3523 y C.H.A.S (Certificado de Homologaci\u00f3n de Autopartes de Seguridad), se entregan en cajas individuales de cart\u00f3n corrugado con soportes met\u00e1licos para su instalaci\u00f3n. Potencial Extintor 6A &#8211; 60BC. Fabricados con la m\u00e1s alta tecnolog\u00eda con materiales duraderos y de gran calidad. Sencillo [...]\" \/>\n<meta property=\"og:url\" content=\"https:\/\/topanindustrial.com.ar\/shop\/producto\/extintor-manual-abc-10-kg\/\" \/>\n<meta property=\"og:site_name\" content=\"Topan Industrial\" \/>\n<meta property=\"article:publisher\" content=\"https:\/\/www.facebook.com\/OMBUTOPAN\" \/>\n<meta property=\"article:modified_time\" content=\"2024-08-23T18:57:54+00:00\" \/>\n<meta property=\"og:image\" content=\"https:\/\/topanindustrial.com.ar\/shop\/wp-content\/uploads\/extintor-melisam-abc.png\" \/>\n\t<meta property=\"og:image:width\" content=\"505\" \/>\n\t<meta property=\"og:image:height\" content=\"505\" \/>\n\t<meta property=\"og:image:type\" content=\"image\/png\" \/>\n<meta name=\"twitter:card\" content=\"summary_large_image\" \/>\n<meta name=\"twitter:label1\" content=\"Tiempo de lectura\" \/>\n\t<meta name=\"twitter:data1\" content=\"2 minutos\" \/>\n<script type=\"application\/ld+json\" class=\"yoast-schema-graph\">{\"@context\":\"https:\/\/schema.org\",\"@graph\":[{\"@type\":\"WebPage\",\"@id\":\"https:\/\/topanindustrial.com.ar\/shop\/producto\/extintor-manual-abc-10-kg\/\",\"url\":\"https:\/\/topanindustrial.com.ar\/shop\/producto\/extintor-manual-abc-10-kg\/\",\"name\":\"Extintor Manual \\\"ABC\\\" 10 KG - Topan Industrial\",\"isPartOf\":{\"@id\":\"https:\/\/topanindustrial.com.ar\/shop\/#website\"},\"primaryImageOfPage\":{\"@id\":\"https:\/\/topanindustrial.com.ar\/shop\/producto\/extintor-manual-abc-10-kg\/#primaryimage\"},\"image\":{\"@id\":\"https:\/\/topanindustrial.com.ar\/shop\/producto\/extintor-manual-abc-10-kg\/#primaryimage\"},\"thumbnailUrl\":\"https:\/\/topanindustrial.com.ar\/shop\/wp-content\/uploads\/extintor-melisam-abc.png\",\"datePublished\":\"2024-08-23T18:54:02+00:00\",\"dateModified\":\"2024-08-23T18:57:54+00:00\",\"breadcrumb\":{\"@id\":\"https:\/\/topanindustrial.com.ar\/shop\/producto\/extintor-manual-abc-10-kg\/#breadcrumb\"},\"inLanguage\":\"es\",\"potentialAction\":[{\"@type\":\"ReadAction\",\"target\":[\"https:\/\/topanindustrial.com.ar\/shop\/producto\/extintor-manual-abc-10-kg\/\"]}]},{\"@type\":\"ImageObject\",\"inLanguage\":\"es\",\"@id\":\"https:\/\/topanindustrial.com.ar\/shop\/producto\/extintor-manual-abc-10-kg\/#primaryimage\",\"url\":\"https:\/\/topanindustrial.com.ar\/shop\/wp-content\/uploads\/extintor-melisam-abc.png\",\"contentUrl\":\"https:\/\/topanindustrial.com.ar\/shop\/wp-content\/uploads\/extintor-melisam-abc.png\",\"width\":505,\"height\":505},{\"@type\":\"BreadcrumbList\",\"@id\":\"https:\/\/topanindustrial.com.ar\/shop\/producto\/extintor-manual-abc-10-kg\/#breadcrumb\",\"itemListElement\":[{\"@type\":\"ListItem\",\"position\":1,\"name\":\"Portada\",\"item\":\"https:\/\/topanindustrial.com.ar\/shop\/\"},{\"@type\":\"ListItem\",\"position\":2,\"name\":\"Tienda\",\"item\":\"https:\/\/topanindustrial.com.ar\/shop\/tienda\/\"},{\"@type\":\"ListItem\",\"position\":3,\"name\":\"Extintor Manual \u00abABC\u00bb 10 KG\"}]},{\"@type\":\"WebSite\",\"@id\":\"https:\/\/topanindustrial.com.ar\/shop\/#website\",\"url\":\"https:\/\/topanindustrial.com.ar\/shop\/\",\"name\":\"Topan Industrial\",\"description\":\"Ropa de Trabajo, Canzado de seguridad y Elementos de Seguridad industrial.\",\"publisher\":{\"@id\":\"https:\/\/topanindustrial.com.ar\/shop\/#organization\"},\"potentialAction\":[{\"@type\":\"SearchAction\",\"target\":{\"@type\":\"EntryPoint\",\"urlTemplate\":\"https:\/\/topanindustrial.com.ar\/shop\/?s={search_term_string}\"},\"query-input\":{\"@type\":\"PropertyValueSpecification\",\"valueRequired\":true,\"valueName\":\"search_term_string\"}}],\"inLanguage\":\"es\"},{\"@type\":\"Organization\",\"@id\":\"https:\/\/topanindustrial.com.ar\/shop\/#organization\",\"name\":\"Topan Industrial\",\"url\":\"https:\/\/topanindustrial.com.ar\/shop\/\",\"logo\":{\"@type\":\"ImageObject\",\"inLanguage\":\"es\",\"@id\":\"https:\/\/topanindustrial.com.ar\/shop\/#\/schema\/logo\/image\/\",\"url\":\"https:\/\/topanindustrial.com.ar\/shop\/wp-content\/uploads\/Logo-topan.png\",\"contentUrl\":\"https:\/\/topanindustrial.com.ar\/shop\/wp-content\/uploads\/Logo-topan.png\",\"width\":552,\"height\":471,\"caption\":\"Topan Industrial\"},\"image\":{\"@id\":\"https:\/\/topanindustrial.com.ar\/shop\/#\/schema\/logo\/image\/\"},\"sameAs\":[\"https:\/\/www.facebook.com\/OMBUTOPAN\"]}]}<\/script>\n<!-- \/ Yoast SEO plugin. -->","yoast_head_json":{"title":"Extintor Manual \"ABC\" 10 KG - Topan Industrial","robots":{"index":"index","follow":"follow","max-snippet":"max-snippet:-1","max-image-preview":"max-image-preview:large","max-video-preview":"max-video-preview:-1"},"canonical":"https:\/\/topanindustrial.com.ar\/shop\/producto\/extintor-manual-abc-10-kg\/","og_locale":"es_ES","og_type":"article","og_title":"Extintor Manual \"ABC\" 10 KG - Topan Industrial","og_description":"Matafuegos (extintores) 10 kg con Sello IRAM de conformidad con Norma IRAM 3523 y C.H.A.S (Certificado de Homologaci\u00f3n de Autopartes de Seguridad), se entregan en cajas individuales de cart\u00f3n corrugado con soportes met\u00e1licos para su instalaci\u00f3n. Potencial Extintor 6A &#8211; 60BC. Fabricados con la m\u00e1s alta tecnolog\u00eda con materiales duraderos y de gran calidad. Sencillo [...]","og_url":"https:\/\/topanindustrial.com.ar\/shop\/producto\/extintor-manual-abc-10-kg\/","og_site_name":"Topan Industrial","article_publisher":"https:\/\/www.facebook.com\/OMBUTOPAN","article_modified_time":"2024-08-23T18:57:54+00:00","og_image":[{"width":505,"height":505,"url":"https:\/\/topanindustrial.com.ar\/shop\/wp-content\/uploads\/extintor-melisam-abc.png","type":"image\/png"}],"twitter_card":"summary_large_image","twitter_misc":{"Tiempo de lectura":"2 minutos"},"schema":{"@context":"https:\/\/schema.org","@graph":[{"@type":"WebPage","@id":"https:\/\/topanindustrial.com.ar\/shop\/producto\/extintor-manual-abc-10-kg\/","url":"https:\/\/topanindustrial.com.ar\/shop\/producto\/extintor-manual-abc-10-kg\/","name":"Extintor Manual \"ABC\" 10 KG - Topan Industrial","isPartOf":{"@id":"https:\/\/topanindustrial.com.ar\/shop\/#website"},"primaryImageOfPage":{"@id":"https:\/\/topanindustrial.com.ar\/shop\/producto\/extintor-manual-abc-10-kg\/#primaryimage"},"image":{"@id":"https:\/\/topanindustrial.com.ar\/shop\/producto\/extintor-manual-abc-10-kg\/#primaryimage"},"thumbnailUrl":"https:\/\/topanindustrial.com.ar\/shop\/wp-content\/uploads\/extintor-melisam-abc.png","datePublished":"2024-08-23T18:54:02+00:00","dateModified":"2024-08-23T18:57:54+00:00","breadcrumb":{"@id":"https:\/\/topanindustrial.com.ar\/shop\/producto\/extintor-manual-abc-10-kg\/#breadcrumb"},"inLanguage":"es","potentialAction":[{"@type":"ReadAction","target":["https:\/\/topanindustrial.com.ar\/shop\/producto\/extintor-manual-abc-10-kg\/"]}]},{"@type":"ImageObject","inLanguage":"es","@id":"https:\/\/topanindustrial.com.ar\/shop\/producto\/extintor-manual-abc-10-kg\/#primaryimage","url":"https:\/\/topanindustrial.com.ar\/shop\/wp-content\/uploads\/extintor-melisam-abc.png","contentUrl":"https:\/\/topanindustrial.com.ar\/shop\/wp-content\/uploads\/extintor-melisam-abc.png","width":505,"height":505},{"@type":"BreadcrumbList","@id":"https:\/\/topanindustrial.com.ar\/shop\/producto\/extintor-manual-abc-10-kg\/#breadcrumb","itemListElement":[{"@type":"ListItem","position":1,"name":"Portada","item":"https:\/\/topanindustrial.com.ar\/shop\/"},{"@type":"ListItem","position":2,"name":"Tienda","item":"https:\/\/topanindustrial.com.ar\/shop\/tienda\/"},{"@type":"ListItem","position":3,"name":"Extintor Manual \u00abABC\u00bb 10 KG"}]},{"@type":"WebSite","@id":"https:\/\/topanindustrial.com.ar\/shop\/#website","url":"https:\/\/topanindustrial.com.ar\/shop\/","name":"Topan Industrial","description":"Ropa de Trabajo, Canzado de seguridad y Elementos de Seguridad industrial.","publisher":{"@id":"https:\/\/topanindustrial.com.ar\/shop\/#organization"},"potentialAction":[{"@type":"SearchAction","target":{"@type":"EntryPoint","urlTemplate":"https:\/\/topanindustrial.com.ar\/shop\/?s={search_term_string}"},"query-input":{"@type":"PropertyValueSpecification","valueRequired":true,"valueName":"search_term_string"}}],"inLanguage":"es"},{"@type":"Organization","@id":"https:\/\/topanindustrial.com.ar\/shop\/#organization","name":"Topan Industrial","url":"https:\/\/topanindustrial.com.ar\/shop\/","logo":{"@type":"ImageObject","inLanguage":"es","@id":"https:\/\/topanindustrial.com.ar\/shop\/#\/schema\/logo\/image\/","url":"https:\/\/topanindustrial.com.ar\/shop\/wp-content\/uploads\/Logo-topan.png","contentUrl":"https:\/\/topanindustrial.com.ar\/shop\/wp-content\/uploads\/Logo-topan.png","width":552,"height":471,"caption":"Topan Industrial"},"image":{"@id":"https:\/\/topanindustrial.com.ar\/shop\/#\/schema\/logo\/image\/"},"sameAs":["https:\/\/www.facebook.com\/OMBUTOPAN"]}]}},"_links":{"self":[{"href":"https:\/\/topanindustrial.com.ar\/shop\/wp-json\/wp\/v2\/product\/4530","targetHints":{"allow":["GET"]}}],"collection":[{"href":"https:\/\/topanindustrial.com.ar\/shop\/wp-json\/wp\/v2\/product"}],"about":[{"href":"https:\/\/topanindustrial.com.ar\/shop\/wp-json\/wp\/v2\/types\/product"}],"wp:featuredmedia":[{"embeddable":true,"href":"https:\/\/topanindustrial.com.ar\/shop\/wp-json\/wp\/v2\/media\/4531"}],"wp:attachment":[{"href":"https:\/\/topanindustrial.com.ar\/shop\/wp-json\/wp\/v2\/media?parent=4530"}],"wp:term":[{"taxonomy":"product_brand","embeddable":true,"href":"https:\/\/topanindustrial.com.ar\/shop\/wp-json\/wp\/v2\/product_brand?post=4530"},{"taxonomy":"product_cat","embeddable":true,"href":"https:\/\/topanindustrial.com.ar\/shop\/wp-json\/wp\/v2\/product_cat?post=4530"},{"taxonomy":"product_tag","embeddable":true,"href":"https:\/\/topanindustrial.com.ar\/shop\/wp-json\/wp\/v2\/product_tag?post=4530"}],"curies":[{"name":"wp","href":"https:\/\/api.w.org\/{rel}","templated":true}]}}