{"id":4536,"date":"2024-08-23T19:06:10","date_gmt":"2024-08-23T19:06:10","guid":{"rendered":"https:\/\/topanindustrial.com.ar\/shop\/?post_type=product&#038;p=4536"},"modified":"2024-08-23T19:09:57","modified_gmt":"2024-08-23T19:09:57","slug":"1-kg-extintor-automotor-o-3-abc-soporte-plastico-en-caja","status":"publish","type":"product","link":"https:\/\/topanindustrial.com.ar\/shop\/producto\/1-kg-extintor-automotor-o-3-abc-soporte-plastico-en-caja\/","title":{"rendered":"1 KG. EXTINTOR AUTOMOTOR \u00abABC\u00bb SOPORTE PL\u00c1STICO EN CAJA &#8211; Melisam"},"content":{"rendered":"<p>Fabricados con la m\u00e1s alta tecnolog\u00eda con materiales duraderos y de gran calidad.<br \/>\nSencillo funcionamiento y mantenimiento.<br \/>\nRecipiente de chapa de acero al carbono laminada en fr\u00edo calidad comercial SAE 1010 de primera calidad.<br \/>\nV\u00e1lvula de lat\u00f3n con palancas de accionamiento en chapa de acero al carbono recubierta con pintura en<br \/>\npolvo poliester con alta resistencia a la interperie.<br \/>\nV\u00e1stago de lat\u00f3n, con asiento y o\u2019ring de caucho sint\u00e9tico.<br \/>\nMan\u00f3metro con cuerpo de lat\u00f3n y caja de acero inoxidable con sello IRAM 3533.<br \/>\nTubo de pesca de gran caudal de descarga.<br \/>\nRecipiente recubierto exteriormente con pintura en polvo poliester con alta resistencia a la intemperie.<br \/>\nRecargables y econ\u00f3micos.<br \/>\nPlaca de instrucciones y mantenimiento de f\u00e1cil lectura.<br \/>\nPresurizado con Nitr\u00f3geno seco.<br \/>\nGarant\u00eda de fabricaci\u00f3n: 1 a\u00f1o.<br \/>\nUso obligatorio ley de transito N\u00ba 24.449<\/p>\n","protected":false},"excerpt":{"rendered":"<p>Extintor automotor 1 kg. \u00d8 3\u00b4\u00b4 \u00abABC\u00bb Matafuegos (extintores) con Sello IRAM de conformidad con norma IRAM 3523 y C.H.A.S (Certificado de Homologaci\u00f3n de Autopartes de Seguridad), cuentan con soporte vehicular. Soporte pl\u00e1stico. Se comercializan en cajas de 9 unidades.<\/p>\n<p>&nbsp;<\/p>\n","protected":false},"featured_media":4537,"template":"","meta":{"_joinchat":[]},"product_brand":[],"product_cat":[176,68],"product_tag":[],"class_list":{"0":"post-4536","1":"product","2":"type-product","3":"status-publish","4":"has-post-thumbnail","6":"product_cat-extintores","7":"product_cat-elementos-seguridad","9":"first","10":"instock","11":"shipping-taxable","12":"purchasable","13":"product-type-simple","14":"add-to-wishlist-after_add_to_cart"},"yoast_head":"<!-- This site is optimized with the Yoast SEO plugin v25.2 - https:\/\/yoast.com\/wordpress\/plugins\/seo\/ -->\n<title>1 KG. EXTINTOR AUTOMOTOR &quot;ABC&quot; SOPORTE PL\u00c1STICO EN CAJA - Melisam - Topan Industrial<\/title>\n<meta name=\"robots\" content=\"index, follow, max-snippet:-1, max-image-preview:large, max-video-preview:-1\" \/>\n<link rel=\"canonical\" href=\"https:\/\/topanindustrial.com.ar\/shop\/producto\/1-kg-extintor-automotor-o-3-abc-soporte-plastico-en-caja\/\" \/>\n<meta property=\"og:locale\" content=\"es_ES\" \/>\n<meta property=\"og:type\" content=\"article\" \/>\n<meta property=\"og:title\" content=\"1 KG. EXTINTOR AUTOMOTOR &quot;ABC&quot; SOPORTE PL\u00c1STICO EN CAJA - Melisam - Topan Industrial\" \/>\n<meta property=\"og:description\" content=\"Extintor automotor 1 kg. \u00d8 3\u00b4\u00b4 &quot;ABC&quot; Matafuegos (extintores) con Sello IRAM de conformidad con norma IRAM 3523 y C.H.A.S (Certificado de Homologaci\u00f3n de Autopartes de Seguridad), cuentan con soporte vehicular. Soporte pl\u00e1stico. Se comercializan en cajas de 9 unidades.  &nbsp;\" \/>\n<meta property=\"og:url\" content=\"https:\/\/topanindustrial.com.ar\/shop\/producto\/1-kg-extintor-automotor-o-3-abc-soporte-plastico-en-caja\/\" \/>\n<meta property=\"og:site_name\" content=\"Topan Industrial\" \/>\n<meta property=\"article:publisher\" content=\"https:\/\/www.facebook.com\/OMBUTOPAN\" \/>\n<meta property=\"article:modified_time\" content=\"2024-08-23T19:09:57+00:00\" \/>\n<meta property=\"og:image\" content=\"https:\/\/topanindustrial.com.ar\/shop\/wp-content\/uploads\/EXTINTOR-MELISAM-1-KG.png\" \/>\n\t<meta property=\"og:image:width\" content=\"502\" \/>\n\t<meta property=\"og:image:height\" content=\"504\" \/>\n\t<meta property=\"og:image:type\" content=\"image\/png\" \/>\n<meta name=\"twitter:card\" content=\"summary_large_image\" \/>\n<meta name=\"twitter:label1\" content=\"Tiempo de lectura\" \/>\n\t<meta name=\"twitter:data1\" content=\"1 minuto\" \/>\n<script type=\"application\/ld+json\" class=\"yoast-schema-graph\">{\"@context\":\"https:\/\/schema.org\",\"@graph\":[{\"@type\":\"WebPage\",\"@id\":\"https:\/\/topanindustrial.com.ar\/shop\/producto\/1-kg-extintor-automotor-o-3-abc-soporte-plastico-en-caja\/\",\"url\":\"https:\/\/topanindustrial.com.ar\/shop\/producto\/1-kg-extintor-automotor-o-3-abc-soporte-plastico-en-caja\/\",\"name\":\"1 KG. EXTINTOR AUTOMOTOR \\\"ABC\\\" SOPORTE PL\u00c1STICO EN CAJA - Melisam - Topan Industrial\",\"isPartOf\":{\"@id\":\"https:\/\/topanindustrial.com.ar\/shop\/#website\"},\"primaryImageOfPage\":{\"@id\":\"https:\/\/topanindustrial.com.ar\/shop\/producto\/1-kg-extintor-automotor-o-3-abc-soporte-plastico-en-caja\/#primaryimage\"},\"image\":{\"@id\":\"https:\/\/topanindustrial.com.ar\/shop\/producto\/1-kg-extintor-automotor-o-3-abc-soporte-plastico-en-caja\/#primaryimage\"},\"thumbnailUrl\":\"https:\/\/topanindustrial.com.ar\/shop\/wp-content\/uploads\/EXTINTOR-MELISAM-1-KG.png\",\"datePublished\":\"2024-08-23T19:06:10+00:00\",\"dateModified\":\"2024-08-23T19:09:57+00:00\",\"breadcrumb\":{\"@id\":\"https:\/\/topanindustrial.com.ar\/shop\/producto\/1-kg-extintor-automotor-o-3-abc-soporte-plastico-en-caja\/#breadcrumb\"},\"inLanguage\":\"es\",\"potentialAction\":[{\"@type\":\"ReadAction\",\"target\":[\"https:\/\/topanindustrial.com.ar\/shop\/producto\/1-kg-extintor-automotor-o-3-abc-soporte-plastico-en-caja\/\"]}]},{\"@type\":\"ImageObject\",\"inLanguage\":\"es\",\"@id\":\"https:\/\/topanindustrial.com.ar\/shop\/producto\/1-kg-extintor-automotor-o-3-abc-soporte-plastico-en-caja\/#primaryimage\",\"url\":\"https:\/\/topanindustrial.com.ar\/shop\/wp-content\/uploads\/EXTINTOR-MELISAM-1-KG.png\",\"contentUrl\":\"https:\/\/topanindustrial.com.ar\/shop\/wp-content\/uploads\/EXTINTOR-MELISAM-1-KG.png\",\"width\":502,\"height\":504},{\"@type\":\"BreadcrumbList\",\"@id\":\"https:\/\/topanindustrial.com.ar\/shop\/producto\/1-kg-extintor-automotor-o-3-abc-soporte-plastico-en-caja\/#breadcrumb\",\"itemListElement\":[{\"@type\":\"ListItem\",\"position\":1,\"name\":\"Portada\",\"item\":\"https:\/\/topanindustrial.com.ar\/shop\/\"},{\"@type\":\"ListItem\",\"position\":2,\"name\":\"Tienda\",\"item\":\"https:\/\/topanindustrial.com.ar\/shop\/tienda\/\"},{\"@type\":\"ListItem\",\"position\":3,\"name\":\"1 KG. EXTINTOR AUTOMOTOR \u00abABC\u00bb SOPORTE PL\u00c1STICO EN CAJA &#8211; Melisam\"}]},{\"@type\":\"WebSite\",\"@id\":\"https:\/\/topanindustrial.com.ar\/shop\/#website\",\"url\":\"https:\/\/topanindustrial.com.ar\/shop\/\",\"name\":\"Topan Industrial\",\"description\":\"Ropa de Trabajo, Canzado de seguridad y Elementos de Seguridad industrial.\",\"publisher\":{\"@id\":\"https:\/\/topanindustrial.com.ar\/shop\/#organization\"},\"potentialAction\":[{\"@type\":\"SearchAction\",\"target\":{\"@type\":\"EntryPoint\",\"urlTemplate\":\"https:\/\/topanindustrial.com.ar\/shop\/?s={search_term_string}\"},\"query-input\":{\"@type\":\"PropertyValueSpecification\",\"valueRequired\":true,\"valueName\":\"search_term_string\"}}],\"inLanguage\":\"es\"},{\"@type\":\"Organization\",\"@id\":\"https:\/\/topanindustrial.com.ar\/shop\/#organization\",\"name\":\"Topan Industrial\",\"url\":\"https:\/\/topanindustrial.com.ar\/shop\/\",\"logo\":{\"@type\":\"ImageObject\",\"inLanguage\":\"es\",\"@id\":\"https:\/\/topanindustrial.com.ar\/shop\/#\/schema\/logo\/image\/\",\"url\":\"https:\/\/topanindustrial.com.ar\/shop\/wp-content\/uploads\/Logo-topan.png\",\"contentUrl\":\"https:\/\/topanindustrial.com.ar\/shop\/wp-content\/uploads\/Logo-topan.png\",\"width\":552,\"height\":471,\"caption\":\"Topan Industrial\"},\"image\":{\"@id\":\"https:\/\/topanindustrial.com.ar\/shop\/#\/schema\/logo\/image\/\"},\"sameAs\":[\"https:\/\/www.facebook.com\/OMBUTOPAN\"]}]}<\/script>\n<!-- \/ Yoast SEO plugin. -->","yoast_head_json":{"title":"1 KG. EXTINTOR AUTOMOTOR \"ABC\" SOPORTE PL\u00c1STICO EN CAJA - Melisam - Topan Industrial","robots":{"index":"index","follow":"follow","max-snippet":"max-snippet:-1","max-image-preview":"max-image-preview:large","max-video-preview":"max-video-preview:-1"},"canonical":"https:\/\/topanindustrial.com.ar\/shop\/producto\/1-kg-extintor-automotor-o-3-abc-soporte-plastico-en-caja\/","og_locale":"es_ES","og_type":"article","og_title":"1 KG. EXTINTOR AUTOMOTOR \"ABC\" SOPORTE PL\u00c1STICO EN CAJA - Melisam - Topan Industrial","og_description":"Extintor automotor 1 kg. \u00d8 3\u00b4\u00b4 \"ABC\" Matafuegos (extintores) con Sello IRAM de conformidad con norma IRAM 3523 y C.H.A.S (Certificado de Homologaci\u00f3n de Autopartes de Seguridad), cuentan con soporte vehicular. Soporte pl\u00e1stico. Se comercializan en cajas de 9 unidades.  &nbsp;","og_url":"https:\/\/topanindustrial.com.ar\/shop\/producto\/1-kg-extintor-automotor-o-3-abc-soporte-plastico-en-caja\/","og_site_name":"Topan Industrial","article_publisher":"https:\/\/www.facebook.com\/OMBUTOPAN","article_modified_time":"2024-08-23T19:09:57+00:00","og_image":[{"width":502,"height":504,"url":"https:\/\/topanindustrial.com.ar\/shop\/wp-content\/uploads\/EXTINTOR-MELISAM-1-KG.png","type":"image\/png"}],"twitter_card":"summary_large_image","twitter_misc":{"Tiempo de lectura":"1 minuto"},"schema":{"@context":"https:\/\/schema.org","@graph":[{"@type":"WebPage","@id":"https:\/\/topanindustrial.com.ar\/shop\/producto\/1-kg-extintor-automotor-o-3-abc-soporte-plastico-en-caja\/","url":"https:\/\/topanindustrial.com.ar\/shop\/producto\/1-kg-extintor-automotor-o-3-abc-soporte-plastico-en-caja\/","name":"1 KG. EXTINTOR AUTOMOTOR \"ABC\" SOPORTE PL\u00c1STICO EN CAJA - Melisam - Topan Industrial","isPartOf":{"@id":"https:\/\/topanindustrial.com.ar\/shop\/#website"},"primaryImageOfPage":{"@id":"https:\/\/topanindustrial.com.ar\/shop\/producto\/1-kg-extintor-automotor-o-3-abc-soporte-plastico-en-caja\/#primaryimage"},"image":{"@id":"https:\/\/topanindustrial.com.ar\/shop\/producto\/1-kg-extintor-automotor-o-3-abc-soporte-plastico-en-caja\/#primaryimage"},"thumbnailUrl":"https:\/\/topanindustrial.com.ar\/shop\/wp-content\/uploads\/EXTINTOR-MELISAM-1-KG.png","datePublished":"2024-08-23T19:06:10+00:00","dateModified":"2024-08-23T19:09:57+00:00","breadcrumb":{"@id":"https:\/\/topanindustrial.com.ar\/shop\/producto\/1-kg-extintor-automotor-o-3-abc-soporte-plastico-en-caja\/#breadcrumb"},"inLanguage":"es","potentialAction":[{"@type":"ReadAction","target":["https:\/\/topanindustrial.com.ar\/shop\/producto\/1-kg-extintor-automotor-o-3-abc-soporte-plastico-en-caja\/"]}]},{"@type":"ImageObject","inLanguage":"es","@id":"https:\/\/topanindustrial.com.ar\/shop\/producto\/1-kg-extintor-automotor-o-3-abc-soporte-plastico-en-caja\/#primaryimage","url":"https:\/\/topanindustrial.com.ar\/shop\/wp-content\/uploads\/EXTINTOR-MELISAM-1-KG.png","contentUrl":"https:\/\/topanindustrial.com.ar\/shop\/wp-content\/uploads\/EXTINTOR-MELISAM-1-KG.png","width":502,"height":504},{"@type":"BreadcrumbList","@id":"https:\/\/topanindustrial.com.ar\/shop\/producto\/1-kg-extintor-automotor-o-3-abc-soporte-plastico-en-caja\/#breadcrumb","itemListElement":[{"@type":"ListItem","position":1,"name":"Portada","item":"https:\/\/topanindustrial.com.ar\/shop\/"},{"@type":"ListItem","position":2,"name":"Tienda","item":"https:\/\/topanindustrial.com.ar\/shop\/tienda\/"},{"@type":"ListItem","position":3,"name":"1 KG. EXTINTOR AUTOMOTOR \u00abABC\u00bb SOPORTE PL\u00c1STICO EN CAJA &#8211; Melisam"}]},{"@type":"WebSite","@id":"https:\/\/topanindustrial.com.ar\/shop\/#website","url":"https:\/\/topanindustrial.com.ar\/shop\/","name":"Topan Industrial","description":"Ropa de Trabajo, Canzado de seguridad y Elementos de Seguridad industrial.","publisher":{"@id":"https:\/\/topanindustrial.com.ar\/shop\/#organization"},"potentialAction":[{"@type":"SearchAction","target":{"@type":"EntryPoint","urlTemplate":"https:\/\/topanindustrial.com.ar\/shop\/?s={search_term_string}"},"query-input":{"@type":"PropertyValueSpecification","valueRequired":true,"valueName":"search_term_string"}}],"inLanguage":"es"},{"@type":"Organization","@id":"https:\/\/topanindustrial.com.ar\/shop\/#organization","name":"Topan Industrial","url":"https:\/\/topanindustrial.com.ar\/shop\/","logo":{"@type":"ImageObject","inLanguage":"es","@id":"https:\/\/topanindustrial.com.ar\/shop\/#\/schema\/logo\/image\/","url":"https:\/\/topanindustrial.com.ar\/shop\/wp-content\/uploads\/Logo-topan.png","contentUrl":"https:\/\/topanindustrial.com.ar\/shop\/wp-content\/uploads\/Logo-topan.png","width":552,"height":471,"caption":"Topan Industrial"},"image":{"@id":"https:\/\/topanindustrial.com.ar\/shop\/#\/schema\/logo\/image\/"},"sameAs":["https:\/\/www.facebook.com\/OMBUTOPAN"]}]}},"_links":{"self":[{"href":"https:\/\/topanindustrial.com.ar\/shop\/wp-json\/wp\/v2\/product\/4536","targetHints":{"allow":["GET"]}}],"collection":[{"href":"https:\/\/topanindustrial.com.ar\/shop\/wp-json\/wp\/v2\/product"}],"about":[{"href":"https:\/\/topanindustrial.com.ar\/shop\/wp-json\/wp\/v2\/types\/product"}],"wp:featuredmedia":[{"embeddable":true,"href":"https:\/\/topanindustrial.com.ar\/shop\/wp-json\/wp\/v2\/media\/4537"}],"wp:attachment":[{"href":"https:\/\/topanindustrial.com.ar\/shop\/wp-json\/wp\/v2\/media?parent=4536"}],"wp:term":[{"taxonomy":"product_brand","embeddable":true,"href":"https:\/\/topanindustrial.com.ar\/shop\/wp-json\/wp\/v2\/product_brand?post=4536"},{"taxonomy":"product_cat","embeddable":true,"href":"https:\/\/topanindustrial.com.ar\/shop\/wp-json\/wp\/v2\/product_cat?post=4536"},{"taxonomy":"product_tag","embeddable":true,"href":"https:\/\/topanindustrial.com.ar\/shop\/wp-json\/wp\/v2\/product_tag?post=4536"}],"curies":[{"name":"wp","href":"https:\/\/api.w.org\/{rel}","templated":true}]}}