{"id":5855,"date":"2024-10-24T19:35:53","date_gmt":"2024-10-24T19:35:53","guid":{"rendered":"https:\/\/topanindustrial.com.ar\/shop\/?post_type=product&#038;p=5855"},"modified":"2024-10-24T19:44:22","modified_gmt":"2024-10-24T19:44:22","slug":"capa-de-lluvia-bil-vex","status":"publish","type":"product","link":"https:\/\/topanindustrial.com.ar\/shop\/producto\/capa-de-lluvia-bil-vex\/","title":{"rendered":"Capa de lluvia Bil-vex"},"content":{"rendered":"<p>Capa de Lluvia PVC amarillo \/ Azul:<\/p>\n<p>Detalles:<br \/>\nTejido de Tela PVC\/Poli\u00e9ster\/PVC 0.32 +\/- 0.02 micrones<br \/>\n100%impermeable.<br \/>\nCosturas selladas electronicamente por alta frecuencia<br \/>\nCapucha desmontable.<br \/>\nCuello de Corderoy<br \/>\nBolsillos con tapa.<br \/>\nCierres con broches a presi\u00f3n y solapa cubrecierre.<br \/>\nRespiraci\u00f3n en espalda y axilas.<br \/>\nBroches de ajuste en pu\u00f1os.<\/p>\n","protected":false},"excerpt":{"rendered":"<p>Capa de Lluvia PVC amarillo \/ Azul: Detalles: Tejido de Tela PVC\/Poli\u00e9ster\/PVC 0.32 +\/- 0.02 micrones 100%impermeable. Costuras selladas electronicamente por alta frecuencia Capucha desmontable. Cuello de Corderoy Bolsillos con tapa. Cierres con broches a presi\u00f3n y solapa cubrecierre. Respiraci\u00f3n en espalda y axilas. Broches de ajuste en pu\u00f1os.<\/p>\n","protected":false},"featured_media":5842,"template":"","meta":{"_joinchat":[]},"product_brand":[],"product_cat":[20],"product_tag":[98,188],"class_list":{"0":"post-5855","1":"product","2":"type-product","3":"status-publish","4":"has-post-thumbnail","6":"product_cat-indumentaria-de-trabajo","7":"product_tag-bil-vex","8":"product_tag-capa-de-lluvia","10":"first","11":"instock","12":"shipping-taxable","13":"purchasable","14":"product-type-variable","15":"has-default-attributes","16":"add-to-wishlist-after_add_to_cart"},"yoast_head":"<!-- This site is optimized with the Yoast SEO plugin v25.2 - https:\/\/yoast.com\/wordpress\/plugins\/seo\/ -->\n<title>Capa de lluvia Bil-vex - Topan Industrial<\/title>\n<meta name=\"robots\" content=\"index, follow, max-snippet:-1, max-image-preview:large, max-video-preview:-1\" \/>\n<link rel=\"canonical\" href=\"https:\/\/topanindustrial.com.ar\/shop\/producto\/capa-de-lluvia-bil-vex\/\" \/>\n<meta property=\"og:locale\" content=\"es_ES\" \/>\n<meta property=\"og:type\" content=\"article\" \/>\n<meta property=\"og:title\" content=\"Capa de lluvia Bil-vex - Topan Industrial\" \/>\n<meta property=\"og:description\" content=\"Capa de Lluvia PVC amarillo \/ Azul: Detalles: Tejido de Tela PVC\/Poli\u00e9ster\/PVC 0.32 +\/- 0.02 micrones 100%impermeable. Costuras selladas electronicamente por alta frecuencia Capucha desmontable. Cuello de Corderoy Bolsillos con tapa. Cierres con broches a presi\u00f3n y solapa cubrecierre. Respiraci\u00f3n en espalda y axilas. Broches de ajuste en pu\u00f1os.\" \/>\n<meta property=\"og:url\" content=\"https:\/\/topanindustrial.com.ar\/shop\/producto\/capa-de-lluvia-bil-vex\/\" \/>\n<meta property=\"og:site_name\" content=\"Topan Industrial\" \/>\n<meta property=\"article:publisher\" content=\"https:\/\/www.facebook.com\/OMBUTOPAN\" \/>\n<meta property=\"article:modified_time\" content=\"2024-10-24T19:44:22+00:00\" \/>\n<meta property=\"og:image\" content=\"https:\/\/topanindustrial.com.ar\/shop\/wp-content\/uploads\/faja-lumbar-11.png\" \/>\n\t<meta property=\"og:image:width\" content=\"1080\" \/>\n\t<meta property=\"og:image:height\" content=\"1080\" \/>\n\t<meta property=\"og:image:type\" content=\"image\/png\" \/>\n<meta name=\"twitter:card\" content=\"summary_large_image\" \/>\n<meta name=\"twitter:label1\" content=\"Tiempo de lectura\" \/>\n\t<meta name=\"twitter:data1\" content=\"1 minuto\" \/>\n<script type=\"application\/ld+json\" class=\"yoast-schema-graph\">{\"@context\":\"https:\/\/schema.org\",\"@graph\":[{\"@type\":\"WebPage\",\"@id\":\"https:\/\/topanindustrial.com.ar\/shop\/producto\/capa-de-lluvia-bil-vex\/\",\"url\":\"https:\/\/topanindustrial.com.ar\/shop\/producto\/capa-de-lluvia-bil-vex\/\",\"name\":\"Capa de lluvia Bil-vex - Topan Industrial\",\"isPartOf\":{\"@id\":\"https:\/\/topanindustrial.com.ar\/shop\/#website\"},\"primaryImageOfPage\":{\"@id\":\"https:\/\/topanindustrial.com.ar\/shop\/producto\/capa-de-lluvia-bil-vex\/#primaryimage\"},\"image\":{\"@id\":\"https:\/\/topanindustrial.com.ar\/shop\/producto\/capa-de-lluvia-bil-vex\/#primaryimage\"},\"thumbnailUrl\":\"https:\/\/topanindustrial.com.ar\/shop\/wp-content\/uploads\/faja-lumbar-11.png\",\"datePublished\":\"2024-10-24T19:35:53+00:00\",\"dateModified\":\"2024-10-24T19:44:22+00:00\",\"breadcrumb\":{\"@id\":\"https:\/\/topanindustrial.com.ar\/shop\/producto\/capa-de-lluvia-bil-vex\/#breadcrumb\"},\"inLanguage\":\"es\",\"potentialAction\":[{\"@type\":\"ReadAction\",\"target\":[\"https:\/\/topanindustrial.com.ar\/shop\/producto\/capa-de-lluvia-bil-vex\/\"]}]},{\"@type\":\"ImageObject\",\"inLanguage\":\"es\",\"@id\":\"https:\/\/topanindustrial.com.ar\/shop\/producto\/capa-de-lluvia-bil-vex\/#primaryimage\",\"url\":\"https:\/\/topanindustrial.com.ar\/shop\/wp-content\/uploads\/faja-lumbar-11.png\",\"contentUrl\":\"https:\/\/topanindustrial.com.ar\/shop\/wp-content\/uploads\/faja-lumbar-11.png\",\"width\":1080,\"height\":1080},{\"@type\":\"BreadcrumbList\",\"@id\":\"https:\/\/topanindustrial.com.ar\/shop\/producto\/capa-de-lluvia-bil-vex\/#breadcrumb\",\"itemListElement\":[{\"@type\":\"ListItem\",\"position\":1,\"name\":\"Portada\",\"item\":\"https:\/\/topanindustrial.com.ar\/shop\/\"},{\"@type\":\"ListItem\",\"position\":2,\"name\":\"Tienda\",\"item\":\"https:\/\/topanindustrial.com.ar\/shop\/tienda\/\"},{\"@type\":\"ListItem\",\"position\":3,\"name\":\"Capa de lluvia Bil-vex\"}]},{\"@type\":\"WebSite\",\"@id\":\"https:\/\/topanindustrial.com.ar\/shop\/#website\",\"url\":\"https:\/\/topanindustrial.com.ar\/shop\/\",\"name\":\"Topan Industrial\",\"description\":\"Ropa de Trabajo, Canzado de seguridad y Elementos de Seguridad industrial.\",\"publisher\":{\"@id\":\"https:\/\/topanindustrial.com.ar\/shop\/#organization\"},\"potentialAction\":[{\"@type\":\"SearchAction\",\"target\":{\"@type\":\"EntryPoint\",\"urlTemplate\":\"https:\/\/topanindustrial.com.ar\/shop\/?s={search_term_string}\"},\"query-input\":{\"@type\":\"PropertyValueSpecification\",\"valueRequired\":true,\"valueName\":\"search_term_string\"}}],\"inLanguage\":\"es\"},{\"@type\":\"Organization\",\"@id\":\"https:\/\/topanindustrial.com.ar\/shop\/#organization\",\"name\":\"Topan Industrial\",\"url\":\"https:\/\/topanindustrial.com.ar\/shop\/\",\"logo\":{\"@type\":\"ImageObject\",\"inLanguage\":\"es\",\"@id\":\"https:\/\/topanindustrial.com.ar\/shop\/#\/schema\/logo\/image\/\",\"url\":\"https:\/\/topanindustrial.com.ar\/shop\/wp-content\/uploads\/Logo-topan.png\",\"contentUrl\":\"https:\/\/topanindustrial.com.ar\/shop\/wp-content\/uploads\/Logo-topan.png\",\"width\":552,\"height\":471,\"caption\":\"Topan Industrial\"},\"image\":{\"@id\":\"https:\/\/topanindustrial.com.ar\/shop\/#\/schema\/logo\/image\/\"},\"sameAs\":[\"https:\/\/www.facebook.com\/OMBUTOPAN\"]}]}<\/script>\n<!-- \/ Yoast SEO plugin. -->","yoast_head_json":{"title":"Capa de lluvia Bil-vex - Topan Industrial","robots":{"index":"index","follow":"follow","max-snippet":"max-snippet:-1","max-image-preview":"max-image-preview:large","max-video-preview":"max-video-preview:-1"},"canonical":"https:\/\/topanindustrial.com.ar\/shop\/producto\/capa-de-lluvia-bil-vex\/","og_locale":"es_ES","og_type":"article","og_title":"Capa de lluvia Bil-vex - Topan Industrial","og_description":"Capa de Lluvia PVC amarillo \/ Azul: Detalles: Tejido de Tela PVC\/Poli\u00e9ster\/PVC 0.32 +\/- 0.02 micrones 100%impermeable. Costuras selladas electronicamente por alta frecuencia Capucha desmontable. Cuello de Corderoy Bolsillos con tapa. Cierres con broches a presi\u00f3n y solapa cubrecierre. Respiraci\u00f3n en espalda y axilas. Broches de ajuste en pu\u00f1os.","og_url":"https:\/\/topanindustrial.com.ar\/shop\/producto\/capa-de-lluvia-bil-vex\/","og_site_name":"Topan Industrial","article_publisher":"https:\/\/www.facebook.com\/OMBUTOPAN","article_modified_time":"2024-10-24T19:44:22+00:00","og_image":[{"width":1080,"height":1080,"url":"https:\/\/topanindustrial.com.ar\/shop\/wp-content\/uploads\/faja-lumbar-11.png","type":"image\/png"}],"twitter_card":"summary_large_image","twitter_misc":{"Tiempo de lectura":"1 minuto"},"schema":{"@context":"https:\/\/schema.org","@graph":[{"@type":"WebPage","@id":"https:\/\/topanindustrial.com.ar\/shop\/producto\/capa-de-lluvia-bil-vex\/","url":"https:\/\/topanindustrial.com.ar\/shop\/producto\/capa-de-lluvia-bil-vex\/","name":"Capa de lluvia Bil-vex - Topan Industrial","isPartOf":{"@id":"https:\/\/topanindustrial.com.ar\/shop\/#website"},"primaryImageOfPage":{"@id":"https:\/\/topanindustrial.com.ar\/shop\/producto\/capa-de-lluvia-bil-vex\/#primaryimage"},"image":{"@id":"https:\/\/topanindustrial.com.ar\/shop\/producto\/capa-de-lluvia-bil-vex\/#primaryimage"},"thumbnailUrl":"https:\/\/topanindustrial.com.ar\/shop\/wp-content\/uploads\/faja-lumbar-11.png","datePublished":"2024-10-24T19:35:53+00:00","dateModified":"2024-10-24T19:44:22+00:00","breadcrumb":{"@id":"https:\/\/topanindustrial.com.ar\/shop\/producto\/capa-de-lluvia-bil-vex\/#breadcrumb"},"inLanguage":"es","potentialAction":[{"@type":"ReadAction","target":["https:\/\/topanindustrial.com.ar\/shop\/producto\/capa-de-lluvia-bil-vex\/"]}]},{"@type":"ImageObject","inLanguage":"es","@id":"https:\/\/topanindustrial.com.ar\/shop\/producto\/capa-de-lluvia-bil-vex\/#primaryimage","url":"https:\/\/topanindustrial.com.ar\/shop\/wp-content\/uploads\/faja-lumbar-11.png","contentUrl":"https:\/\/topanindustrial.com.ar\/shop\/wp-content\/uploads\/faja-lumbar-11.png","width":1080,"height":1080},{"@type":"BreadcrumbList","@id":"https:\/\/topanindustrial.com.ar\/shop\/producto\/capa-de-lluvia-bil-vex\/#breadcrumb","itemListElement":[{"@type":"ListItem","position":1,"name":"Portada","item":"https:\/\/topanindustrial.com.ar\/shop\/"},{"@type":"ListItem","position":2,"name":"Tienda","item":"https:\/\/topanindustrial.com.ar\/shop\/tienda\/"},{"@type":"ListItem","position":3,"name":"Capa de lluvia Bil-vex"}]},{"@type":"WebSite","@id":"https:\/\/topanindustrial.com.ar\/shop\/#website","url":"https:\/\/topanindustrial.com.ar\/shop\/","name":"Topan Industrial","description":"Ropa de Trabajo, Canzado de seguridad y Elementos de Seguridad industrial.","publisher":{"@id":"https:\/\/topanindustrial.com.ar\/shop\/#organization"},"potentialAction":[{"@type":"SearchAction","target":{"@type":"EntryPoint","urlTemplate":"https:\/\/topanindustrial.com.ar\/shop\/?s={search_term_string}"},"query-input":{"@type":"PropertyValueSpecification","valueRequired":true,"valueName":"search_term_string"}}],"inLanguage":"es"},{"@type":"Organization","@id":"https:\/\/topanindustrial.com.ar\/shop\/#organization","name":"Topan Industrial","url":"https:\/\/topanindustrial.com.ar\/shop\/","logo":{"@type":"ImageObject","inLanguage":"es","@id":"https:\/\/topanindustrial.com.ar\/shop\/#\/schema\/logo\/image\/","url":"https:\/\/topanindustrial.com.ar\/shop\/wp-content\/uploads\/Logo-topan.png","contentUrl":"https:\/\/topanindustrial.com.ar\/shop\/wp-content\/uploads\/Logo-topan.png","width":552,"height":471,"caption":"Topan Industrial"},"image":{"@id":"https:\/\/topanindustrial.com.ar\/shop\/#\/schema\/logo\/image\/"},"sameAs":["https:\/\/www.facebook.com\/OMBUTOPAN"]}]}},"_links":{"self":[{"href":"https:\/\/topanindustrial.com.ar\/shop\/wp-json\/wp\/v2\/product\/5855","targetHints":{"allow":["GET"]}}],"collection":[{"href":"https:\/\/topanindustrial.com.ar\/shop\/wp-json\/wp\/v2\/product"}],"about":[{"href":"https:\/\/topanindustrial.com.ar\/shop\/wp-json\/wp\/v2\/types\/product"}],"wp:featuredmedia":[{"embeddable":true,"href":"https:\/\/topanindustrial.com.ar\/shop\/wp-json\/wp\/v2\/media\/5842"}],"wp:attachment":[{"href":"https:\/\/topanindustrial.com.ar\/shop\/wp-json\/wp\/v2\/media?parent=5855"}],"wp:term":[{"taxonomy":"product_brand","embeddable":true,"href":"https:\/\/topanindustrial.com.ar\/shop\/wp-json\/wp\/v2\/product_brand?post=5855"},{"taxonomy":"product_cat","embeddable":true,"href":"https:\/\/topanindustrial.com.ar\/shop\/wp-json\/wp\/v2\/product_cat?post=5855"},{"taxonomy":"product_tag","embeddable":true,"href":"https:\/\/topanindustrial.com.ar\/shop\/wp-json\/wp\/v2\/product_tag?post=5855"}],"curies":[{"name":"wp","href":"https:\/\/api.w.org\/{rel}","templated":true}]}}