{"id":5919,"date":"2024-10-28T17:58:48","date_gmt":"2024-10-28T17:58:48","guid":{"rendered":"https:\/\/topanindustrial.com.ar\/shop\/?post_type=product&#038;p=5919"},"modified":"2024-10-28T18:09:19","modified_gmt":"2024-10-28T18:09:19","slug":"campera-de-trabajo-ignifugo-con-reflectivo-nomex","status":"publish","type":"product","link":"https:\/\/topanindustrial.com.ar\/shop\/producto\/campera-de-trabajo-ignifugo-con-reflectivo-nomex\/","title":{"rendered":"Campera de trabajo ign\u00edfugo con reflectivo NOMEX"},"content":{"rendered":"<p>La tela no propaga llama, no se funde y no se derrite bajo el calor intenso causado por un fuego repentino o arcos el\u00e9ctricos<br \/>\nPermite la respiraci\u00f3n: transporta la humedad de la piel al ambiente<\/p>\n<p>tela: 7 OZ<br \/>\nColor: Azul Oscuro<\/p>\n<p>Es suave y liviana<br \/>\nResistente y f\u00e1cil de lavar<br \/>\nDurable y elegante<br \/>\nCierre doble camino<br \/>\nBroches de bronce<br \/>\nCintura elastizada<br \/>\nBolsillos delanteros, traseros y a los costados<\/p>\n<p>DESCRIPCI\u00d3N<\/p>\n<p>La energ\u00eda intensa y la duraci\u00f3n muy breve que tiene un arco el\u00e9ctrico representa una forma de exposici\u00f3n \u00fanica, una que requiere prendas ignifugas que duren lo suficiente para soportar temperaturas que se aproximan a los 19.426,66 \u00b0C (35.000 \u00b0F). Una vez que la ropa de trabajo de algod\u00f3n o polialgod\u00f3n regular se prende fuego, esta puede continuar quem\u00e1ndose incluso despu\u00e9s de que se remueve la fuente de ignici\u00f3n. Pero las Telas de nuestras prendas, apagan el fuego de manera autom\u00e1tica y proporcionan resistencia al fuego durante la vida \u00fatil de la prenda.<\/p>\n<p>* 100% algod\u00f3n FR ATPV 11 cal\/cm2.<\/p>\n<p>* Protecci\u00f3n Retardante a las Llamas, Protecci\u00f3n Arco El\u00e9ctrico y Protecci\u00f3n a Factor Solar 50+.<\/p>\n<p>* Aprobado en las normas: NFPA 2112; NFPA 70E; IEC 61482-1-1; ISO 15025; Norma 1161; DIN 54345; emisi\u00f3n de gases t\u00f3xicos: ABD 0031<\/p>\n","protected":false},"excerpt":{"rendered":"<p>La tela no propaga llama, no se funde y no se derrite bajo el calor intenso causado por un fuego repentino o arcos el\u00e9ctricos Permite la respiraci\u00f3n: transporta la humedad de la piel al ambiente tela: 7 OZ Color: Azul Oscuro Es suave y liviana Resistente y f\u00e1cil de lavar Durable y elegante Cierre doble [&#8230;]\n","protected":false},"featured_media":5906,"template":"","meta":{"_joinchat":[]},"product_brand":[],"product_cat":[20,92],"product_tag":[],"class_list":{"0":"post-5919","1":"product","2":"type-product","3":"status-publish","4":"has-post-thumbnail","6":"product_cat-indumentaria-de-trabajo","7":"product_cat-proteccion-industrial","9":"first","10":"instock","11":"shipping-taxable","12":"purchasable","13":"product-type-variable","14":"has-default-attributes","15":"add-to-wishlist-after_add_to_cart"},"yoast_head":"<!-- This site is optimized with the Yoast SEO plugin v25.2 - https:\/\/yoast.com\/wordpress\/plugins\/seo\/ -->\n<title>Campera de trabajo ign\u00edfugo con reflectivo NOMEX - Topan Industrial<\/title>\n<meta name=\"robots\" content=\"index, follow, max-snippet:-1, max-image-preview:large, max-video-preview:-1\" \/>\n<link rel=\"canonical\" href=\"https:\/\/topanindustrial.com.ar\/shop\/producto\/campera-de-trabajo-ignifugo-con-reflectivo-nomex\/\" \/>\n<meta property=\"og:locale\" content=\"es_ES\" \/>\n<meta property=\"og:type\" content=\"article\" \/>\n<meta property=\"og:title\" content=\"Campera de trabajo ign\u00edfugo con reflectivo NOMEX - Topan Industrial\" \/>\n<meta property=\"og:description\" content=\"La tela no propaga llama, no se funde y no se derrite bajo el calor intenso causado por un fuego repentino o arcos el\u00e9ctricos Permite la respiraci\u00f3n: transporta la humedad de la piel al ambiente tela: 7 OZ Color: Azul Oscuro Es suave y liviana Resistente y f\u00e1cil de lavar Durable y elegante Cierre doble [...]\" \/>\n<meta property=\"og:url\" content=\"https:\/\/topanindustrial.com.ar\/shop\/producto\/campera-de-trabajo-ignifugo-con-reflectivo-nomex\/\" \/>\n<meta property=\"og:site_name\" content=\"Topan Industrial\" \/>\n<meta property=\"article:publisher\" content=\"https:\/\/www.facebook.com\/OMBUTOPAN\" \/>\n<meta property=\"article:modified_time\" content=\"2024-10-28T18:09:19+00:00\" \/>\n<meta property=\"og:image\" content=\"https:\/\/topanindustrial.com.ar\/shop\/wp-content\/uploads\/campera-ignifuga-maximo-esfuerzo-frente.jpg\" \/>\n\t<meta property=\"og:image:width\" content=\"1000\" \/>\n\t<meta property=\"og:image:height\" content=\"1000\" \/>\n\t<meta property=\"og:image:type\" content=\"image\/jpeg\" \/>\n<meta name=\"twitter:card\" content=\"summary_large_image\" \/>\n<meta name=\"twitter:label1\" content=\"Tiempo de lectura\" \/>\n\t<meta name=\"twitter:data1\" content=\"2 minutos\" \/>\n<script type=\"application\/ld+json\" class=\"yoast-schema-graph\">{\"@context\":\"https:\/\/schema.org\",\"@graph\":[{\"@type\":\"WebPage\",\"@id\":\"https:\/\/topanindustrial.com.ar\/shop\/producto\/campera-de-trabajo-ignifugo-con-reflectivo-nomex\/\",\"url\":\"https:\/\/topanindustrial.com.ar\/shop\/producto\/campera-de-trabajo-ignifugo-con-reflectivo-nomex\/\",\"name\":\"Campera de trabajo ign\u00edfugo con reflectivo NOMEX - Topan Industrial\",\"isPartOf\":{\"@id\":\"https:\/\/topanindustrial.com.ar\/shop\/#website\"},\"primaryImageOfPage\":{\"@id\":\"https:\/\/topanindustrial.com.ar\/shop\/producto\/campera-de-trabajo-ignifugo-con-reflectivo-nomex\/#primaryimage\"},\"image\":{\"@id\":\"https:\/\/topanindustrial.com.ar\/shop\/producto\/campera-de-trabajo-ignifugo-con-reflectivo-nomex\/#primaryimage\"},\"thumbnailUrl\":\"https:\/\/topanindustrial.com.ar\/shop\/wp-content\/uploads\/campera-ignifuga-maximo-esfuerzo-frente.jpg\",\"datePublished\":\"2024-10-28T17:58:48+00:00\",\"dateModified\":\"2024-10-28T18:09:19+00:00\",\"breadcrumb\":{\"@id\":\"https:\/\/topanindustrial.com.ar\/shop\/producto\/campera-de-trabajo-ignifugo-con-reflectivo-nomex\/#breadcrumb\"},\"inLanguage\":\"es\",\"potentialAction\":[{\"@type\":\"ReadAction\",\"target\":[\"https:\/\/topanindustrial.com.ar\/shop\/producto\/campera-de-trabajo-ignifugo-con-reflectivo-nomex\/\"]}]},{\"@type\":\"ImageObject\",\"inLanguage\":\"es\",\"@id\":\"https:\/\/topanindustrial.com.ar\/shop\/producto\/campera-de-trabajo-ignifugo-con-reflectivo-nomex\/#primaryimage\",\"url\":\"https:\/\/topanindustrial.com.ar\/shop\/wp-content\/uploads\/campera-ignifuga-maximo-esfuerzo-frente.jpg\",\"contentUrl\":\"https:\/\/topanindustrial.com.ar\/shop\/wp-content\/uploads\/campera-ignifuga-maximo-esfuerzo-frente.jpg\",\"width\":1000,\"height\":1000},{\"@type\":\"BreadcrumbList\",\"@id\":\"https:\/\/topanindustrial.com.ar\/shop\/producto\/campera-de-trabajo-ignifugo-con-reflectivo-nomex\/#breadcrumb\",\"itemListElement\":[{\"@type\":\"ListItem\",\"position\":1,\"name\":\"Portada\",\"item\":\"https:\/\/topanindustrial.com.ar\/shop\/\"},{\"@type\":\"ListItem\",\"position\":2,\"name\":\"Tienda\",\"item\":\"https:\/\/topanindustrial.com.ar\/shop\/tienda\/\"},{\"@type\":\"ListItem\",\"position\":3,\"name\":\"Campera de trabajo ign\u00edfugo con reflectivo NOMEX\"}]},{\"@type\":\"WebSite\",\"@id\":\"https:\/\/topanindustrial.com.ar\/shop\/#website\",\"url\":\"https:\/\/topanindustrial.com.ar\/shop\/\",\"name\":\"Topan Industrial\",\"description\":\"Ropa de Trabajo, Canzado de seguridad y Elementos de Seguridad industrial.\",\"publisher\":{\"@id\":\"https:\/\/topanindustrial.com.ar\/shop\/#organization\"},\"potentialAction\":[{\"@type\":\"SearchAction\",\"target\":{\"@type\":\"EntryPoint\",\"urlTemplate\":\"https:\/\/topanindustrial.com.ar\/shop\/?s={search_term_string}\"},\"query-input\":{\"@type\":\"PropertyValueSpecification\",\"valueRequired\":true,\"valueName\":\"search_term_string\"}}],\"inLanguage\":\"es\"},{\"@type\":\"Organization\",\"@id\":\"https:\/\/topanindustrial.com.ar\/shop\/#organization\",\"name\":\"Topan Industrial\",\"url\":\"https:\/\/topanindustrial.com.ar\/shop\/\",\"logo\":{\"@type\":\"ImageObject\",\"inLanguage\":\"es\",\"@id\":\"https:\/\/topanindustrial.com.ar\/shop\/#\/schema\/logo\/image\/\",\"url\":\"https:\/\/topanindustrial.com.ar\/shop\/wp-content\/uploads\/Logo-topan.png\",\"contentUrl\":\"https:\/\/topanindustrial.com.ar\/shop\/wp-content\/uploads\/Logo-topan.png\",\"width\":552,\"height\":471,\"caption\":\"Topan Industrial\"},\"image\":{\"@id\":\"https:\/\/topanindustrial.com.ar\/shop\/#\/schema\/logo\/image\/\"},\"sameAs\":[\"https:\/\/www.facebook.com\/OMBUTOPAN\"]}]}<\/script>\n<!-- \/ Yoast SEO plugin. -->","yoast_head_json":{"title":"Campera de trabajo ign\u00edfugo con reflectivo NOMEX - Topan Industrial","robots":{"index":"index","follow":"follow","max-snippet":"max-snippet:-1","max-image-preview":"max-image-preview:large","max-video-preview":"max-video-preview:-1"},"canonical":"https:\/\/topanindustrial.com.ar\/shop\/producto\/campera-de-trabajo-ignifugo-con-reflectivo-nomex\/","og_locale":"es_ES","og_type":"article","og_title":"Campera de trabajo ign\u00edfugo con reflectivo NOMEX - Topan Industrial","og_description":"La tela no propaga llama, no se funde y no se derrite bajo el calor intenso causado por un fuego repentino o arcos el\u00e9ctricos Permite la respiraci\u00f3n: transporta la humedad de la piel al ambiente tela: 7 OZ Color: Azul Oscuro Es suave y liviana Resistente y f\u00e1cil de lavar Durable y elegante Cierre doble [...]","og_url":"https:\/\/topanindustrial.com.ar\/shop\/producto\/campera-de-trabajo-ignifugo-con-reflectivo-nomex\/","og_site_name":"Topan Industrial","article_publisher":"https:\/\/www.facebook.com\/OMBUTOPAN","article_modified_time":"2024-10-28T18:09:19+00:00","og_image":[{"width":1000,"height":1000,"url":"https:\/\/topanindustrial.com.ar\/shop\/wp-content\/uploads\/campera-ignifuga-maximo-esfuerzo-frente.jpg","type":"image\/jpeg"}],"twitter_card":"summary_large_image","twitter_misc":{"Tiempo de lectura":"2 minutos"},"schema":{"@context":"https:\/\/schema.org","@graph":[{"@type":"WebPage","@id":"https:\/\/topanindustrial.com.ar\/shop\/producto\/campera-de-trabajo-ignifugo-con-reflectivo-nomex\/","url":"https:\/\/topanindustrial.com.ar\/shop\/producto\/campera-de-trabajo-ignifugo-con-reflectivo-nomex\/","name":"Campera de trabajo ign\u00edfugo con reflectivo NOMEX - Topan Industrial","isPartOf":{"@id":"https:\/\/topanindustrial.com.ar\/shop\/#website"},"primaryImageOfPage":{"@id":"https:\/\/topanindustrial.com.ar\/shop\/producto\/campera-de-trabajo-ignifugo-con-reflectivo-nomex\/#primaryimage"},"image":{"@id":"https:\/\/topanindustrial.com.ar\/shop\/producto\/campera-de-trabajo-ignifugo-con-reflectivo-nomex\/#primaryimage"},"thumbnailUrl":"https:\/\/topanindustrial.com.ar\/shop\/wp-content\/uploads\/campera-ignifuga-maximo-esfuerzo-frente.jpg","datePublished":"2024-10-28T17:58:48+00:00","dateModified":"2024-10-28T18:09:19+00:00","breadcrumb":{"@id":"https:\/\/topanindustrial.com.ar\/shop\/producto\/campera-de-trabajo-ignifugo-con-reflectivo-nomex\/#breadcrumb"},"inLanguage":"es","potentialAction":[{"@type":"ReadAction","target":["https:\/\/topanindustrial.com.ar\/shop\/producto\/campera-de-trabajo-ignifugo-con-reflectivo-nomex\/"]}]},{"@type":"ImageObject","inLanguage":"es","@id":"https:\/\/topanindustrial.com.ar\/shop\/producto\/campera-de-trabajo-ignifugo-con-reflectivo-nomex\/#primaryimage","url":"https:\/\/topanindustrial.com.ar\/shop\/wp-content\/uploads\/campera-ignifuga-maximo-esfuerzo-frente.jpg","contentUrl":"https:\/\/topanindustrial.com.ar\/shop\/wp-content\/uploads\/campera-ignifuga-maximo-esfuerzo-frente.jpg","width":1000,"height":1000},{"@type":"BreadcrumbList","@id":"https:\/\/topanindustrial.com.ar\/shop\/producto\/campera-de-trabajo-ignifugo-con-reflectivo-nomex\/#breadcrumb","itemListElement":[{"@type":"ListItem","position":1,"name":"Portada","item":"https:\/\/topanindustrial.com.ar\/shop\/"},{"@type":"ListItem","position":2,"name":"Tienda","item":"https:\/\/topanindustrial.com.ar\/shop\/tienda\/"},{"@type":"ListItem","position":3,"name":"Campera de trabajo ign\u00edfugo con reflectivo NOMEX"}]},{"@type":"WebSite","@id":"https:\/\/topanindustrial.com.ar\/shop\/#website","url":"https:\/\/topanindustrial.com.ar\/shop\/","name":"Topan Industrial","description":"Ropa de Trabajo, Canzado de seguridad y Elementos de Seguridad industrial.","publisher":{"@id":"https:\/\/topanindustrial.com.ar\/shop\/#organization"},"potentialAction":[{"@type":"SearchAction","target":{"@type":"EntryPoint","urlTemplate":"https:\/\/topanindustrial.com.ar\/shop\/?s={search_term_string}"},"query-input":{"@type":"PropertyValueSpecification","valueRequired":true,"valueName":"search_term_string"}}],"inLanguage":"es"},{"@type":"Organization","@id":"https:\/\/topanindustrial.com.ar\/shop\/#organization","name":"Topan Industrial","url":"https:\/\/topanindustrial.com.ar\/shop\/","logo":{"@type":"ImageObject","inLanguage":"es","@id":"https:\/\/topanindustrial.com.ar\/shop\/#\/schema\/logo\/image\/","url":"https:\/\/topanindustrial.com.ar\/shop\/wp-content\/uploads\/Logo-topan.png","contentUrl":"https:\/\/topanindustrial.com.ar\/shop\/wp-content\/uploads\/Logo-topan.png","width":552,"height":471,"caption":"Topan Industrial"},"image":{"@id":"https:\/\/topanindustrial.com.ar\/shop\/#\/schema\/logo\/image\/"},"sameAs":["https:\/\/www.facebook.com\/OMBUTOPAN"]}]}},"_links":{"self":[{"href":"https:\/\/topanindustrial.com.ar\/shop\/wp-json\/wp\/v2\/product\/5919","targetHints":{"allow":["GET"]}}],"collection":[{"href":"https:\/\/topanindustrial.com.ar\/shop\/wp-json\/wp\/v2\/product"}],"about":[{"href":"https:\/\/topanindustrial.com.ar\/shop\/wp-json\/wp\/v2\/types\/product"}],"wp:featuredmedia":[{"embeddable":true,"href":"https:\/\/topanindustrial.com.ar\/shop\/wp-json\/wp\/v2\/media\/5906"}],"wp:attachment":[{"href":"https:\/\/topanindustrial.com.ar\/shop\/wp-json\/wp\/v2\/media?parent=5919"}],"wp:term":[{"taxonomy":"product_brand","embeddable":true,"href":"https:\/\/topanindustrial.com.ar\/shop\/wp-json\/wp\/v2\/product_brand?post=5919"},{"taxonomy":"product_cat","embeddable":true,"href":"https:\/\/topanindustrial.com.ar\/shop\/wp-json\/wp\/v2\/product_cat?post=5919"},{"taxonomy":"product_tag","embeddable":true,"href":"https:\/\/topanindustrial.com.ar\/shop\/wp-json\/wp\/v2\/product_tag?post=5919"}],"curies":[{"name":"wp","href":"https:\/\/api.w.org\/{rel}","templated":true}]}}