{"id":5997,"date":"2024-11-01T18:59:56","date_gmt":"2024-11-01T18:59:56","guid":{"rendered":"https:\/\/topanindustrial.com.ar\/shop\/?post_type=product&#038;p=5997"},"modified":"2024-11-01T18:59:56","modified_gmt":"2024-11-01T18:59:56","slug":"arnes-eslingar-212-constructor-wxeha13a","status":"publish","type":"product","link":"https:\/\/topanindustrial.com.ar\/shop\/producto\/arnes-eslingar-212-constructor-wxeha13a\/","title":{"rendered":"Arnes Eslingar 212 Constructor \u2013 WXEHA13A"},"content":{"rendered":"<section class=\"blocContenu blocContenu-first\">\n<div>Arn\u00e9s cuerpo completo con 3 puntos de conexi\u00f3n: dorsal y cintura. Presillas para retener la cinta libre, hebillas con ranura para una f\u00e1cil colocaci\u00f3n y regulaci\u00f3n en piernas y cintura.<\/div>\n<\/section>\n<div>\n<div class=\"row-fluid\">\n<div class=\"blocContenu span12\">\n<div class=\"titleh1\">Color Art\u00edculo<\/div>\n<div>\n<p>Negro-Naranja<\/p>\n<\/div>\n<\/div>\n<\/div>\n<div class=\"row-fluid\">\n<div id=\"btnDisplaySize\" class=\"blocContenu span12\">\n<div class=\"titleh1\">Talla Art\u00edculo\u00a0<i class=\"icon-ord-info\"><\/i><\/div>\n<div>\n<p>M\/L<\/p>\n<\/div>\n<\/div>\n<\/div>\n<\/div>\n","protected":false},"excerpt":{"rendered":"<p>Arn\u00e9s cuerpo completo con 3 puntos de conexi\u00f3n: dorsal y cintura. Presillas para retener la cinta libre, hebillas con ranura para una f\u00e1cil colocaci\u00f3n y regulaci\u00f3n en piernas y cintura. Color Art\u00edculo Negro-Naranja Talla Art\u00edculo\u00a0 M\/L<\/p>\n","protected":false},"featured_media":5998,"template":"","meta":{"_joinchat":[]},"product_brand":[],"product_cat":[68,77],"product_tag":[],"class_list":{"0":"post-5997","1":"product","2":"type-product","3":"status-publish","4":"has-post-thumbnail","6":"product_cat-elementos-seguridad","7":"product_cat-proteccion-en-alturas","9":"first","10":"instock","11":"shipping-taxable","12":"purchasable","13":"product-type-simple","14":"add-to-wishlist-after_add_to_cart"},"yoast_head":"<!-- This site is optimized with the Yoast SEO plugin v25.2 - https:\/\/yoast.com\/wordpress\/plugins\/seo\/ -->\n<title>Arnes Eslingar 212 Constructor \u2013 WXEHA13A - Topan Industrial<\/title>\n<meta name=\"robots\" content=\"index, follow, max-snippet:-1, max-image-preview:large, max-video-preview:-1\" \/>\n<link rel=\"canonical\" href=\"https:\/\/topanindustrial.com.ar\/shop\/producto\/arnes-eslingar-212-constructor-wxeha13a\/\" \/>\n<meta property=\"og:locale\" content=\"es_ES\" \/>\n<meta property=\"og:type\" content=\"article\" \/>\n<meta property=\"og:title\" content=\"Arnes Eslingar 212 Constructor \u2013 WXEHA13A - Topan Industrial\" \/>\n<meta property=\"og:description\" content=\"Arn\u00e9s cuerpo completo con 3 puntos de conexi\u00f3n: dorsal y cintura. Presillas para retener la cinta libre, hebillas con ranura para una f\u00e1cil colocaci\u00f3n y regulaci\u00f3n en piernas y cintura. Color Art\u00edculo Negro-Naranja Talla Art\u00edculo\u00a0 M\/L\" \/>\n<meta property=\"og:url\" content=\"https:\/\/topanindustrial.com.ar\/shop\/producto\/arnes-eslingar-212-constructor-wxeha13a\/\" \/>\n<meta property=\"og:site_name\" content=\"Topan Industrial\" \/>\n<meta property=\"article:publisher\" content=\"https:\/\/www.facebook.com\/OMBUTOPAN\" \/>\n<meta property=\"og:image\" content=\"https:\/\/topanindustrial.com.ar\/shop\/wp-content\/uploads\/arnes-1.png\" \/>\n\t<meta property=\"og:image:width\" content=\"581\" \/>\n\t<meta property=\"og:image:height\" content=\"584\" \/>\n\t<meta property=\"og:image:type\" content=\"image\/png\" \/>\n<meta name=\"twitter:card\" content=\"summary_large_image\" \/>\n<meta name=\"twitter:label1\" content=\"Tiempo de lectura\" \/>\n\t<meta name=\"twitter:data1\" content=\"1 minuto\" \/>\n<script type=\"application\/ld+json\" class=\"yoast-schema-graph\">{\"@context\":\"https:\/\/schema.org\",\"@graph\":[{\"@type\":\"WebPage\",\"@id\":\"https:\/\/topanindustrial.com.ar\/shop\/producto\/arnes-eslingar-212-constructor-wxeha13a\/\",\"url\":\"https:\/\/topanindustrial.com.ar\/shop\/producto\/arnes-eslingar-212-constructor-wxeha13a\/\",\"name\":\"Arnes Eslingar 212 Constructor \u2013 WXEHA13A - Topan Industrial\",\"isPartOf\":{\"@id\":\"https:\/\/topanindustrial.com.ar\/shop\/#website\"},\"primaryImageOfPage\":{\"@id\":\"https:\/\/topanindustrial.com.ar\/shop\/producto\/arnes-eslingar-212-constructor-wxeha13a\/#primaryimage\"},\"image\":{\"@id\":\"https:\/\/topanindustrial.com.ar\/shop\/producto\/arnes-eslingar-212-constructor-wxeha13a\/#primaryimage\"},\"thumbnailUrl\":\"https:\/\/topanindustrial.com.ar\/shop\/wp-content\/uploads\/arnes-1.png\",\"datePublished\":\"2024-11-01T18:59:56+00:00\",\"breadcrumb\":{\"@id\":\"https:\/\/topanindustrial.com.ar\/shop\/producto\/arnes-eslingar-212-constructor-wxeha13a\/#breadcrumb\"},\"inLanguage\":\"es\",\"potentialAction\":[{\"@type\":\"ReadAction\",\"target\":[\"https:\/\/topanindustrial.com.ar\/shop\/producto\/arnes-eslingar-212-constructor-wxeha13a\/\"]}]},{\"@type\":\"ImageObject\",\"inLanguage\":\"es\",\"@id\":\"https:\/\/topanindustrial.com.ar\/shop\/producto\/arnes-eslingar-212-constructor-wxeha13a\/#primaryimage\",\"url\":\"https:\/\/topanindustrial.com.ar\/shop\/wp-content\/uploads\/arnes-1.png\",\"contentUrl\":\"https:\/\/topanindustrial.com.ar\/shop\/wp-content\/uploads\/arnes-1.png\",\"width\":581,\"height\":584},{\"@type\":\"BreadcrumbList\",\"@id\":\"https:\/\/topanindustrial.com.ar\/shop\/producto\/arnes-eslingar-212-constructor-wxeha13a\/#breadcrumb\",\"itemListElement\":[{\"@type\":\"ListItem\",\"position\":1,\"name\":\"Portada\",\"item\":\"https:\/\/topanindustrial.com.ar\/shop\/\"},{\"@type\":\"ListItem\",\"position\":2,\"name\":\"Tienda\",\"item\":\"https:\/\/topanindustrial.com.ar\/shop\/tienda\/\"},{\"@type\":\"ListItem\",\"position\":3,\"name\":\"Arnes Eslingar 212 Constructor \u2013 WXEHA13A\"}]},{\"@type\":\"WebSite\",\"@id\":\"https:\/\/topanindustrial.com.ar\/shop\/#website\",\"url\":\"https:\/\/topanindustrial.com.ar\/shop\/\",\"name\":\"Topan Industrial\",\"description\":\"Ropa de Trabajo, Canzado de seguridad y Elementos de Seguridad industrial.\",\"publisher\":{\"@id\":\"https:\/\/topanindustrial.com.ar\/shop\/#organization\"},\"potentialAction\":[{\"@type\":\"SearchAction\",\"target\":{\"@type\":\"EntryPoint\",\"urlTemplate\":\"https:\/\/topanindustrial.com.ar\/shop\/?s={search_term_string}\"},\"query-input\":{\"@type\":\"PropertyValueSpecification\",\"valueRequired\":true,\"valueName\":\"search_term_string\"}}],\"inLanguage\":\"es\"},{\"@type\":\"Organization\",\"@id\":\"https:\/\/topanindustrial.com.ar\/shop\/#organization\",\"name\":\"Topan Industrial\",\"url\":\"https:\/\/topanindustrial.com.ar\/shop\/\",\"logo\":{\"@type\":\"ImageObject\",\"inLanguage\":\"es\",\"@id\":\"https:\/\/topanindustrial.com.ar\/shop\/#\/schema\/logo\/image\/\",\"url\":\"https:\/\/topanindustrial.com.ar\/shop\/wp-content\/uploads\/Logo-topan.png\",\"contentUrl\":\"https:\/\/topanindustrial.com.ar\/shop\/wp-content\/uploads\/Logo-topan.png\",\"width\":552,\"height\":471,\"caption\":\"Topan Industrial\"},\"image\":{\"@id\":\"https:\/\/topanindustrial.com.ar\/shop\/#\/schema\/logo\/image\/\"},\"sameAs\":[\"https:\/\/www.facebook.com\/OMBUTOPAN\"]}]}<\/script>\n<!-- \/ Yoast SEO plugin. -->","yoast_head_json":{"title":"Arnes Eslingar 212 Constructor \u2013 WXEHA13A - Topan Industrial","robots":{"index":"index","follow":"follow","max-snippet":"max-snippet:-1","max-image-preview":"max-image-preview:large","max-video-preview":"max-video-preview:-1"},"canonical":"https:\/\/topanindustrial.com.ar\/shop\/producto\/arnes-eslingar-212-constructor-wxeha13a\/","og_locale":"es_ES","og_type":"article","og_title":"Arnes Eslingar 212 Constructor \u2013 WXEHA13A - Topan Industrial","og_description":"Arn\u00e9s cuerpo completo con 3 puntos de conexi\u00f3n: dorsal y cintura. Presillas para retener la cinta libre, hebillas con ranura para una f\u00e1cil colocaci\u00f3n y regulaci\u00f3n en piernas y cintura. Color Art\u00edculo Negro-Naranja Talla Art\u00edculo\u00a0 M\/L","og_url":"https:\/\/topanindustrial.com.ar\/shop\/producto\/arnes-eslingar-212-constructor-wxeha13a\/","og_site_name":"Topan Industrial","article_publisher":"https:\/\/www.facebook.com\/OMBUTOPAN","og_image":[{"width":581,"height":584,"url":"https:\/\/topanindustrial.com.ar\/shop\/wp-content\/uploads\/arnes-1.png","type":"image\/png"}],"twitter_card":"summary_large_image","twitter_misc":{"Tiempo de lectura":"1 minuto"},"schema":{"@context":"https:\/\/schema.org","@graph":[{"@type":"WebPage","@id":"https:\/\/topanindustrial.com.ar\/shop\/producto\/arnes-eslingar-212-constructor-wxeha13a\/","url":"https:\/\/topanindustrial.com.ar\/shop\/producto\/arnes-eslingar-212-constructor-wxeha13a\/","name":"Arnes Eslingar 212 Constructor \u2013 WXEHA13A - Topan Industrial","isPartOf":{"@id":"https:\/\/topanindustrial.com.ar\/shop\/#website"},"primaryImageOfPage":{"@id":"https:\/\/topanindustrial.com.ar\/shop\/producto\/arnes-eslingar-212-constructor-wxeha13a\/#primaryimage"},"image":{"@id":"https:\/\/topanindustrial.com.ar\/shop\/producto\/arnes-eslingar-212-constructor-wxeha13a\/#primaryimage"},"thumbnailUrl":"https:\/\/topanindustrial.com.ar\/shop\/wp-content\/uploads\/arnes-1.png","datePublished":"2024-11-01T18:59:56+00:00","breadcrumb":{"@id":"https:\/\/topanindustrial.com.ar\/shop\/producto\/arnes-eslingar-212-constructor-wxeha13a\/#breadcrumb"},"inLanguage":"es","potentialAction":[{"@type":"ReadAction","target":["https:\/\/topanindustrial.com.ar\/shop\/producto\/arnes-eslingar-212-constructor-wxeha13a\/"]}]},{"@type":"ImageObject","inLanguage":"es","@id":"https:\/\/topanindustrial.com.ar\/shop\/producto\/arnes-eslingar-212-constructor-wxeha13a\/#primaryimage","url":"https:\/\/topanindustrial.com.ar\/shop\/wp-content\/uploads\/arnes-1.png","contentUrl":"https:\/\/topanindustrial.com.ar\/shop\/wp-content\/uploads\/arnes-1.png","width":581,"height":584},{"@type":"BreadcrumbList","@id":"https:\/\/topanindustrial.com.ar\/shop\/producto\/arnes-eslingar-212-constructor-wxeha13a\/#breadcrumb","itemListElement":[{"@type":"ListItem","position":1,"name":"Portada","item":"https:\/\/topanindustrial.com.ar\/shop\/"},{"@type":"ListItem","position":2,"name":"Tienda","item":"https:\/\/topanindustrial.com.ar\/shop\/tienda\/"},{"@type":"ListItem","position":3,"name":"Arnes Eslingar 212 Constructor \u2013 WXEHA13A"}]},{"@type":"WebSite","@id":"https:\/\/topanindustrial.com.ar\/shop\/#website","url":"https:\/\/topanindustrial.com.ar\/shop\/","name":"Topan Industrial","description":"Ropa de Trabajo, Canzado de seguridad y Elementos de Seguridad industrial.","publisher":{"@id":"https:\/\/topanindustrial.com.ar\/shop\/#organization"},"potentialAction":[{"@type":"SearchAction","target":{"@type":"EntryPoint","urlTemplate":"https:\/\/topanindustrial.com.ar\/shop\/?s={search_term_string}"},"query-input":{"@type":"PropertyValueSpecification","valueRequired":true,"valueName":"search_term_string"}}],"inLanguage":"es"},{"@type":"Organization","@id":"https:\/\/topanindustrial.com.ar\/shop\/#organization","name":"Topan Industrial","url":"https:\/\/topanindustrial.com.ar\/shop\/","logo":{"@type":"ImageObject","inLanguage":"es","@id":"https:\/\/topanindustrial.com.ar\/shop\/#\/schema\/logo\/image\/","url":"https:\/\/topanindustrial.com.ar\/shop\/wp-content\/uploads\/Logo-topan.png","contentUrl":"https:\/\/topanindustrial.com.ar\/shop\/wp-content\/uploads\/Logo-topan.png","width":552,"height":471,"caption":"Topan Industrial"},"image":{"@id":"https:\/\/topanindustrial.com.ar\/shop\/#\/schema\/logo\/image\/"},"sameAs":["https:\/\/www.facebook.com\/OMBUTOPAN"]}]}},"_links":{"self":[{"href":"https:\/\/topanindustrial.com.ar\/shop\/wp-json\/wp\/v2\/product\/5997","targetHints":{"allow":["GET"]}}],"collection":[{"href":"https:\/\/topanindustrial.com.ar\/shop\/wp-json\/wp\/v2\/product"}],"about":[{"href":"https:\/\/topanindustrial.com.ar\/shop\/wp-json\/wp\/v2\/types\/product"}],"wp:featuredmedia":[{"embeddable":true,"href":"https:\/\/topanindustrial.com.ar\/shop\/wp-json\/wp\/v2\/media\/5998"}],"wp:attachment":[{"href":"https:\/\/topanindustrial.com.ar\/shop\/wp-json\/wp\/v2\/media?parent=5997"}],"wp:term":[{"taxonomy":"product_brand","embeddable":true,"href":"https:\/\/topanindustrial.com.ar\/shop\/wp-json\/wp\/v2\/product_brand?post=5997"},{"taxonomy":"product_cat","embeddable":true,"href":"https:\/\/topanindustrial.com.ar\/shop\/wp-json\/wp\/v2\/product_cat?post=5997"},{"taxonomy":"product_tag","embeddable":true,"href":"https:\/\/topanindustrial.com.ar\/shop\/wp-json\/wp\/v2\/product_tag?post=5997"}],"curies":[{"name":"wp","href":"https:\/\/api.w.org\/{rel}","templated":true}]}}