{"id":6013,"date":"2024-11-02T14:32:42","date_gmt":"2024-11-02T14:32:42","guid":{"rendered":"https:\/\/topanindustrial.com.ar\/shop\/?post_type=product&#038;p=6013"},"modified":"2024-11-02T14:32:43","modified_gmt":"2024-11-02T14:32:43","slug":"botiquin-plastico-no104-2","status":"publish","type":"product","link":"https:\/\/topanindustrial.com.ar\/shop\/producto\/botiquin-plastico-no104-2\/","title":{"rendered":"Botiqu\u00edn Pl\u00e1stico N\u00ba104"},"content":{"rendered":"<p><b>Botiqu\u00edn<\/b><strong>\u00a0Pl\u00e1stico N\u00ba 104 \u2013 14 unidades<\/strong><\/p>\n<p>Poliestireno cristal.<\/p>\n<p><strong>Medidas:\u00a0<\/strong>135 x 110 x 70 mm<\/p>\n<p><strong>Cantidad de productos:\u00a0<\/strong>14<\/p>\n<p><strong>Contenido:<\/strong><\/p>\n<ul>\n<li>3 sobres de gasa est\u00e9ril hidr\u00f3fila de 10 x 10 cm.<\/li>\n<li>1 sobre de algod\u00f3n hidr\u00f3filo.<\/li>\n<li>1 x 10 ap\u00f3sitos protector adhesivos.<\/li>\n<li>1 tela adhesiva N\u00b0 1 12.5 mm x 1metro.<\/li>\n<li>1 fco. sol. Timerosal x 30 cc. uso externo.<\/li>\n<li>1 fco. agua oxigenada 10 vol x 30 cc. uso ext.<\/li>\n<li>1 ap\u00f3sito quir\u00fargico est\u00e9ril.<\/li>\n<li>1 venda tipo Cambric orillada 5cm x 3 metros.<\/li>\n<li>2 par de guantes descartables de polietileno.<\/li>\n<li>1 tubo de l\u00e1tex para ligadura.<\/li>\n<li>1 sobre de alcohol. uso externo.<\/li>\n<\/ul>\n","protected":false},"excerpt":{"rendered":"<p>Botiqu\u00edn\u00a0Pl\u00e1stico N\u00ba 104 \u2013 14 unidades Poliestireno cristal. Medidas:\u00a0135 x 110 x 70 mm Cantidad de productos:\u00a014 Contenido: 3 sobres de gasa est\u00e9ril hidr\u00f3fila de 10 x 10 cm. 1 sobre de algod\u00f3n hidr\u00f3filo. 1 x 10 ap\u00f3sitos protector adhesivos. 1 tela adhesiva N\u00b0 1 12.5 mm x 1metro. 1 fco. sol. Timerosal x 30 [&#8230;]\n","protected":false},"featured_media":6014,"template":"","meta":{"_joinchat":[]},"product_brand":[],"product_cat":[68,87],"product_tag":[],"class_list":{"0":"post-6013","1":"product","2":"type-product","3":"status-publish","4":"has-post-thumbnail","6":"product_cat-elementos-seguridad","7":"product_cat-botiquin","9":"first","10":"instock","11":"shipping-taxable","12":"purchasable","13":"product-type-simple","14":"add-to-wishlist-after_add_to_cart"},"yoast_head":"<!-- This site is optimized with the Yoast SEO plugin v25.2 - https:\/\/yoast.com\/wordpress\/plugins\/seo\/ -->\n<title>Botiqu\u00edn Pl\u00e1stico N\u00ba104 - Topan Industrial<\/title>\n<meta name=\"robots\" content=\"index, follow, max-snippet:-1, max-image-preview:large, max-video-preview:-1\" \/>\n<link rel=\"canonical\" href=\"https:\/\/topanindustrial.com.ar\/shop\/producto\/botiquin-plastico-no104-2\/\" \/>\n<meta property=\"og:locale\" content=\"es_ES\" \/>\n<meta property=\"og:type\" content=\"article\" \/>\n<meta property=\"og:title\" content=\"Botiqu\u00edn Pl\u00e1stico N\u00ba104 - Topan Industrial\" \/>\n<meta property=\"og:description\" content=\"Botiqu\u00edn\u00a0Pl\u00e1stico N\u00ba 104 \u2013 14 unidades Poliestireno cristal. Medidas:\u00a0135 x 110 x 70 mm Cantidad de productos:\u00a014 Contenido: 3 sobres de gasa est\u00e9ril hidr\u00f3fila de 10 x 10 cm. 1 sobre de algod\u00f3n hidr\u00f3filo. 1 x 10 ap\u00f3sitos protector adhesivos. 1 tela adhesiva N\u00b0 1 12.5 mm x 1metro. 1 fco. sol. Timerosal x 30 [...]\" \/>\n<meta property=\"og:url\" content=\"https:\/\/topanindustrial.com.ar\/shop\/producto\/botiquin-plastico-no104-2\/\" \/>\n<meta property=\"og:site_name\" content=\"Topan Industrial\" \/>\n<meta property=\"article:publisher\" content=\"https:\/\/www.facebook.com\/OMBUTOPAN\" \/>\n<meta property=\"article:modified_time\" content=\"2024-11-02T14:32:43+00:00\" \/>\n<meta property=\"og:image\" content=\"https:\/\/topanindustrial.com.ar\/shop\/wp-content\/uploads\/botiquin-practy-104-abierto.jpg\" \/>\n\t<meta property=\"og:image:width\" content=\"1200\" \/>\n\t<meta property=\"og:image:height\" content=\"800\" \/>\n\t<meta property=\"og:image:type\" content=\"image\/jpeg\" \/>\n<meta name=\"twitter:card\" content=\"summary_large_image\" \/>\n<meta name=\"twitter:label1\" content=\"Tiempo de lectura\" \/>\n\t<meta name=\"twitter:data1\" content=\"1 minuto\" \/>\n<script type=\"application\/ld+json\" class=\"yoast-schema-graph\">{\"@context\":\"https:\/\/schema.org\",\"@graph\":[{\"@type\":\"WebPage\",\"@id\":\"https:\/\/topanindustrial.com.ar\/shop\/producto\/botiquin-plastico-no104-2\/\",\"url\":\"https:\/\/topanindustrial.com.ar\/shop\/producto\/botiquin-plastico-no104-2\/\",\"name\":\"Botiqu\u00edn Pl\u00e1stico N\u00ba104 - Topan Industrial\",\"isPartOf\":{\"@id\":\"https:\/\/topanindustrial.com.ar\/shop\/#website\"},\"primaryImageOfPage\":{\"@id\":\"https:\/\/topanindustrial.com.ar\/shop\/producto\/botiquin-plastico-no104-2\/#primaryimage\"},\"image\":{\"@id\":\"https:\/\/topanindustrial.com.ar\/shop\/producto\/botiquin-plastico-no104-2\/#primaryimage\"},\"thumbnailUrl\":\"https:\/\/topanindustrial.com.ar\/shop\/wp-content\/uploads\/botiquin-practy-104-abierto.jpg\",\"datePublished\":\"2024-11-02T14:32:42+00:00\",\"dateModified\":\"2024-11-02T14:32:43+00:00\",\"breadcrumb\":{\"@id\":\"https:\/\/topanindustrial.com.ar\/shop\/producto\/botiquin-plastico-no104-2\/#breadcrumb\"},\"inLanguage\":\"es\",\"potentialAction\":[{\"@type\":\"ReadAction\",\"target\":[\"https:\/\/topanindustrial.com.ar\/shop\/producto\/botiquin-plastico-no104-2\/\"]}]},{\"@type\":\"ImageObject\",\"inLanguage\":\"es\",\"@id\":\"https:\/\/topanindustrial.com.ar\/shop\/producto\/botiquin-plastico-no104-2\/#primaryimage\",\"url\":\"https:\/\/topanindustrial.com.ar\/shop\/wp-content\/uploads\/botiquin-practy-104-abierto.jpg\",\"contentUrl\":\"https:\/\/topanindustrial.com.ar\/shop\/wp-content\/uploads\/botiquin-practy-104-abierto.jpg\",\"width\":1200,\"height\":800},{\"@type\":\"BreadcrumbList\",\"@id\":\"https:\/\/topanindustrial.com.ar\/shop\/producto\/botiquin-plastico-no104-2\/#breadcrumb\",\"itemListElement\":[{\"@type\":\"ListItem\",\"position\":1,\"name\":\"Portada\",\"item\":\"https:\/\/topanindustrial.com.ar\/shop\/\"},{\"@type\":\"ListItem\",\"position\":2,\"name\":\"Tienda\",\"item\":\"https:\/\/topanindustrial.com.ar\/shop\/tienda\/\"},{\"@type\":\"ListItem\",\"position\":3,\"name\":\"Botiqu\u00edn Pl\u00e1stico N\u00ba104\"}]},{\"@type\":\"WebSite\",\"@id\":\"https:\/\/topanindustrial.com.ar\/shop\/#website\",\"url\":\"https:\/\/topanindustrial.com.ar\/shop\/\",\"name\":\"Topan Industrial\",\"description\":\"Ropa de Trabajo, Canzado de seguridad y Elementos de Seguridad industrial.\",\"publisher\":{\"@id\":\"https:\/\/topanindustrial.com.ar\/shop\/#organization\"},\"potentialAction\":[{\"@type\":\"SearchAction\",\"target\":{\"@type\":\"EntryPoint\",\"urlTemplate\":\"https:\/\/topanindustrial.com.ar\/shop\/?s={search_term_string}\"},\"query-input\":{\"@type\":\"PropertyValueSpecification\",\"valueRequired\":true,\"valueName\":\"search_term_string\"}}],\"inLanguage\":\"es\"},{\"@type\":\"Organization\",\"@id\":\"https:\/\/topanindustrial.com.ar\/shop\/#organization\",\"name\":\"Topan Industrial\",\"url\":\"https:\/\/topanindustrial.com.ar\/shop\/\",\"logo\":{\"@type\":\"ImageObject\",\"inLanguage\":\"es\",\"@id\":\"https:\/\/topanindustrial.com.ar\/shop\/#\/schema\/logo\/image\/\",\"url\":\"https:\/\/topanindustrial.com.ar\/shop\/wp-content\/uploads\/Logo-topan.png\",\"contentUrl\":\"https:\/\/topanindustrial.com.ar\/shop\/wp-content\/uploads\/Logo-topan.png\",\"width\":552,\"height\":471,\"caption\":\"Topan Industrial\"},\"image\":{\"@id\":\"https:\/\/topanindustrial.com.ar\/shop\/#\/schema\/logo\/image\/\"},\"sameAs\":[\"https:\/\/www.facebook.com\/OMBUTOPAN\"]}]}<\/script>\n<!-- \/ Yoast SEO plugin. -->","yoast_head_json":{"title":"Botiqu\u00edn Pl\u00e1stico N\u00ba104 - Topan Industrial","robots":{"index":"index","follow":"follow","max-snippet":"max-snippet:-1","max-image-preview":"max-image-preview:large","max-video-preview":"max-video-preview:-1"},"canonical":"https:\/\/topanindustrial.com.ar\/shop\/producto\/botiquin-plastico-no104-2\/","og_locale":"es_ES","og_type":"article","og_title":"Botiqu\u00edn Pl\u00e1stico N\u00ba104 - Topan Industrial","og_description":"Botiqu\u00edn\u00a0Pl\u00e1stico N\u00ba 104 \u2013 14 unidades Poliestireno cristal. Medidas:\u00a0135 x 110 x 70 mm Cantidad de productos:\u00a014 Contenido: 3 sobres de gasa est\u00e9ril hidr\u00f3fila de 10 x 10 cm. 1 sobre de algod\u00f3n hidr\u00f3filo. 1 x 10 ap\u00f3sitos protector adhesivos. 1 tela adhesiva N\u00b0 1 12.5 mm x 1metro. 1 fco. sol. Timerosal x 30 [...]","og_url":"https:\/\/topanindustrial.com.ar\/shop\/producto\/botiquin-plastico-no104-2\/","og_site_name":"Topan Industrial","article_publisher":"https:\/\/www.facebook.com\/OMBUTOPAN","article_modified_time":"2024-11-02T14:32:43+00:00","og_image":[{"width":1200,"height":800,"url":"https:\/\/topanindustrial.com.ar\/shop\/wp-content\/uploads\/botiquin-practy-104-abierto.jpg","type":"image\/jpeg"}],"twitter_card":"summary_large_image","twitter_misc":{"Tiempo de lectura":"1 minuto"},"schema":{"@context":"https:\/\/schema.org","@graph":[{"@type":"WebPage","@id":"https:\/\/topanindustrial.com.ar\/shop\/producto\/botiquin-plastico-no104-2\/","url":"https:\/\/topanindustrial.com.ar\/shop\/producto\/botiquin-plastico-no104-2\/","name":"Botiqu\u00edn Pl\u00e1stico N\u00ba104 - Topan Industrial","isPartOf":{"@id":"https:\/\/topanindustrial.com.ar\/shop\/#website"},"primaryImageOfPage":{"@id":"https:\/\/topanindustrial.com.ar\/shop\/producto\/botiquin-plastico-no104-2\/#primaryimage"},"image":{"@id":"https:\/\/topanindustrial.com.ar\/shop\/producto\/botiquin-plastico-no104-2\/#primaryimage"},"thumbnailUrl":"https:\/\/topanindustrial.com.ar\/shop\/wp-content\/uploads\/botiquin-practy-104-abierto.jpg","datePublished":"2024-11-02T14:32:42+00:00","dateModified":"2024-11-02T14:32:43+00:00","breadcrumb":{"@id":"https:\/\/topanindustrial.com.ar\/shop\/producto\/botiquin-plastico-no104-2\/#breadcrumb"},"inLanguage":"es","potentialAction":[{"@type":"ReadAction","target":["https:\/\/topanindustrial.com.ar\/shop\/producto\/botiquin-plastico-no104-2\/"]}]},{"@type":"ImageObject","inLanguage":"es","@id":"https:\/\/topanindustrial.com.ar\/shop\/producto\/botiquin-plastico-no104-2\/#primaryimage","url":"https:\/\/topanindustrial.com.ar\/shop\/wp-content\/uploads\/botiquin-practy-104-abierto.jpg","contentUrl":"https:\/\/topanindustrial.com.ar\/shop\/wp-content\/uploads\/botiquin-practy-104-abierto.jpg","width":1200,"height":800},{"@type":"BreadcrumbList","@id":"https:\/\/topanindustrial.com.ar\/shop\/producto\/botiquin-plastico-no104-2\/#breadcrumb","itemListElement":[{"@type":"ListItem","position":1,"name":"Portada","item":"https:\/\/topanindustrial.com.ar\/shop\/"},{"@type":"ListItem","position":2,"name":"Tienda","item":"https:\/\/topanindustrial.com.ar\/shop\/tienda\/"},{"@type":"ListItem","position":3,"name":"Botiqu\u00edn Pl\u00e1stico N\u00ba104"}]},{"@type":"WebSite","@id":"https:\/\/topanindustrial.com.ar\/shop\/#website","url":"https:\/\/topanindustrial.com.ar\/shop\/","name":"Topan Industrial","description":"Ropa de Trabajo, Canzado de seguridad y Elementos de Seguridad industrial.","publisher":{"@id":"https:\/\/topanindustrial.com.ar\/shop\/#organization"},"potentialAction":[{"@type":"SearchAction","target":{"@type":"EntryPoint","urlTemplate":"https:\/\/topanindustrial.com.ar\/shop\/?s={search_term_string}"},"query-input":{"@type":"PropertyValueSpecification","valueRequired":true,"valueName":"search_term_string"}}],"inLanguage":"es"},{"@type":"Organization","@id":"https:\/\/topanindustrial.com.ar\/shop\/#organization","name":"Topan Industrial","url":"https:\/\/topanindustrial.com.ar\/shop\/","logo":{"@type":"ImageObject","inLanguage":"es","@id":"https:\/\/topanindustrial.com.ar\/shop\/#\/schema\/logo\/image\/","url":"https:\/\/topanindustrial.com.ar\/shop\/wp-content\/uploads\/Logo-topan.png","contentUrl":"https:\/\/topanindustrial.com.ar\/shop\/wp-content\/uploads\/Logo-topan.png","width":552,"height":471,"caption":"Topan Industrial"},"image":{"@id":"https:\/\/topanindustrial.com.ar\/shop\/#\/schema\/logo\/image\/"},"sameAs":["https:\/\/www.facebook.com\/OMBUTOPAN"]}]}},"_links":{"self":[{"href":"https:\/\/topanindustrial.com.ar\/shop\/wp-json\/wp\/v2\/product\/6013","targetHints":{"allow":["GET"]}}],"collection":[{"href":"https:\/\/topanindustrial.com.ar\/shop\/wp-json\/wp\/v2\/product"}],"about":[{"href":"https:\/\/topanindustrial.com.ar\/shop\/wp-json\/wp\/v2\/types\/product"}],"wp:featuredmedia":[{"embeddable":true,"href":"https:\/\/topanindustrial.com.ar\/shop\/wp-json\/wp\/v2\/media\/6014"}],"wp:attachment":[{"href":"https:\/\/topanindustrial.com.ar\/shop\/wp-json\/wp\/v2\/media?parent=6013"}],"wp:term":[{"taxonomy":"product_brand","embeddable":true,"href":"https:\/\/topanindustrial.com.ar\/shop\/wp-json\/wp\/v2\/product_brand?post=6013"},{"taxonomy":"product_cat","embeddable":true,"href":"https:\/\/topanindustrial.com.ar\/shop\/wp-json\/wp\/v2\/product_cat?post=6013"},{"taxonomy":"product_tag","embeddable":true,"href":"https:\/\/topanindustrial.com.ar\/shop\/wp-json\/wp\/v2\/product_tag?post=6013"}],"curies":[{"name":"wp","href":"https:\/\/api.w.org\/{rel}","templated":true}]}}