{"id":6052,"date":"2024-11-06T18:04:16","date_gmt":"2024-11-06T18:04:16","guid":{"rendered":"https:\/\/topanindustrial.com.ar\/shop\/?post_type=product&#038;p=6052"},"modified":"2024-11-06T18:05:01","modified_gmt":"2024-11-06T18:05:01","slug":"6052","status":"publish","type":"product","link":"https:\/\/topanindustrial.com.ar\/shop\/producto\/6052\/","title":{"rendered":"Campera Alaska"},"content":{"rendered":"<p>Campera t\u00e9rmica de Abrigo Alaska con reflectivo:<\/p>\n<p>Fabricado en Nylon Oxford 210: 100% nylon recubierto por una capa de poliuretano.<br \/>\nTela de alta impermeabilidad, m\u00e1s r\u00edgida y de mayor dureza que otras usadas en el mercado.<\/p>\n<p>Todas sus costuras est\u00e1n reforzadas para mayor seguridad y durabilidad.<br \/>\nBuen nivel de resistencia para ser lavado y usado repetitivamente.<\/p>\n<p>\u2022 Fabricada en tela Oxford, material de alta duraci\u00f3n y resistencia al desgaste por el uso<br \/>\n\u2022 Aislante t\u00e9rmico<br \/>\n\u2022 \u00d3ptima ventilaci\u00f3n<br \/>\n\u2022 Cuenta con 2 tiras reflectivas de 2 pulgadas en pecho y espalda<br \/>\n\u2022 Bolsillos delanteros<br \/>\n\u2022 Gorro con sistema de autoguardado bajo el cuello<br \/>\n\u2022 Pu\u00f1os autoajustables<br \/>\n\u2022 Composici\u00f3n: Exterior Nylon \/ Aislante: Poli\u00e9ster \/ Forro: Poli\u00e9ster<br \/>\n\u2022 Certificaciones<br \/>\n\u2022 Colores Azul<br \/>\n\u2022 Talles M, L, XL, 2XL y 3XL<\/p>\n<p>RECOMENDACIONES:<br \/>\n\u2022 No llevar ropa mojada o h\u00fameda bajo la campera.<br \/>\n\u2022 No utilizar la campera si encuentra partes desgarradas, sueltas o que cuelguen del mismo.<br \/>\n\u2022 No llevar herramientas en los bolsillos salvo que est\u00e9n adaptados y cumplan en dimensi\u00f3n para ello.<br \/>\n\u2022 No utilizar ropa encima de la campera que tape las cintas reflectivas.<br \/>\n\u2022 Usar completamente cerrado para lograr el aislamiento y temperatura corporal ideal.<\/p>\n<p>APLICACIONES Y USOS:<br \/>\nProducto dise\u00f1ado para entregar la mejor relaci\u00f3n comodidad \u2013 protecci\u00f3n en su uso.<br \/>\nSu uso es recomendado en actividades bajo temperaturas extremas, aplica para variados trabajos industriales en general.<br \/>\nEnfermedades respiratorias as\u00ed como los accidentes laborales se pueden evitar si los trabajadores usan ropa t\u00e9rmica.<br \/>\nUsos: Industrias, forestales, construcci\u00f3n, trabajos viales, frigor\u00edficos, etc.<\/p>\n","protected":false},"excerpt":{"rendered":"<p>Campera t\u00e9rmica de Abrigo Alaska con reflectivo: Fabricado en Nylon Oxford 210: 100% nylon recubierto por una capa de poliuretano. Tela de alta impermeabilidad, m\u00e1s r\u00edgida y de mayor dureza que otras usadas en el mercado. Todas sus costuras est\u00e1n reforzadas para mayor seguridad y durabilidad. Buen nivel de resistencia para ser lavado y usado [&#8230;]\n","protected":false},"featured_media":6053,"template":"","meta":{"_joinchat":[]},"product_brand":[],"product_cat":[20],"product_tag":[193],"class_list":{"0":"post-6052","1":"product","2":"type-product","3":"status-publish","4":"has-post-thumbnail","6":"product_cat-indumentaria-de-trabajo","7":"product_tag-campera","9":"first","10":"instock","11":"shipping-taxable","12":"purchasable","13":"product-type-variable","14":"add-to-wishlist-after_add_to_cart"},"yoast_head":"<!-- This site is optimized with the Yoast SEO plugin v25.2 - https:\/\/yoast.com\/wordpress\/plugins\/seo\/ -->\n<title>Campera Alaska - Topan Industrial<\/title>\n<meta name=\"robots\" content=\"index, follow, max-snippet:-1, max-image-preview:large, max-video-preview:-1\" \/>\n<link rel=\"canonical\" href=\"https:\/\/topanindustrial.com.ar\/shop\/producto\/6052\/\" \/>\n<meta property=\"og:locale\" content=\"es_ES\" \/>\n<meta property=\"og:type\" content=\"article\" \/>\n<meta property=\"og:title\" content=\"Campera Alaska - Topan Industrial\" \/>\n<meta property=\"og:description\" content=\"Campera t\u00e9rmica de Abrigo Alaska con reflectivo: Fabricado en Nylon Oxford 210: 100% nylon recubierto por una capa de poliuretano. Tela de alta impermeabilidad, m\u00e1s r\u00edgida y de mayor dureza que otras usadas en el mercado. Todas sus costuras est\u00e1n reforzadas para mayor seguridad y durabilidad. Buen nivel de resistencia para ser lavado y usado [...]\" \/>\n<meta property=\"og:url\" content=\"https:\/\/topanindustrial.com.ar\/shop\/producto\/6052\/\" \/>\n<meta property=\"og:site_name\" content=\"Topan Industrial\" \/>\n<meta property=\"article:publisher\" content=\"https:\/\/www.facebook.com\/OMBUTOPAN\" \/>\n<meta property=\"article:modified_time\" content=\"2024-11-06T18:05:01+00:00\" \/>\n<meta property=\"og:image\" content=\"https:\/\/topanindustrial.com.ar\/shop\/wp-content\/uploads\/campera-termica-steelpro-alaska-de-abrigo-con-corderito-y-reflectivos-alaska-frente.jpg\" \/>\n\t<meta property=\"og:image:width\" content=\"831\" \/>\n\t<meta property=\"og:image:height\" content=\"1200\" \/>\n\t<meta property=\"og:image:type\" content=\"image\/jpeg\" \/>\n<meta name=\"twitter:card\" content=\"summary_large_image\" \/>\n<meta name=\"twitter:label1\" content=\"Tiempo de lectura\" \/>\n\t<meta name=\"twitter:data1\" content=\"2 minutos\" \/>\n<script type=\"application\/ld+json\" class=\"yoast-schema-graph\">{\"@context\":\"https:\/\/schema.org\",\"@graph\":[{\"@type\":\"WebPage\",\"@id\":\"https:\/\/topanindustrial.com.ar\/shop\/producto\/6052\/\",\"url\":\"https:\/\/topanindustrial.com.ar\/shop\/producto\/6052\/\",\"name\":\"Campera Alaska - Topan Industrial\",\"isPartOf\":{\"@id\":\"https:\/\/topanindustrial.com.ar\/shop\/#website\"},\"primaryImageOfPage\":{\"@id\":\"https:\/\/topanindustrial.com.ar\/shop\/producto\/6052\/#primaryimage\"},\"image\":{\"@id\":\"https:\/\/topanindustrial.com.ar\/shop\/producto\/6052\/#primaryimage\"},\"thumbnailUrl\":\"https:\/\/topanindustrial.com.ar\/shop\/wp-content\/uploads\/campera-termica-steelpro-alaska-de-abrigo-con-corderito-y-reflectivos-alaska-frente.jpg\",\"datePublished\":\"2024-11-06T18:04:16+00:00\",\"dateModified\":\"2024-11-06T18:05:01+00:00\",\"breadcrumb\":{\"@id\":\"https:\/\/topanindustrial.com.ar\/shop\/producto\/6052\/#breadcrumb\"},\"inLanguage\":\"es\",\"potentialAction\":[{\"@type\":\"ReadAction\",\"target\":[\"https:\/\/topanindustrial.com.ar\/shop\/producto\/6052\/\"]}]},{\"@type\":\"ImageObject\",\"inLanguage\":\"es\",\"@id\":\"https:\/\/topanindustrial.com.ar\/shop\/producto\/6052\/#primaryimage\",\"url\":\"https:\/\/topanindustrial.com.ar\/shop\/wp-content\/uploads\/campera-termica-steelpro-alaska-de-abrigo-con-corderito-y-reflectivos-alaska-frente.jpg\",\"contentUrl\":\"https:\/\/topanindustrial.com.ar\/shop\/wp-content\/uploads\/campera-termica-steelpro-alaska-de-abrigo-con-corderito-y-reflectivos-alaska-frente.jpg\",\"width\":831,\"height\":1200},{\"@type\":\"BreadcrumbList\",\"@id\":\"https:\/\/topanindustrial.com.ar\/shop\/producto\/6052\/#breadcrumb\",\"itemListElement\":[{\"@type\":\"ListItem\",\"position\":1,\"name\":\"Portada\",\"item\":\"https:\/\/topanindustrial.com.ar\/shop\/\"},{\"@type\":\"ListItem\",\"position\":2,\"name\":\"Tienda\",\"item\":\"https:\/\/topanindustrial.com.ar\/shop\/tienda\/\"},{\"@type\":\"ListItem\",\"position\":3,\"name\":\"Campera Alaska\"}]},{\"@type\":\"WebSite\",\"@id\":\"https:\/\/topanindustrial.com.ar\/shop\/#website\",\"url\":\"https:\/\/topanindustrial.com.ar\/shop\/\",\"name\":\"Topan Industrial\",\"description\":\"Ropa de Trabajo, Canzado de seguridad y Elementos de Seguridad industrial.\",\"publisher\":{\"@id\":\"https:\/\/topanindustrial.com.ar\/shop\/#organization\"},\"potentialAction\":[{\"@type\":\"SearchAction\",\"target\":{\"@type\":\"EntryPoint\",\"urlTemplate\":\"https:\/\/topanindustrial.com.ar\/shop\/?s={search_term_string}\"},\"query-input\":{\"@type\":\"PropertyValueSpecification\",\"valueRequired\":true,\"valueName\":\"search_term_string\"}}],\"inLanguage\":\"es\"},{\"@type\":\"Organization\",\"@id\":\"https:\/\/topanindustrial.com.ar\/shop\/#organization\",\"name\":\"Topan Industrial\",\"url\":\"https:\/\/topanindustrial.com.ar\/shop\/\",\"logo\":{\"@type\":\"ImageObject\",\"inLanguage\":\"es\",\"@id\":\"https:\/\/topanindustrial.com.ar\/shop\/#\/schema\/logo\/image\/\",\"url\":\"https:\/\/topanindustrial.com.ar\/shop\/wp-content\/uploads\/Logo-topan.png\",\"contentUrl\":\"https:\/\/topanindustrial.com.ar\/shop\/wp-content\/uploads\/Logo-topan.png\",\"width\":552,\"height\":471,\"caption\":\"Topan Industrial\"},\"image\":{\"@id\":\"https:\/\/topanindustrial.com.ar\/shop\/#\/schema\/logo\/image\/\"},\"sameAs\":[\"https:\/\/www.facebook.com\/OMBUTOPAN\"]}]}<\/script>\n<!-- \/ Yoast SEO plugin. -->","yoast_head_json":{"title":"Campera Alaska - Topan Industrial","robots":{"index":"index","follow":"follow","max-snippet":"max-snippet:-1","max-image-preview":"max-image-preview:large","max-video-preview":"max-video-preview:-1"},"canonical":"https:\/\/topanindustrial.com.ar\/shop\/producto\/6052\/","og_locale":"es_ES","og_type":"article","og_title":"Campera Alaska - Topan Industrial","og_description":"Campera t\u00e9rmica de Abrigo Alaska con reflectivo: Fabricado en Nylon Oxford 210: 100% nylon recubierto por una capa de poliuretano. Tela de alta impermeabilidad, m\u00e1s r\u00edgida y de mayor dureza que otras usadas en el mercado. Todas sus costuras est\u00e1n reforzadas para mayor seguridad y durabilidad. Buen nivel de resistencia para ser lavado y usado [...]","og_url":"https:\/\/topanindustrial.com.ar\/shop\/producto\/6052\/","og_site_name":"Topan Industrial","article_publisher":"https:\/\/www.facebook.com\/OMBUTOPAN","article_modified_time":"2024-11-06T18:05:01+00:00","og_image":[{"width":831,"height":1200,"url":"https:\/\/topanindustrial.com.ar\/shop\/wp-content\/uploads\/campera-termica-steelpro-alaska-de-abrigo-con-corderito-y-reflectivos-alaska-frente.jpg","type":"image\/jpeg"}],"twitter_card":"summary_large_image","twitter_misc":{"Tiempo de lectura":"2 minutos"},"schema":{"@context":"https:\/\/schema.org","@graph":[{"@type":"WebPage","@id":"https:\/\/topanindustrial.com.ar\/shop\/producto\/6052\/","url":"https:\/\/topanindustrial.com.ar\/shop\/producto\/6052\/","name":"Campera Alaska - Topan Industrial","isPartOf":{"@id":"https:\/\/topanindustrial.com.ar\/shop\/#website"},"primaryImageOfPage":{"@id":"https:\/\/topanindustrial.com.ar\/shop\/producto\/6052\/#primaryimage"},"image":{"@id":"https:\/\/topanindustrial.com.ar\/shop\/producto\/6052\/#primaryimage"},"thumbnailUrl":"https:\/\/topanindustrial.com.ar\/shop\/wp-content\/uploads\/campera-termica-steelpro-alaska-de-abrigo-con-corderito-y-reflectivos-alaska-frente.jpg","datePublished":"2024-11-06T18:04:16+00:00","dateModified":"2024-11-06T18:05:01+00:00","breadcrumb":{"@id":"https:\/\/topanindustrial.com.ar\/shop\/producto\/6052\/#breadcrumb"},"inLanguage":"es","potentialAction":[{"@type":"ReadAction","target":["https:\/\/topanindustrial.com.ar\/shop\/producto\/6052\/"]}]},{"@type":"ImageObject","inLanguage":"es","@id":"https:\/\/topanindustrial.com.ar\/shop\/producto\/6052\/#primaryimage","url":"https:\/\/topanindustrial.com.ar\/shop\/wp-content\/uploads\/campera-termica-steelpro-alaska-de-abrigo-con-corderito-y-reflectivos-alaska-frente.jpg","contentUrl":"https:\/\/topanindustrial.com.ar\/shop\/wp-content\/uploads\/campera-termica-steelpro-alaska-de-abrigo-con-corderito-y-reflectivos-alaska-frente.jpg","width":831,"height":1200},{"@type":"BreadcrumbList","@id":"https:\/\/topanindustrial.com.ar\/shop\/producto\/6052\/#breadcrumb","itemListElement":[{"@type":"ListItem","position":1,"name":"Portada","item":"https:\/\/topanindustrial.com.ar\/shop\/"},{"@type":"ListItem","position":2,"name":"Tienda","item":"https:\/\/topanindustrial.com.ar\/shop\/tienda\/"},{"@type":"ListItem","position":3,"name":"Campera Alaska"}]},{"@type":"WebSite","@id":"https:\/\/topanindustrial.com.ar\/shop\/#website","url":"https:\/\/topanindustrial.com.ar\/shop\/","name":"Topan Industrial","description":"Ropa de Trabajo, Canzado de seguridad y Elementos de Seguridad industrial.","publisher":{"@id":"https:\/\/topanindustrial.com.ar\/shop\/#organization"},"potentialAction":[{"@type":"SearchAction","target":{"@type":"EntryPoint","urlTemplate":"https:\/\/topanindustrial.com.ar\/shop\/?s={search_term_string}"},"query-input":{"@type":"PropertyValueSpecification","valueRequired":true,"valueName":"search_term_string"}}],"inLanguage":"es"},{"@type":"Organization","@id":"https:\/\/topanindustrial.com.ar\/shop\/#organization","name":"Topan Industrial","url":"https:\/\/topanindustrial.com.ar\/shop\/","logo":{"@type":"ImageObject","inLanguage":"es","@id":"https:\/\/topanindustrial.com.ar\/shop\/#\/schema\/logo\/image\/","url":"https:\/\/topanindustrial.com.ar\/shop\/wp-content\/uploads\/Logo-topan.png","contentUrl":"https:\/\/topanindustrial.com.ar\/shop\/wp-content\/uploads\/Logo-topan.png","width":552,"height":471,"caption":"Topan Industrial"},"image":{"@id":"https:\/\/topanindustrial.com.ar\/shop\/#\/schema\/logo\/image\/"},"sameAs":["https:\/\/www.facebook.com\/OMBUTOPAN"]}]}},"_links":{"self":[{"href":"https:\/\/topanindustrial.com.ar\/shop\/wp-json\/wp\/v2\/product\/6052","targetHints":{"allow":["GET"]}}],"collection":[{"href":"https:\/\/topanindustrial.com.ar\/shop\/wp-json\/wp\/v2\/product"}],"about":[{"href":"https:\/\/topanindustrial.com.ar\/shop\/wp-json\/wp\/v2\/types\/product"}],"wp:featuredmedia":[{"embeddable":true,"href":"https:\/\/topanindustrial.com.ar\/shop\/wp-json\/wp\/v2\/media\/6053"}],"wp:attachment":[{"href":"https:\/\/topanindustrial.com.ar\/shop\/wp-json\/wp\/v2\/media?parent=6052"}],"wp:term":[{"taxonomy":"product_brand","embeddable":true,"href":"https:\/\/topanindustrial.com.ar\/shop\/wp-json\/wp\/v2\/product_brand?post=6052"},{"taxonomy":"product_cat","embeddable":true,"href":"https:\/\/topanindustrial.com.ar\/shop\/wp-json\/wp\/v2\/product_cat?post=6052"},{"taxonomy":"product_tag","embeddable":true,"href":"https:\/\/topanindustrial.com.ar\/shop\/wp-json\/wp\/v2\/product_tag?post=6052"}],"curies":[{"name":"wp","href":"https:\/\/api.w.org\/{rel}","templated":true}]}}