{"id":633,"date":"2024-02-27T14:50:57","date_gmt":"2024-02-27T14:50:57","guid":{"rendered":"https:\/\/topanindustrial.com.ar\/shop\/?post_type=product&#038;p=633"},"modified":"2024-11-01T16:29:53","modified_gmt":"2024-11-01T16:29:53","slug":"zapatilla-mica","status":"publish","type":"product","link":"https:\/\/topanindustrial.com.ar\/shop\/producto\/zapatilla-mica\/","title":{"rendered":"Zapatilla MICA con punta Composite OMBU"},"content":{"rendered":"<p>FICHA TECNICA:<br \/>\n-Puntera Composite: Si.<br \/>\n-Cuero:Flor<br \/>\n-Dielectrico:Si.<br \/>\n-Rcia Hidrocarburos: Si.<br \/>\n-Suela: Pu<br \/>\n-Normas: Iram: Si.<br \/>\n-Sello S: Si.<\/p>\n<p>Se recomienda usar calzado resistente al choque el\u00e9ctrico (con planta exterior dielectrica), donde exista riesgo de contacto accidental con circuitos electricos en funcionamiento o equipos trabajando bajo tension hasta 1000 V<\/p>\n<p>Los talles son ARGENTINOS.<br \/>\nLas medidas expresadas en cent\u00edmetros corresponden a la medida del pie, tomando del tal\u00f3n a la punta del dedo m\u00e1s largo. Son aproximadas y pueden variar seg\u00fan los modelos.<br \/>\nTalle: 35 = 23,0 cm.<br \/>\nTalle: 36 = 23,5 cm.<br \/>\nTalle: 37 = 24,5 cm.<br \/>\nTalle: 38 = 25,0 cm.<br \/>\nTalle: 39 = 25,5 cm.<br \/>\nTalle: 40 = 26,5 cm.<br \/>\nTalle: 41 = 27,0 cm.<br \/>\nTalle: 42 = 27,5 cm.<br \/>\nTalle: 43 = 28,0 cm.<br \/>\nTalle: 44 = 28,5 cm.<br \/>\nTalle: 45 = 29,5 cm.<br \/>\nTalle: 46 = 30,0 cm.<\/p>\n","protected":false},"excerpt":{"rendered":"<p><strong>Calzado de seguridad<\/strong><strong>\u00a0<\/strong>dise\u00f1ado para proteger el pie del usuario contra posibles riesgos.<\/p>\n<p>Aprobado bajo\u00a0<strong>Normas de seguridad nacional e internacional<\/strong><\/p>\n<p>&nbsp;<\/p>\n","protected":false},"featured_media":504,"template":"","meta":{"_joinchat":[]},"product_brand":[],"product_cat":[71,139],"product_tag":[66],"class_list":{"0":"post-633","1":"product","2":"type-product","3":"status-publish","4":"has-post-thumbnail","6":"product_cat-calzados-seguridad","7":"product_cat-zapatilla-de-seguridad","8":"product_tag-ombu","10":"first","11":"instock","12":"shipping-taxable","13":"purchasable","14":"product-type-variable","15":"has-default-attributes","16":"add-to-wishlist-after_add_to_cart"},"yoast_head":"<!-- This site is optimized with the Yoast SEO plugin v25.2 - https:\/\/yoast.com\/wordpress\/plugins\/seo\/ -->\n<title>Zapatilla MICA con punta Composite OMBU - Topan Industrial<\/title>\n<meta name=\"robots\" content=\"index, follow, max-snippet:-1, max-image-preview:large, max-video-preview:-1\" \/>\n<link rel=\"canonical\" href=\"https:\/\/topanindustrial.com.ar\/shop\/producto\/zapatilla-mica\/\" \/>\n<meta property=\"og:locale\" content=\"es_ES\" \/>\n<meta property=\"og:type\" content=\"article\" \/>\n<meta property=\"og:title\" content=\"Zapatilla MICA con punta Composite OMBU - Topan Industrial\" \/>\n<meta property=\"og:description\" content=\"Calzado de seguridad\u00a0dise\u00f1ado para proteger el pie del usuario contra posibles riesgos.  Aprobado bajo\u00a0Normas de seguridad nacional e internacional  &nbsp;\" \/>\n<meta property=\"og:url\" content=\"https:\/\/topanindustrial.com.ar\/shop\/producto\/zapatilla-mica\/\" \/>\n<meta property=\"og:site_name\" content=\"Topan Industrial\" \/>\n<meta property=\"article:publisher\" content=\"https:\/\/www.facebook.com\/OMBUTOPAN\" \/>\n<meta property=\"article:modified_time\" content=\"2024-11-01T16:29:53+00:00\" \/>\n<meta property=\"og:image\" content=\"https:\/\/topanindustrial.com.ar\/shop\/wp-content\/uploads\/ZAPATILLA-MICA.jpg\" \/>\n\t<meta property=\"og:image:width\" content=\"471\" \/>\n\t<meta property=\"og:image:height\" content=\"471\" \/>\n\t<meta property=\"og:image:type\" content=\"image\/jpeg\" \/>\n<meta name=\"twitter:card\" content=\"summary_large_image\" \/>\n<meta name=\"twitter:label1\" content=\"Tiempo de lectura\" \/>\n\t<meta name=\"twitter:data1\" content=\"1 minuto\" \/>\n<script type=\"application\/ld+json\" class=\"yoast-schema-graph\">{\"@context\":\"https:\/\/schema.org\",\"@graph\":[{\"@type\":\"WebPage\",\"@id\":\"https:\/\/topanindustrial.com.ar\/shop\/producto\/zapatilla-mica\/\",\"url\":\"https:\/\/topanindustrial.com.ar\/shop\/producto\/zapatilla-mica\/\",\"name\":\"Zapatilla MICA con punta Composite OMBU - Topan Industrial\",\"isPartOf\":{\"@id\":\"https:\/\/topanindustrial.com.ar\/shop\/#website\"},\"primaryImageOfPage\":{\"@id\":\"https:\/\/topanindustrial.com.ar\/shop\/producto\/zapatilla-mica\/#primaryimage\"},\"image\":{\"@id\":\"https:\/\/topanindustrial.com.ar\/shop\/producto\/zapatilla-mica\/#primaryimage\"},\"thumbnailUrl\":\"https:\/\/topanindustrial.com.ar\/shop\/wp-content\/uploads\/ZAPATILLA-MICA.jpg\",\"datePublished\":\"2024-02-27T14:50:57+00:00\",\"dateModified\":\"2024-11-01T16:29:53+00:00\",\"breadcrumb\":{\"@id\":\"https:\/\/topanindustrial.com.ar\/shop\/producto\/zapatilla-mica\/#breadcrumb\"},\"inLanguage\":\"es\",\"potentialAction\":[{\"@type\":\"ReadAction\",\"target\":[\"https:\/\/topanindustrial.com.ar\/shop\/producto\/zapatilla-mica\/\"]}]},{\"@type\":\"ImageObject\",\"inLanguage\":\"es\",\"@id\":\"https:\/\/topanindustrial.com.ar\/shop\/producto\/zapatilla-mica\/#primaryimage\",\"url\":\"https:\/\/topanindustrial.com.ar\/shop\/wp-content\/uploads\/ZAPATILLA-MICA.jpg\",\"contentUrl\":\"https:\/\/topanindustrial.com.ar\/shop\/wp-content\/uploads\/ZAPATILLA-MICA.jpg\",\"width\":471,\"height\":471},{\"@type\":\"BreadcrumbList\",\"@id\":\"https:\/\/topanindustrial.com.ar\/shop\/producto\/zapatilla-mica\/#breadcrumb\",\"itemListElement\":[{\"@type\":\"ListItem\",\"position\":1,\"name\":\"Portada\",\"item\":\"https:\/\/topanindustrial.com.ar\/shop\/\"},{\"@type\":\"ListItem\",\"position\":2,\"name\":\"Tienda\",\"item\":\"https:\/\/topanindustrial.com.ar\/shop\/tienda\/\"},{\"@type\":\"ListItem\",\"position\":3,\"name\":\"Zapatilla MICA con punta Composite OMBU\"}]},{\"@type\":\"WebSite\",\"@id\":\"https:\/\/topanindustrial.com.ar\/shop\/#website\",\"url\":\"https:\/\/topanindustrial.com.ar\/shop\/\",\"name\":\"Topan Industrial\",\"description\":\"Ropa de Trabajo, Canzado de seguridad y Elementos de Seguridad industrial.\",\"publisher\":{\"@id\":\"https:\/\/topanindustrial.com.ar\/shop\/#organization\"},\"potentialAction\":[{\"@type\":\"SearchAction\",\"target\":{\"@type\":\"EntryPoint\",\"urlTemplate\":\"https:\/\/topanindustrial.com.ar\/shop\/?s={search_term_string}\"},\"query-input\":{\"@type\":\"PropertyValueSpecification\",\"valueRequired\":true,\"valueName\":\"search_term_string\"}}],\"inLanguage\":\"es\"},{\"@type\":\"Organization\",\"@id\":\"https:\/\/topanindustrial.com.ar\/shop\/#organization\",\"name\":\"Topan Industrial\",\"url\":\"https:\/\/topanindustrial.com.ar\/shop\/\",\"logo\":{\"@type\":\"ImageObject\",\"inLanguage\":\"es\",\"@id\":\"https:\/\/topanindustrial.com.ar\/shop\/#\/schema\/logo\/image\/\",\"url\":\"https:\/\/topanindustrial.com.ar\/shop\/wp-content\/uploads\/Logo-topan.png\",\"contentUrl\":\"https:\/\/topanindustrial.com.ar\/shop\/wp-content\/uploads\/Logo-topan.png\",\"width\":552,\"height\":471,\"caption\":\"Topan Industrial\"},\"image\":{\"@id\":\"https:\/\/topanindustrial.com.ar\/shop\/#\/schema\/logo\/image\/\"},\"sameAs\":[\"https:\/\/www.facebook.com\/OMBUTOPAN\"]}]}<\/script>\n<!-- \/ Yoast SEO plugin. -->","yoast_head_json":{"title":"Zapatilla MICA con punta Composite OMBU - Topan Industrial","robots":{"index":"index","follow":"follow","max-snippet":"max-snippet:-1","max-image-preview":"max-image-preview:large","max-video-preview":"max-video-preview:-1"},"canonical":"https:\/\/topanindustrial.com.ar\/shop\/producto\/zapatilla-mica\/","og_locale":"es_ES","og_type":"article","og_title":"Zapatilla MICA con punta Composite OMBU - Topan Industrial","og_description":"Calzado de seguridad\u00a0dise\u00f1ado para proteger el pie del usuario contra posibles riesgos.  Aprobado bajo\u00a0Normas de seguridad nacional e internacional  &nbsp;","og_url":"https:\/\/topanindustrial.com.ar\/shop\/producto\/zapatilla-mica\/","og_site_name":"Topan Industrial","article_publisher":"https:\/\/www.facebook.com\/OMBUTOPAN","article_modified_time":"2024-11-01T16:29:53+00:00","og_image":[{"width":471,"height":471,"url":"https:\/\/topanindustrial.com.ar\/shop\/wp-content\/uploads\/ZAPATILLA-MICA.jpg","type":"image\/jpeg"}],"twitter_card":"summary_large_image","twitter_misc":{"Tiempo de lectura":"1 minuto"},"schema":{"@context":"https:\/\/schema.org","@graph":[{"@type":"WebPage","@id":"https:\/\/topanindustrial.com.ar\/shop\/producto\/zapatilla-mica\/","url":"https:\/\/topanindustrial.com.ar\/shop\/producto\/zapatilla-mica\/","name":"Zapatilla MICA con punta Composite OMBU - Topan Industrial","isPartOf":{"@id":"https:\/\/topanindustrial.com.ar\/shop\/#website"},"primaryImageOfPage":{"@id":"https:\/\/topanindustrial.com.ar\/shop\/producto\/zapatilla-mica\/#primaryimage"},"image":{"@id":"https:\/\/topanindustrial.com.ar\/shop\/producto\/zapatilla-mica\/#primaryimage"},"thumbnailUrl":"https:\/\/topanindustrial.com.ar\/shop\/wp-content\/uploads\/ZAPATILLA-MICA.jpg","datePublished":"2024-02-27T14:50:57+00:00","dateModified":"2024-11-01T16:29:53+00:00","breadcrumb":{"@id":"https:\/\/topanindustrial.com.ar\/shop\/producto\/zapatilla-mica\/#breadcrumb"},"inLanguage":"es","potentialAction":[{"@type":"ReadAction","target":["https:\/\/topanindustrial.com.ar\/shop\/producto\/zapatilla-mica\/"]}]},{"@type":"ImageObject","inLanguage":"es","@id":"https:\/\/topanindustrial.com.ar\/shop\/producto\/zapatilla-mica\/#primaryimage","url":"https:\/\/topanindustrial.com.ar\/shop\/wp-content\/uploads\/ZAPATILLA-MICA.jpg","contentUrl":"https:\/\/topanindustrial.com.ar\/shop\/wp-content\/uploads\/ZAPATILLA-MICA.jpg","width":471,"height":471},{"@type":"BreadcrumbList","@id":"https:\/\/topanindustrial.com.ar\/shop\/producto\/zapatilla-mica\/#breadcrumb","itemListElement":[{"@type":"ListItem","position":1,"name":"Portada","item":"https:\/\/topanindustrial.com.ar\/shop\/"},{"@type":"ListItem","position":2,"name":"Tienda","item":"https:\/\/topanindustrial.com.ar\/shop\/tienda\/"},{"@type":"ListItem","position":3,"name":"Zapatilla MICA con punta Composite OMBU"}]},{"@type":"WebSite","@id":"https:\/\/topanindustrial.com.ar\/shop\/#website","url":"https:\/\/topanindustrial.com.ar\/shop\/","name":"Topan Industrial","description":"Ropa de Trabajo, Canzado de seguridad y Elementos de Seguridad industrial.","publisher":{"@id":"https:\/\/topanindustrial.com.ar\/shop\/#organization"},"potentialAction":[{"@type":"SearchAction","target":{"@type":"EntryPoint","urlTemplate":"https:\/\/topanindustrial.com.ar\/shop\/?s={search_term_string}"},"query-input":{"@type":"PropertyValueSpecification","valueRequired":true,"valueName":"search_term_string"}}],"inLanguage":"es"},{"@type":"Organization","@id":"https:\/\/topanindustrial.com.ar\/shop\/#organization","name":"Topan Industrial","url":"https:\/\/topanindustrial.com.ar\/shop\/","logo":{"@type":"ImageObject","inLanguage":"es","@id":"https:\/\/topanindustrial.com.ar\/shop\/#\/schema\/logo\/image\/","url":"https:\/\/topanindustrial.com.ar\/shop\/wp-content\/uploads\/Logo-topan.png","contentUrl":"https:\/\/topanindustrial.com.ar\/shop\/wp-content\/uploads\/Logo-topan.png","width":552,"height":471,"caption":"Topan Industrial"},"image":{"@id":"https:\/\/topanindustrial.com.ar\/shop\/#\/schema\/logo\/image\/"},"sameAs":["https:\/\/www.facebook.com\/OMBUTOPAN"]}]}},"_links":{"self":[{"href":"https:\/\/topanindustrial.com.ar\/shop\/wp-json\/wp\/v2\/product\/633","targetHints":{"allow":["GET"]}}],"collection":[{"href":"https:\/\/topanindustrial.com.ar\/shop\/wp-json\/wp\/v2\/product"}],"about":[{"href":"https:\/\/topanindustrial.com.ar\/shop\/wp-json\/wp\/v2\/types\/product"}],"wp:featuredmedia":[{"embeddable":true,"href":"https:\/\/topanindustrial.com.ar\/shop\/wp-json\/wp\/v2\/media\/504"}],"wp:attachment":[{"href":"https:\/\/topanindustrial.com.ar\/shop\/wp-json\/wp\/v2\/media?parent=633"}],"wp:term":[{"taxonomy":"product_brand","embeddable":true,"href":"https:\/\/topanindustrial.com.ar\/shop\/wp-json\/wp\/v2\/product_brand?post=633"},{"taxonomy":"product_cat","embeddable":true,"href":"https:\/\/topanindustrial.com.ar\/shop\/wp-json\/wp\/v2\/product_cat?post=633"},{"taxonomy":"product_tag","embeddable":true,"href":"https:\/\/topanindustrial.com.ar\/shop\/wp-json\/wp\/v2\/product_tag?post=633"}],"curies":[{"name":"wp","href":"https:\/\/api.w.org\/{rel}","templated":true}]}}