{"id":876,"date":"2024-07-27T13:52:00","date_gmt":"2024-07-27T13:52:00","guid":{"rendered":"https:\/\/topanindustrial.com.ar\/shop\/?post_type=product&#038;p=876"},"modified":"2024-08-09T14:28:19","modified_gmt":"2024-08-09T14:28:19","slug":"botiquin-bolso-no-144","status":"publish","type":"product","link":"https:\/\/topanindustrial.com.ar\/shop\/producto\/botiquin-bolso-no-144\/","title":{"rendered":"Botiqu\u00edn Bolso N\u00ba 144"},"content":{"rendered":"<p><strong>Medidas:\u00a0<\/strong>370 x 150 x 260 mm<\/p>\n<p><strong>Cantidad de productos:\u00a0<\/strong>26<\/p>\n<p><strong>Contenido:<\/strong><\/p>\n<ul>\n<li>2 x 10 ap\u00f3sito protector adhesivo.<\/li>\n<li>1 jab\u00f3n antis\u00e9ptico x 100 gramos.<\/li>\n<li>11 sobres de gasa est\u00e9ril hidr\u00f3fila en trozos 10 x 10 cm.<\/li>\n<li>1 copita lava ojos pl\u00e1stica.<\/li>\n<li>1 fco. agua oxigenada 10 vol. x 250 cc. uso externo.<\/li>\n<li>1 ap\u00f3sito quir\u00fargico est\u00e9ril.<\/li>\n<li>1 fco. alcohol x 250 cc. uso externo<\/li>\n<li>1 fco. soluci\u00f3n Timerosal x 100 cc. uso externo.<\/li>\n<li>1 paquete de algod\u00f3n hidr\u00f3filo x 70 grs.<\/li>\n<li>1 par de guantes de l\u00e1tex descartable.<\/li>\n<li>5 pares de guantes descartables de polietileno.<\/li>\n<li>1 pinza saca astillas.<\/li>\n<li>1 tela adhesiva N\u00b0 5 12.5 mm. x 4 mts.<\/li>\n<li>1 tela adhesiva 2.5 mm. x 4 mts.<\/li>\n<li>1 sobre de bicarbonato de sodio x 25 gramos.<\/li>\n<li>1 tijera de metal.<\/li>\n<li>1 tubo de l\u00e1tex para ligadura.<\/li>\n<li>1 venda tipo Cambric orillada x 5 cm. x 3 mts.<\/li>\n<li>1 venda tipo Cambric orillada x 7 cm x 3 mts.<\/li>\n<li>1 venda tipo Cambric orillada x 10 cm. x 3 mts.<\/li>\n<li>1 gu\u00eda de primeros auxilios.<\/li>\n<\/ul>\n","protected":false},"excerpt":{"rendered":"<p>El Botiqu\u00edn de Emergencia cuenta con una capacidad para 26 elementos est\u00e1 dise\u00f1ado espec\u00edficamente para satisfacer las necesidades de primeros auxilios en entornos diversos. Su dise\u00f1o garantiza que los suministros sean accesibles y est\u00e9n organizados para manejar una variedad de incidentes comunes en el entorno laboral.<\/p>\n","protected":false},"featured_media":558,"template":"","meta":{"_joinchat":[]},"product_brand":[],"product_cat":[68,87],"product_tag":[88],"class_list":{"0":"post-876","1":"product","2":"type-product","3":"status-publish","4":"has-post-thumbnail","6":"product_cat-elementos-seguridad","7":"product_cat-botiquin","8":"product_tag-practy-botiquin","10":"first","11":"instock","12":"shipping-taxable","13":"purchasable","14":"product-type-simple","15":"add-to-wishlist-after_add_to_cart"},"yoast_head":"<!-- This site is optimized with the Yoast SEO plugin v25.2 - https:\/\/yoast.com\/wordpress\/plugins\/seo\/ -->\n<title>Botiqu\u00edn Bolso N\u00ba 144 - Topan Industrial<\/title>\n<meta name=\"robots\" content=\"index, follow, max-snippet:-1, max-image-preview:large, max-video-preview:-1\" \/>\n<link rel=\"canonical\" href=\"https:\/\/topanindustrial.com.ar\/shop\/producto\/botiquin-bolso-no-144\/\" \/>\n<meta property=\"og:locale\" content=\"es_ES\" \/>\n<meta property=\"og:type\" content=\"article\" \/>\n<meta property=\"og:title\" content=\"Botiqu\u00edn Bolso N\u00ba 144 - Topan Industrial\" \/>\n<meta property=\"og:description\" content=\"El Botiqu\u00edn de Emergencia cuenta con una capacidad para 26 elementos est\u00e1 dise\u00f1ado espec\u00edficamente para satisfacer las necesidades de primeros auxilios en entornos diversos. Su dise\u00f1o garantiza que los suministros sean accesibles y est\u00e9n organizados para manejar una variedad de incidentes comunes en el entorno laboral.\" \/>\n<meta property=\"og:url\" content=\"https:\/\/topanindustrial.com.ar\/shop\/producto\/botiquin-bolso-no-144\/\" \/>\n<meta property=\"og:site_name\" content=\"Topan Industrial\" \/>\n<meta property=\"article:publisher\" content=\"https:\/\/www.facebook.com\/OMBUTOPAN\" \/>\n<meta property=\"article:modified_time\" content=\"2024-08-09T14:28:19+00:00\" \/>\n<meta property=\"og:image\" content=\"https:\/\/topanindustrial.com.ar\/shop\/wp-content\/uploads\/Botiquin-Bolso-No-144.jpg\" \/>\n\t<meta property=\"og:image:width\" content=\"1200\" \/>\n\t<meta property=\"og:image:height\" content=\"800\" \/>\n\t<meta property=\"og:image:type\" content=\"image\/jpeg\" \/>\n<meta name=\"twitter:card\" content=\"summary_large_image\" \/>\n<meta name=\"twitter:label1\" content=\"Tiempo de lectura\" \/>\n\t<meta name=\"twitter:data1\" content=\"1 minuto\" \/>\n<script type=\"application\/ld+json\" class=\"yoast-schema-graph\">{\"@context\":\"https:\/\/schema.org\",\"@graph\":[{\"@type\":\"WebPage\",\"@id\":\"https:\/\/topanindustrial.com.ar\/shop\/producto\/botiquin-bolso-no-144\/\",\"url\":\"https:\/\/topanindustrial.com.ar\/shop\/producto\/botiquin-bolso-no-144\/\",\"name\":\"Botiqu\u00edn Bolso N\u00ba 144 - Topan Industrial\",\"isPartOf\":{\"@id\":\"https:\/\/topanindustrial.com.ar\/shop\/#website\"},\"primaryImageOfPage\":{\"@id\":\"https:\/\/topanindustrial.com.ar\/shop\/producto\/botiquin-bolso-no-144\/#primaryimage\"},\"image\":{\"@id\":\"https:\/\/topanindustrial.com.ar\/shop\/producto\/botiquin-bolso-no-144\/#primaryimage\"},\"thumbnailUrl\":\"https:\/\/topanindustrial.com.ar\/shop\/wp-content\/uploads\/Botiquin-Bolso-No-144.jpg\",\"datePublished\":\"2024-07-27T13:52:00+00:00\",\"dateModified\":\"2024-08-09T14:28:19+00:00\",\"breadcrumb\":{\"@id\":\"https:\/\/topanindustrial.com.ar\/shop\/producto\/botiquin-bolso-no-144\/#breadcrumb\"},\"inLanguage\":\"es\",\"potentialAction\":[{\"@type\":\"ReadAction\",\"target\":[\"https:\/\/topanindustrial.com.ar\/shop\/producto\/botiquin-bolso-no-144\/\"]}]},{\"@type\":\"ImageObject\",\"inLanguage\":\"es\",\"@id\":\"https:\/\/topanindustrial.com.ar\/shop\/producto\/botiquin-bolso-no-144\/#primaryimage\",\"url\":\"https:\/\/topanindustrial.com.ar\/shop\/wp-content\/uploads\/Botiquin-Bolso-No-144.jpg\",\"contentUrl\":\"https:\/\/topanindustrial.com.ar\/shop\/wp-content\/uploads\/Botiquin-Bolso-No-144.jpg\",\"width\":1200,\"height\":800},{\"@type\":\"BreadcrumbList\",\"@id\":\"https:\/\/topanindustrial.com.ar\/shop\/producto\/botiquin-bolso-no-144\/#breadcrumb\",\"itemListElement\":[{\"@type\":\"ListItem\",\"position\":1,\"name\":\"Portada\",\"item\":\"https:\/\/topanindustrial.com.ar\/shop\/\"},{\"@type\":\"ListItem\",\"position\":2,\"name\":\"Tienda\",\"item\":\"https:\/\/topanindustrial.com.ar\/shop\/tienda\/\"},{\"@type\":\"ListItem\",\"position\":3,\"name\":\"Botiqu\u00edn Bolso N\u00ba 144\"}]},{\"@type\":\"WebSite\",\"@id\":\"https:\/\/topanindustrial.com.ar\/shop\/#website\",\"url\":\"https:\/\/topanindustrial.com.ar\/shop\/\",\"name\":\"Topan Industrial\",\"description\":\"Ropa de Trabajo, Canzado de seguridad y Elementos de Seguridad industrial.\",\"publisher\":{\"@id\":\"https:\/\/topanindustrial.com.ar\/shop\/#organization\"},\"potentialAction\":[{\"@type\":\"SearchAction\",\"target\":{\"@type\":\"EntryPoint\",\"urlTemplate\":\"https:\/\/topanindustrial.com.ar\/shop\/?s={search_term_string}\"},\"query-input\":{\"@type\":\"PropertyValueSpecification\",\"valueRequired\":true,\"valueName\":\"search_term_string\"}}],\"inLanguage\":\"es\"},{\"@type\":\"Organization\",\"@id\":\"https:\/\/topanindustrial.com.ar\/shop\/#organization\",\"name\":\"Topan Industrial\",\"url\":\"https:\/\/topanindustrial.com.ar\/shop\/\",\"logo\":{\"@type\":\"ImageObject\",\"inLanguage\":\"es\",\"@id\":\"https:\/\/topanindustrial.com.ar\/shop\/#\/schema\/logo\/image\/\",\"url\":\"https:\/\/topanindustrial.com.ar\/shop\/wp-content\/uploads\/Logo-topan.png\",\"contentUrl\":\"https:\/\/topanindustrial.com.ar\/shop\/wp-content\/uploads\/Logo-topan.png\",\"width\":552,\"height\":471,\"caption\":\"Topan Industrial\"},\"image\":{\"@id\":\"https:\/\/topanindustrial.com.ar\/shop\/#\/schema\/logo\/image\/\"},\"sameAs\":[\"https:\/\/www.facebook.com\/OMBUTOPAN\"]}]}<\/script>\n<!-- \/ Yoast SEO plugin. -->","yoast_head_json":{"title":"Botiqu\u00edn Bolso N\u00ba 144 - Topan Industrial","robots":{"index":"index","follow":"follow","max-snippet":"max-snippet:-1","max-image-preview":"max-image-preview:large","max-video-preview":"max-video-preview:-1"},"canonical":"https:\/\/topanindustrial.com.ar\/shop\/producto\/botiquin-bolso-no-144\/","og_locale":"es_ES","og_type":"article","og_title":"Botiqu\u00edn Bolso N\u00ba 144 - Topan Industrial","og_description":"El Botiqu\u00edn de Emergencia cuenta con una capacidad para 26 elementos est\u00e1 dise\u00f1ado espec\u00edficamente para satisfacer las necesidades de primeros auxilios en entornos diversos. Su dise\u00f1o garantiza que los suministros sean accesibles y est\u00e9n organizados para manejar una variedad de incidentes comunes en el entorno laboral.","og_url":"https:\/\/topanindustrial.com.ar\/shop\/producto\/botiquin-bolso-no-144\/","og_site_name":"Topan Industrial","article_publisher":"https:\/\/www.facebook.com\/OMBUTOPAN","article_modified_time":"2024-08-09T14:28:19+00:00","og_image":[{"width":1200,"height":800,"url":"https:\/\/topanindustrial.com.ar\/shop\/wp-content\/uploads\/Botiquin-Bolso-No-144.jpg","type":"image\/jpeg"}],"twitter_card":"summary_large_image","twitter_misc":{"Tiempo de lectura":"1 minuto"},"schema":{"@context":"https:\/\/schema.org","@graph":[{"@type":"WebPage","@id":"https:\/\/topanindustrial.com.ar\/shop\/producto\/botiquin-bolso-no-144\/","url":"https:\/\/topanindustrial.com.ar\/shop\/producto\/botiquin-bolso-no-144\/","name":"Botiqu\u00edn Bolso N\u00ba 144 - Topan Industrial","isPartOf":{"@id":"https:\/\/topanindustrial.com.ar\/shop\/#website"},"primaryImageOfPage":{"@id":"https:\/\/topanindustrial.com.ar\/shop\/producto\/botiquin-bolso-no-144\/#primaryimage"},"image":{"@id":"https:\/\/topanindustrial.com.ar\/shop\/producto\/botiquin-bolso-no-144\/#primaryimage"},"thumbnailUrl":"https:\/\/topanindustrial.com.ar\/shop\/wp-content\/uploads\/Botiquin-Bolso-No-144.jpg","datePublished":"2024-07-27T13:52:00+00:00","dateModified":"2024-08-09T14:28:19+00:00","breadcrumb":{"@id":"https:\/\/topanindustrial.com.ar\/shop\/producto\/botiquin-bolso-no-144\/#breadcrumb"},"inLanguage":"es","potentialAction":[{"@type":"ReadAction","target":["https:\/\/topanindustrial.com.ar\/shop\/producto\/botiquin-bolso-no-144\/"]}]},{"@type":"ImageObject","inLanguage":"es","@id":"https:\/\/topanindustrial.com.ar\/shop\/producto\/botiquin-bolso-no-144\/#primaryimage","url":"https:\/\/topanindustrial.com.ar\/shop\/wp-content\/uploads\/Botiquin-Bolso-No-144.jpg","contentUrl":"https:\/\/topanindustrial.com.ar\/shop\/wp-content\/uploads\/Botiquin-Bolso-No-144.jpg","width":1200,"height":800},{"@type":"BreadcrumbList","@id":"https:\/\/topanindustrial.com.ar\/shop\/producto\/botiquin-bolso-no-144\/#breadcrumb","itemListElement":[{"@type":"ListItem","position":1,"name":"Portada","item":"https:\/\/topanindustrial.com.ar\/shop\/"},{"@type":"ListItem","position":2,"name":"Tienda","item":"https:\/\/topanindustrial.com.ar\/shop\/tienda\/"},{"@type":"ListItem","position":3,"name":"Botiqu\u00edn Bolso N\u00ba 144"}]},{"@type":"WebSite","@id":"https:\/\/topanindustrial.com.ar\/shop\/#website","url":"https:\/\/topanindustrial.com.ar\/shop\/","name":"Topan Industrial","description":"Ropa de Trabajo, Canzado de seguridad y Elementos de Seguridad industrial.","publisher":{"@id":"https:\/\/topanindustrial.com.ar\/shop\/#organization"},"potentialAction":[{"@type":"SearchAction","target":{"@type":"EntryPoint","urlTemplate":"https:\/\/topanindustrial.com.ar\/shop\/?s={search_term_string}"},"query-input":{"@type":"PropertyValueSpecification","valueRequired":true,"valueName":"search_term_string"}}],"inLanguage":"es"},{"@type":"Organization","@id":"https:\/\/topanindustrial.com.ar\/shop\/#organization","name":"Topan Industrial","url":"https:\/\/topanindustrial.com.ar\/shop\/","logo":{"@type":"ImageObject","inLanguage":"es","@id":"https:\/\/topanindustrial.com.ar\/shop\/#\/schema\/logo\/image\/","url":"https:\/\/topanindustrial.com.ar\/shop\/wp-content\/uploads\/Logo-topan.png","contentUrl":"https:\/\/topanindustrial.com.ar\/shop\/wp-content\/uploads\/Logo-topan.png","width":552,"height":471,"caption":"Topan Industrial"},"image":{"@id":"https:\/\/topanindustrial.com.ar\/shop\/#\/schema\/logo\/image\/"},"sameAs":["https:\/\/www.facebook.com\/OMBUTOPAN"]}]}},"_links":{"self":[{"href":"https:\/\/topanindustrial.com.ar\/shop\/wp-json\/wp\/v2\/product\/876","targetHints":{"allow":["GET"]}}],"collection":[{"href":"https:\/\/topanindustrial.com.ar\/shop\/wp-json\/wp\/v2\/product"}],"about":[{"href":"https:\/\/topanindustrial.com.ar\/shop\/wp-json\/wp\/v2\/types\/product"}],"wp:featuredmedia":[{"embeddable":true,"href":"https:\/\/topanindustrial.com.ar\/shop\/wp-json\/wp\/v2\/media\/558"}],"wp:attachment":[{"href":"https:\/\/topanindustrial.com.ar\/shop\/wp-json\/wp\/v2\/media?parent=876"}],"wp:term":[{"taxonomy":"product_brand","embeddable":true,"href":"https:\/\/topanindustrial.com.ar\/shop\/wp-json\/wp\/v2\/product_brand?post=876"},{"taxonomy":"product_cat","embeddable":true,"href":"https:\/\/topanindustrial.com.ar\/shop\/wp-json\/wp\/v2\/product_cat?post=876"},{"taxonomy":"product_tag","embeddable":true,"href":"https:\/\/topanindustrial.com.ar\/shop\/wp-json\/wp\/v2\/product_tag?post=876"}],"curies":[{"name":"wp","href":"https:\/\/api.w.org\/{rel}","templated":true}]}}