{"id":917,"date":"2024-07-27T15:31:18","date_gmt":"2024-07-27T15:31:18","guid":{"rendered":"https:\/\/topanindustrial.com.ar\/shop\/?post_type=product&#038;p=917"},"modified":"2024-10-24T18:59:19","modified_gmt":"2024-10-24T18:59:19","slug":"guante-bil-vex-anti-impacto-hammer","status":"publish","type":"product","link":"https:\/\/topanindustrial.com.ar\/shop\/producto\/guante-bil-vex-anti-impacto-hammer\/","title":{"rendered":"Guante Bil-Vex Anti Impacto Hammer"},"content":{"rendered":"<p><b><strong>Desteridad<\/strong><\/b>: 5<\/p>\n<p>Se recomienda no lavar.<\/p>\n<p>Este guante no contiene sustancias agregadas que puedan producir alergias.<\/p>\n<p>En los guantes que contengan l\u00e1tex tener en cuenta que en contacto directo con la piel puede causar alergias.<\/p>\n<p>Antes del uso, el usuario deber\u00e1 recibir la capacitaci\u00f3n sobre el uso del producto, conforme a las normas\/pautas correspondientes de Salud y Seguridad.<\/p>\n<p>Deseche y reemplace los guantes en caso de que se encuentren da\u00f1ados, altamente contaminados, o en condiciones que no permitan su correcta protecci\u00f3n.<\/p>\n<p>La decisi\u00f3n final respecto de la adecuaci\u00f3n de estos productos para un uso determinado es responsabilidad del empleador.<\/p>\n<p>La presente informaci\u00f3n esta sujeta a revisi\u00f3n en cualquier momento<\/p>\n<p><b><strong>Aplicaciones<\/strong><\/b><\/p>\n<p>-Industria Metalmec\u00e1nica<\/p>\n<p>-Construcci\u00f3n<\/p>\n<p>-Industria Petrolera<\/p>\n<p>-Industria Automotriz<\/p>\n<p>-Cualquier trabajo que implique alg\u00fan riesgo de corte, de impacto o abrasi\u00f3n.<\/p>\n<p><b><strong>Certificaciones<\/strong><\/b><\/p>\n<p>Bajo norma CE EN388<\/p>\n<p>Cumple con Resoluci\u00f3n 896, Sello S IRAM<\/p>\n<p><b><strong>Bajo Norma Europea CE:<br \/>\n<\/strong><\/b>En 388 Riesgos Mec\u00e1nicos:<br \/>\nAbrasi\u00f3n 4 ( 0-4 )<br \/>\nCorte 5 ( 0-5 )<br \/>\nDesgarro 4 ( 0-4 )<br \/>\nPerforaci\u00f3n 3 ( 0-4 )<\/p>\n<p><em>\u201cLos niveles de protecci\u00f3n corresponden a la palma de la mano\u201d<\/em><\/p>\n<p><em>\u201cEs probable que las caracter\u00edsticas de desempe\u00f1o en guantes usados o lavados (no se recomienda) difieran de los resultados mostrados precedentemente\u201d.<\/em><\/p>\n<p><b><strong>Instrucciones de uso:<\/strong><\/b><\/p>\n<p>Previo a la colocaci\u00f3n, inspeccione el guante en busca de fallas o roturas.<\/p>\n<p>Colocarse los guantes con las manos limpias y secas.<\/p>\n<p>Ases\u00f3rese con el Responsable de Seguridad e Higiene respecto de los guantes adecuados para el trabajo a realizar.<\/p>\n<p>&nbsp;<\/p>\n<p><b><strong>Almacenamiento y Transporte<\/strong><\/b><br \/>\nCondiciones de almacenamiento:+10\u00ba a +40\u00ba y Humedad &lt; 90%<br \/>\nMantener en su envase original<br \/>\n\u201cNo posee fecha de caducidad\u201d<\/p>\n<p><b><strong>\u00a0<\/strong><\/b><\/p>\n<p><b><strong>Advertencias<\/strong><\/b><\/p>\n<p><em>\u00a0\u201cNo se deben usar los guantes como protecci\u00f3n contra cuchillas dentadas o cuando exista riesgo de que se enreden con las piezas giratorias de la m\u00e1quina, ni en proximidad de maquinaria en movimiento\u201d.\u00a0<\/em><\/p>\n<p><em>\u00a0 \u201cLos componentes de algunos guantes pueden causar alergias en personas sensibles, que podr\u00edan sufrir irritaciones y\/o reacciones al\u00e9rgicas por contacto. En caso de reacci\u00f3n al\u00e9rgica consulte con un m\u00e9dico\u201d.<\/em><\/p>\n<p><em>\u00a0 \u201cEste guante no contiene sustancias agregadas ni caracter\u00edsticas de dise\u00f1o que puedan causar da\u00f1o, siempre y cuando se utilicen dentro de lo que indican las instrucciones y aplicaciones de uso\u201d.<\/em><\/p>\n<p><em>\u00a0 \u201cCuando se usen de acuerdo con las instrucciones del fabricante, deben proporcionar protecci\u00f3n sin da\u00f1ar al usuario\u201d.<\/em><\/p>\n<p><em>\u00a0 \u201cLos materiales, los productos de degradaci\u00f3n, las sustancias a\u00f1adidas, las costuras y los bordes y particularmente aquellas partes en contacto con el usuario, no afectar\u00e1n la salud e higiene del usuario.\u201d<\/em><\/p>\n","protected":false},"excerpt":{"rendered":"<p>Guantes de Seguridad Resistentes al Corte Nivel 5 con Palma de Nitrilo garantiza protecci\u00f3n Contra Impactos y la abrasi\u00f3n.<\/p>\n<p>Color: gris, rojo y negro.<\/p>\n<p>Talles disponibles:\u00a0XL (10) \/ 2XL(11)<\/p>\n","protected":false},"featured_media":918,"template":"","meta":{"_joinchat":[]},"product_brand":[],"product_cat":[68,76],"product_tag":[98,100,97],"class_list":{"0":"post-917","1":"product","2":"type-product","3":"status-publish","4":"has-post-thumbnail","6":"product_cat-elementos-seguridad","7":"product_cat-proteccion-de-manos","8":"product_tag-bil-vex","9":"product_tag-guantes-anticorte","10":"product_tag-guantes-tejidos","12":"first","13":"instock","14":"shipping-taxable","15":"purchasable","16":"product-type-simple","17":"add-to-wishlist-after_add_to_cart"},"yoast_head":"<!-- This site is optimized with the Yoast SEO plugin v25.2 - https:\/\/yoast.com\/wordpress\/plugins\/seo\/ -->\n<title>Guante Bil-Vex Anti Impacto Hammer - Topan Industrial<\/title>\n<meta name=\"robots\" content=\"index, follow, max-snippet:-1, max-image-preview:large, max-video-preview:-1\" \/>\n<link rel=\"canonical\" href=\"https:\/\/topanindustrial.com.ar\/shop\/producto\/guante-bil-vex-anti-impacto-hammer\/\" \/>\n<meta property=\"og:locale\" content=\"es_ES\" \/>\n<meta property=\"og:type\" content=\"article\" \/>\n<meta property=\"og:title\" content=\"Guante Bil-Vex Anti Impacto Hammer - Topan Industrial\" \/>\n<meta property=\"og:description\" content=\"Guantes de Seguridad Resistentes al Corte Nivel 5 con Palma de Nitrilo garantiza protecci\u00f3n Contra Impactos y la abrasi\u00f3n.  Color: gris, rojo y negro.  Talles disponibles:\u00a0XL (10) \/ 2XL(11)\" \/>\n<meta property=\"og:url\" content=\"https:\/\/topanindustrial.com.ar\/shop\/producto\/guante-bil-vex-anti-impacto-hammer\/\" \/>\n<meta property=\"og:site_name\" content=\"Topan Industrial\" \/>\n<meta property=\"article:publisher\" content=\"https:\/\/www.facebook.com\/OMBUTOPAN\" \/>\n<meta property=\"article:modified_time\" content=\"2024-10-24T18:59:19+00:00\" \/>\n<meta property=\"og:image\" content=\"https:\/\/topanindustrial.com.ar\/shop\/wp-content\/uploads\/Captura-de-pantalla-2024-07-27-122923.png\" \/>\n\t<meta property=\"og:image:width\" content=\"474\" \/>\n\t<meta property=\"og:image:height\" content=\"528\" \/>\n\t<meta property=\"og:image:type\" content=\"image\/png\" \/>\n<meta name=\"twitter:card\" content=\"summary_large_image\" \/>\n<meta name=\"twitter:label1\" content=\"Tiempo de lectura\" \/>\n\t<meta name=\"twitter:data1\" content=\"3 minutos\" \/>\n<script type=\"application\/ld+json\" class=\"yoast-schema-graph\">{\"@context\":\"https:\/\/schema.org\",\"@graph\":[{\"@type\":\"WebPage\",\"@id\":\"https:\/\/topanindustrial.com.ar\/shop\/producto\/guante-bil-vex-anti-impacto-hammer\/\",\"url\":\"https:\/\/topanindustrial.com.ar\/shop\/producto\/guante-bil-vex-anti-impacto-hammer\/\",\"name\":\"Guante Bil-Vex Anti Impacto Hammer - Topan Industrial\",\"isPartOf\":{\"@id\":\"https:\/\/topanindustrial.com.ar\/shop\/#website\"},\"primaryImageOfPage\":{\"@id\":\"https:\/\/topanindustrial.com.ar\/shop\/producto\/guante-bil-vex-anti-impacto-hammer\/#primaryimage\"},\"image\":{\"@id\":\"https:\/\/topanindustrial.com.ar\/shop\/producto\/guante-bil-vex-anti-impacto-hammer\/#primaryimage\"},\"thumbnailUrl\":\"https:\/\/topanindustrial.com.ar\/shop\/wp-content\/uploads\/Captura-de-pantalla-2024-07-27-122923.png\",\"datePublished\":\"2024-07-27T15:31:18+00:00\",\"dateModified\":\"2024-10-24T18:59:19+00:00\",\"breadcrumb\":{\"@id\":\"https:\/\/topanindustrial.com.ar\/shop\/producto\/guante-bil-vex-anti-impacto-hammer\/#breadcrumb\"},\"inLanguage\":\"es\",\"potentialAction\":[{\"@type\":\"ReadAction\",\"target\":[\"https:\/\/topanindustrial.com.ar\/shop\/producto\/guante-bil-vex-anti-impacto-hammer\/\"]}]},{\"@type\":\"ImageObject\",\"inLanguage\":\"es\",\"@id\":\"https:\/\/topanindustrial.com.ar\/shop\/producto\/guante-bil-vex-anti-impacto-hammer\/#primaryimage\",\"url\":\"https:\/\/topanindustrial.com.ar\/shop\/wp-content\/uploads\/Captura-de-pantalla-2024-07-27-122923.png\",\"contentUrl\":\"https:\/\/topanindustrial.com.ar\/shop\/wp-content\/uploads\/Captura-de-pantalla-2024-07-27-122923.png\",\"width\":474,\"height\":528},{\"@type\":\"BreadcrumbList\",\"@id\":\"https:\/\/topanindustrial.com.ar\/shop\/producto\/guante-bil-vex-anti-impacto-hammer\/#breadcrumb\",\"itemListElement\":[{\"@type\":\"ListItem\",\"position\":1,\"name\":\"Portada\",\"item\":\"https:\/\/topanindustrial.com.ar\/shop\/\"},{\"@type\":\"ListItem\",\"position\":2,\"name\":\"Tienda\",\"item\":\"https:\/\/topanindustrial.com.ar\/shop\/tienda\/\"},{\"@type\":\"ListItem\",\"position\":3,\"name\":\"Guante Bil-Vex Anti Impacto Hammer\"}]},{\"@type\":\"WebSite\",\"@id\":\"https:\/\/topanindustrial.com.ar\/shop\/#website\",\"url\":\"https:\/\/topanindustrial.com.ar\/shop\/\",\"name\":\"Topan Industrial\",\"description\":\"Ropa de Trabajo, Canzado de seguridad y Elementos de Seguridad industrial.\",\"publisher\":{\"@id\":\"https:\/\/topanindustrial.com.ar\/shop\/#organization\"},\"potentialAction\":[{\"@type\":\"SearchAction\",\"target\":{\"@type\":\"EntryPoint\",\"urlTemplate\":\"https:\/\/topanindustrial.com.ar\/shop\/?s={search_term_string}\"},\"query-input\":{\"@type\":\"PropertyValueSpecification\",\"valueRequired\":true,\"valueName\":\"search_term_string\"}}],\"inLanguage\":\"es\"},{\"@type\":\"Organization\",\"@id\":\"https:\/\/topanindustrial.com.ar\/shop\/#organization\",\"name\":\"Topan Industrial\",\"url\":\"https:\/\/topanindustrial.com.ar\/shop\/\",\"logo\":{\"@type\":\"ImageObject\",\"inLanguage\":\"es\",\"@id\":\"https:\/\/topanindustrial.com.ar\/shop\/#\/schema\/logo\/image\/\",\"url\":\"https:\/\/topanindustrial.com.ar\/shop\/wp-content\/uploads\/Logo-topan.png\",\"contentUrl\":\"https:\/\/topanindustrial.com.ar\/shop\/wp-content\/uploads\/Logo-topan.png\",\"width\":552,\"height\":471,\"caption\":\"Topan Industrial\"},\"image\":{\"@id\":\"https:\/\/topanindustrial.com.ar\/shop\/#\/schema\/logo\/image\/\"},\"sameAs\":[\"https:\/\/www.facebook.com\/OMBUTOPAN\"]}]}<\/script>\n<!-- \/ Yoast SEO plugin. -->","yoast_head_json":{"title":"Guante Bil-Vex Anti Impacto Hammer - Topan Industrial","robots":{"index":"index","follow":"follow","max-snippet":"max-snippet:-1","max-image-preview":"max-image-preview:large","max-video-preview":"max-video-preview:-1"},"canonical":"https:\/\/topanindustrial.com.ar\/shop\/producto\/guante-bil-vex-anti-impacto-hammer\/","og_locale":"es_ES","og_type":"article","og_title":"Guante Bil-Vex Anti Impacto Hammer - Topan Industrial","og_description":"Guantes de Seguridad Resistentes al Corte Nivel 5 con Palma de Nitrilo garantiza protecci\u00f3n Contra Impactos y la abrasi\u00f3n.  Color: gris, rojo y negro.  Talles disponibles:\u00a0XL (10) \/ 2XL(11)","og_url":"https:\/\/topanindustrial.com.ar\/shop\/producto\/guante-bil-vex-anti-impacto-hammer\/","og_site_name":"Topan Industrial","article_publisher":"https:\/\/www.facebook.com\/OMBUTOPAN","article_modified_time":"2024-10-24T18:59:19+00:00","og_image":[{"width":474,"height":528,"url":"https:\/\/topanindustrial.com.ar\/shop\/wp-content\/uploads\/Captura-de-pantalla-2024-07-27-122923.png","type":"image\/png"}],"twitter_card":"summary_large_image","twitter_misc":{"Tiempo de lectura":"3 minutos"},"schema":{"@context":"https:\/\/schema.org","@graph":[{"@type":"WebPage","@id":"https:\/\/topanindustrial.com.ar\/shop\/producto\/guante-bil-vex-anti-impacto-hammer\/","url":"https:\/\/topanindustrial.com.ar\/shop\/producto\/guante-bil-vex-anti-impacto-hammer\/","name":"Guante Bil-Vex Anti Impacto Hammer - Topan Industrial","isPartOf":{"@id":"https:\/\/topanindustrial.com.ar\/shop\/#website"},"primaryImageOfPage":{"@id":"https:\/\/topanindustrial.com.ar\/shop\/producto\/guante-bil-vex-anti-impacto-hammer\/#primaryimage"},"image":{"@id":"https:\/\/topanindustrial.com.ar\/shop\/producto\/guante-bil-vex-anti-impacto-hammer\/#primaryimage"},"thumbnailUrl":"https:\/\/topanindustrial.com.ar\/shop\/wp-content\/uploads\/Captura-de-pantalla-2024-07-27-122923.png","datePublished":"2024-07-27T15:31:18+00:00","dateModified":"2024-10-24T18:59:19+00:00","breadcrumb":{"@id":"https:\/\/topanindustrial.com.ar\/shop\/producto\/guante-bil-vex-anti-impacto-hammer\/#breadcrumb"},"inLanguage":"es","potentialAction":[{"@type":"ReadAction","target":["https:\/\/topanindustrial.com.ar\/shop\/producto\/guante-bil-vex-anti-impacto-hammer\/"]}]},{"@type":"ImageObject","inLanguage":"es","@id":"https:\/\/topanindustrial.com.ar\/shop\/producto\/guante-bil-vex-anti-impacto-hammer\/#primaryimage","url":"https:\/\/topanindustrial.com.ar\/shop\/wp-content\/uploads\/Captura-de-pantalla-2024-07-27-122923.png","contentUrl":"https:\/\/topanindustrial.com.ar\/shop\/wp-content\/uploads\/Captura-de-pantalla-2024-07-27-122923.png","width":474,"height":528},{"@type":"BreadcrumbList","@id":"https:\/\/topanindustrial.com.ar\/shop\/producto\/guante-bil-vex-anti-impacto-hammer\/#breadcrumb","itemListElement":[{"@type":"ListItem","position":1,"name":"Portada","item":"https:\/\/topanindustrial.com.ar\/shop\/"},{"@type":"ListItem","position":2,"name":"Tienda","item":"https:\/\/topanindustrial.com.ar\/shop\/tienda\/"},{"@type":"ListItem","position":3,"name":"Guante Bil-Vex Anti Impacto Hammer"}]},{"@type":"WebSite","@id":"https:\/\/topanindustrial.com.ar\/shop\/#website","url":"https:\/\/topanindustrial.com.ar\/shop\/","name":"Topan Industrial","description":"Ropa de Trabajo, Canzado de seguridad y Elementos de Seguridad industrial.","publisher":{"@id":"https:\/\/topanindustrial.com.ar\/shop\/#organization"},"potentialAction":[{"@type":"SearchAction","target":{"@type":"EntryPoint","urlTemplate":"https:\/\/topanindustrial.com.ar\/shop\/?s={search_term_string}"},"query-input":{"@type":"PropertyValueSpecification","valueRequired":true,"valueName":"search_term_string"}}],"inLanguage":"es"},{"@type":"Organization","@id":"https:\/\/topanindustrial.com.ar\/shop\/#organization","name":"Topan Industrial","url":"https:\/\/topanindustrial.com.ar\/shop\/","logo":{"@type":"ImageObject","inLanguage":"es","@id":"https:\/\/topanindustrial.com.ar\/shop\/#\/schema\/logo\/image\/","url":"https:\/\/topanindustrial.com.ar\/shop\/wp-content\/uploads\/Logo-topan.png","contentUrl":"https:\/\/topanindustrial.com.ar\/shop\/wp-content\/uploads\/Logo-topan.png","width":552,"height":471,"caption":"Topan Industrial"},"image":{"@id":"https:\/\/topanindustrial.com.ar\/shop\/#\/schema\/logo\/image\/"},"sameAs":["https:\/\/www.facebook.com\/OMBUTOPAN"]}]}},"_links":{"self":[{"href":"https:\/\/topanindustrial.com.ar\/shop\/wp-json\/wp\/v2\/product\/917","targetHints":{"allow":["GET"]}}],"collection":[{"href":"https:\/\/topanindustrial.com.ar\/shop\/wp-json\/wp\/v2\/product"}],"about":[{"href":"https:\/\/topanindustrial.com.ar\/shop\/wp-json\/wp\/v2\/types\/product"}],"wp:featuredmedia":[{"embeddable":true,"href":"https:\/\/topanindustrial.com.ar\/shop\/wp-json\/wp\/v2\/media\/918"}],"wp:attachment":[{"href":"https:\/\/topanindustrial.com.ar\/shop\/wp-json\/wp\/v2\/media?parent=917"}],"wp:term":[{"taxonomy":"product_brand","embeddable":true,"href":"https:\/\/topanindustrial.com.ar\/shop\/wp-json\/wp\/v2\/product_brand?post=917"},{"taxonomy":"product_cat","embeddable":true,"href":"https:\/\/topanindustrial.com.ar\/shop\/wp-json\/wp\/v2\/product_cat?post=917"},{"taxonomy":"product_tag","embeddable":true,"href":"https:\/\/topanindustrial.com.ar\/shop\/wp-json\/wp\/v2\/product_tag?post=917"}],"curies":[{"name":"wp","href":"https:\/\/api.w.org\/{rel}","templated":true}]}}