{"id":921,"date":"2024-07-27T15:41:12","date_gmt":"2024-07-27T15:41:12","guid":{"rendered":"https:\/\/topanindustrial.com.ar\/shop\/?post_type=product&#038;p=921"},"modified":"2024-08-09T14:23:38","modified_gmt":"2024-08-09T14:23:38","slug":"guante-vaqueta-amarilla-1-2-medio-paseo-talle-10","status":"publish","type":"product","link":"https:\/\/topanindustrial.com.ar\/shop\/producto\/guante-vaqueta-amarilla-1-2-medio-paseo-talle-10\/","title":{"rendered":"Guante Vaqueta amarilla 1\/2 medio paseo talle 10"},"content":{"rendered":"<p>Realizado en cuero flor vaqueta natural o amarillo, espesor del cuero 0,8\/1,0mm. Confeccionado en 4 piezas. Las costuras son realizadas con hilo de algod\u00f3n lustrado peinado inverso 20\/3, las cuales ser\u00e1n comenzadas y terminadas con atraque o remate. Las puntadas no tendr\u00e1n menos de 3 o mas de 5 puntadas por cm. seg\u00fan IRAM 3607 \/ 3608.<\/p>\n<p>Usos recomendados: Especialmente recomendados para tareas de precisi\u00f3n aprovechando las ventajas de la vaqueta liviana y su calce a la mano.<br \/>\nIndustria metal\u00fargica liviana, petroleras y maquinistas entre otros.<\/p>\n<p>Pu\u00f1o: \u2013<\/p>\n<p>Talles disponibles:\u00a0 10<\/p>\n<p>Colores disponibles: Natural o amarillo<\/p>\n<p>Instrucciones de uso: Consulte con el responsable de seguridad e higiene de su empresa para corroborar el correcto uso del articulo seleccionado<\/p>\n<p>Col\u00f3quese el guante con las manos secas y limpias<\/p>\n<p>Grados de protecci\u00f3n seg\u00fan NORMA IRAM 3607\/3608: Ver esquema impreso en la etiqueta (pictograma de riesgos mec\u00e1nicos).<\/p>\n<p>Inocuidad: Utilizando el guante de acuerdo al uso e instrucciones suministradas no ocasiona riesgo alguno. Las materias primas utilizadas no poseen efectos nocivos para la salud del usuario.<\/p>\n<p>Mantenimiento y verificaci\u00f3n de estado: No requiere mantenimiento alguno. Verificar la existencia de roturas y o desgastes, de ser as\u00ed efectuar el recambio por un nuevo articulo.<\/p>\n<p>Ergonom\u00eda, recambio y vida \u00fatil: Recambiar por rotura del cuero o costuras. El guante esta dise\u00f1ado para que la costura act\u00fae como fusible y punto de control, de manera de alerta al usuario sobre la necesidad de recambio antes de que ceda el cuero y pueda producirse alguna lesi\u00f3n.<\/p>\n<p>Fecha de vencimiento: En condiciones normales de uso el art\u00edculo no posee fecha de vencimiento alguno.<\/p>\n<p>Almacenamiento: Se recomienda proteger de la humedad, las altas temperaturas y no dejar a la intemperie.<\/p>\n<p>Limpieza: No es recomendable ya que estos procesos alteran los niveles de protecci\u00f3n brindadas.<\/p>\n","protected":false},"excerpt":{"rendered":"<p>Guante Vaqueta amarilla 1\/2 medio paseo:<\/p>\n<p>* Cuero vaqueta amarilla<br \/>\n* Flexible confortable y resistente<br \/>\n* Excelente flexibilidad<br \/>\n* Dorso elastizado<br \/>\nAplicaciones: Montaje y acabado de piezas y componentes met\u00e1licos; mantenimiento, manejo de equipos, trabajo en dep\u00f3sitos, manipulaci\u00f3n en general.<\/p>\n<p>Certificado Iram 3607 Sello \u201cS\u201d<\/p>\n","protected":false},"featured_media":922,"template":"","meta":{"_joinchat":[]},"product_brand":[],"product_cat":[68,76],"product_tag":[101],"class_list":{"0":"post-921","1":"product","2":"type-product","3":"status-publish","4":"has-post-thumbnail","6":"product_cat-elementos-seguridad","7":"product_cat-proteccion-de-manos","8":"product_tag-guantes-vaqueta","10":"first","11":"instock","12":"shipping-taxable","13":"purchasable","14":"product-type-simple","15":"add-to-wishlist-after_add_to_cart"},"yoast_head":"<!-- This site is optimized with the Yoast SEO plugin v25.2 - https:\/\/yoast.com\/wordpress\/plugins\/seo\/ -->\n<title>Guante Vaqueta amarilla 1\/2 medio paseo talle 10 - Topan Industrial<\/title>\n<meta name=\"robots\" content=\"index, follow, max-snippet:-1, max-image-preview:large, max-video-preview:-1\" \/>\n<link rel=\"canonical\" href=\"https:\/\/topanindustrial.com.ar\/shop\/producto\/guante-vaqueta-amarilla-1-2-medio-paseo-talle-10\/\" \/>\n<meta property=\"og:locale\" content=\"es_ES\" \/>\n<meta property=\"og:type\" content=\"article\" \/>\n<meta property=\"og:title\" content=\"Guante Vaqueta amarilla 1\/2 medio paseo talle 10 - Topan Industrial\" \/>\n<meta property=\"og:description\" content=\"Guante Vaqueta amarilla 1\/2 medio paseo:  * Cuero vaqueta amarilla * Flexible confortable y resistente * Excelente flexibilidad * Dorso elastizado Aplicaciones: Montaje y acabado de piezas y componentes met\u00e1licos; mantenimiento, manejo de equipos, trabajo en dep\u00f3sitos, manipulaci\u00f3n en general.  Certificado Iram 3607 Sello \u201cS\u201d\" \/>\n<meta property=\"og:url\" content=\"https:\/\/topanindustrial.com.ar\/shop\/producto\/guante-vaqueta-amarilla-1-2-medio-paseo-talle-10\/\" \/>\n<meta property=\"og:site_name\" content=\"Topan Industrial\" \/>\n<meta property=\"article:publisher\" content=\"https:\/\/www.facebook.com\/OMBUTOPAN\" \/>\n<meta property=\"article:modified_time\" content=\"2024-08-09T14:23:38+00:00\" \/>\n<meta property=\"og:image\" content=\"https:\/\/topanindustrial.com.ar\/shop\/wp-content\/uploads\/Captura-de-pantalla-2024-07-27-123917.png\" \/>\n\t<meta property=\"og:image:width\" content=\"518\" \/>\n\t<meta property=\"og:image:height\" content=\"518\" \/>\n\t<meta property=\"og:image:type\" content=\"image\/png\" \/>\n<meta name=\"twitter:card\" content=\"summary_large_image\" \/>\n<meta name=\"twitter:label1\" content=\"Tiempo de lectura\" \/>\n\t<meta name=\"twitter:data1\" content=\"2 minutos\" \/>\n<script type=\"application\/ld+json\" class=\"yoast-schema-graph\">{\"@context\":\"https:\/\/schema.org\",\"@graph\":[{\"@type\":\"WebPage\",\"@id\":\"https:\/\/topanindustrial.com.ar\/shop\/producto\/guante-vaqueta-amarilla-1-2-medio-paseo-talle-10\/\",\"url\":\"https:\/\/topanindustrial.com.ar\/shop\/producto\/guante-vaqueta-amarilla-1-2-medio-paseo-talle-10\/\",\"name\":\"Guante Vaqueta amarilla 1\/2 medio paseo talle 10 - Topan Industrial\",\"isPartOf\":{\"@id\":\"https:\/\/topanindustrial.com.ar\/shop\/#website\"},\"primaryImageOfPage\":{\"@id\":\"https:\/\/topanindustrial.com.ar\/shop\/producto\/guante-vaqueta-amarilla-1-2-medio-paseo-talle-10\/#primaryimage\"},\"image\":{\"@id\":\"https:\/\/topanindustrial.com.ar\/shop\/producto\/guante-vaqueta-amarilla-1-2-medio-paseo-talle-10\/#primaryimage\"},\"thumbnailUrl\":\"https:\/\/topanindustrial.com.ar\/shop\/wp-content\/uploads\/Captura-de-pantalla-2024-07-27-123917.png\",\"datePublished\":\"2024-07-27T15:41:12+00:00\",\"dateModified\":\"2024-08-09T14:23:38+00:00\",\"breadcrumb\":{\"@id\":\"https:\/\/topanindustrial.com.ar\/shop\/producto\/guante-vaqueta-amarilla-1-2-medio-paseo-talle-10\/#breadcrumb\"},\"inLanguage\":\"es\",\"potentialAction\":[{\"@type\":\"ReadAction\",\"target\":[\"https:\/\/topanindustrial.com.ar\/shop\/producto\/guante-vaqueta-amarilla-1-2-medio-paseo-talle-10\/\"]}]},{\"@type\":\"ImageObject\",\"inLanguage\":\"es\",\"@id\":\"https:\/\/topanindustrial.com.ar\/shop\/producto\/guante-vaqueta-amarilla-1-2-medio-paseo-talle-10\/#primaryimage\",\"url\":\"https:\/\/topanindustrial.com.ar\/shop\/wp-content\/uploads\/Captura-de-pantalla-2024-07-27-123917.png\",\"contentUrl\":\"https:\/\/topanindustrial.com.ar\/shop\/wp-content\/uploads\/Captura-de-pantalla-2024-07-27-123917.png\",\"width\":518,\"height\":518},{\"@type\":\"BreadcrumbList\",\"@id\":\"https:\/\/topanindustrial.com.ar\/shop\/producto\/guante-vaqueta-amarilla-1-2-medio-paseo-talle-10\/#breadcrumb\",\"itemListElement\":[{\"@type\":\"ListItem\",\"position\":1,\"name\":\"Portada\",\"item\":\"https:\/\/topanindustrial.com.ar\/shop\/\"},{\"@type\":\"ListItem\",\"position\":2,\"name\":\"Tienda\",\"item\":\"https:\/\/topanindustrial.com.ar\/shop\/tienda\/\"},{\"@type\":\"ListItem\",\"position\":3,\"name\":\"Guante Vaqueta amarilla 1\/2 medio paseo talle 10\"}]},{\"@type\":\"WebSite\",\"@id\":\"https:\/\/topanindustrial.com.ar\/shop\/#website\",\"url\":\"https:\/\/topanindustrial.com.ar\/shop\/\",\"name\":\"Topan Industrial\",\"description\":\"Ropa de Trabajo, Canzado de seguridad y Elementos de Seguridad industrial.\",\"publisher\":{\"@id\":\"https:\/\/topanindustrial.com.ar\/shop\/#organization\"},\"potentialAction\":[{\"@type\":\"SearchAction\",\"target\":{\"@type\":\"EntryPoint\",\"urlTemplate\":\"https:\/\/topanindustrial.com.ar\/shop\/?s={search_term_string}\"},\"query-input\":{\"@type\":\"PropertyValueSpecification\",\"valueRequired\":true,\"valueName\":\"search_term_string\"}}],\"inLanguage\":\"es\"},{\"@type\":\"Organization\",\"@id\":\"https:\/\/topanindustrial.com.ar\/shop\/#organization\",\"name\":\"Topan Industrial\",\"url\":\"https:\/\/topanindustrial.com.ar\/shop\/\",\"logo\":{\"@type\":\"ImageObject\",\"inLanguage\":\"es\",\"@id\":\"https:\/\/topanindustrial.com.ar\/shop\/#\/schema\/logo\/image\/\",\"url\":\"https:\/\/topanindustrial.com.ar\/shop\/wp-content\/uploads\/Logo-topan.png\",\"contentUrl\":\"https:\/\/topanindustrial.com.ar\/shop\/wp-content\/uploads\/Logo-topan.png\",\"width\":552,\"height\":471,\"caption\":\"Topan Industrial\"},\"image\":{\"@id\":\"https:\/\/topanindustrial.com.ar\/shop\/#\/schema\/logo\/image\/\"},\"sameAs\":[\"https:\/\/www.facebook.com\/OMBUTOPAN\"]}]}<\/script>\n<!-- \/ Yoast SEO plugin. -->","yoast_head_json":{"title":"Guante Vaqueta amarilla 1\/2 medio paseo talle 10 - Topan Industrial","robots":{"index":"index","follow":"follow","max-snippet":"max-snippet:-1","max-image-preview":"max-image-preview:large","max-video-preview":"max-video-preview:-1"},"canonical":"https:\/\/topanindustrial.com.ar\/shop\/producto\/guante-vaqueta-amarilla-1-2-medio-paseo-talle-10\/","og_locale":"es_ES","og_type":"article","og_title":"Guante Vaqueta amarilla 1\/2 medio paseo talle 10 - Topan Industrial","og_description":"Guante Vaqueta amarilla 1\/2 medio paseo:  * Cuero vaqueta amarilla * Flexible confortable y resistente * Excelente flexibilidad * Dorso elastizado Aplicaciones: Montaje y acabado de piezas y componentes met\u00e1licos; mantenimiento, manejo de equipos, trabajo en dep\u00f3sitos, manipulaci\u00f3n en general.  Certificado Iram 3607 Sello \u201cS\u201d","og_url":"https:\/\/topanindustrial.com.ar\/shop\/producto\/guante-vaqueta-amarilla-1-2-medio-paseo-talle-10\/","og_site_name":"Topan Industrial","article_publisher":"https:\/\/www.facebook.com\/OMBUTOPAN","article_modified_time":"2024-08-09T14:23:38+00:00","og_image":[{"width":518,"height":518,"url":"https:\/\/topanindustrial.com.ar\/shop\/wp-content\/uploads\/Captura-de-pantalla-2024-07-27-123917.png","type":"image\/png"}],"twitter_card":"summary_large_image","twitter_misc":{"Tiempo de lectura":"2 minutos"},"schema":{"@context":"https:\/\/schema.org","@graph":[{"@type":"WebPage","@id":"https:\/\/topanindustrial.com.ar\/shop\/producto\/guante-vaqueta-amarilla-1-2-medio-paseo-talle-10\/","url":"https:\/\/topanindustrial.com.ar\/shop\/producto\/guante-vaqueta-amarilla-1-2-medio-paseo-talle-10\/","name":"Guante Vaqueta amarilla 1\/2 medio paseo talle 10 - Topan Industrial","isPartOf":{"@id":"https:\/\/topanindustrial.com.ar\/shop\/#website"},"primaryImageOfPage":{"@id":"https:\/\/topanindustrial.com.ar\/shop\/producto\/guante-vaqueta-amarilla-1-2-medio-paseo-talle-10\/#primaryimage"},"image":{"@id":"https:\/\/topanindustrial.com.ar\/shop\/producto\/guante-vaqueta-amarilla-1-2-medio-paseo-talle-10\/#primaryimage"},"thumbnailUrl":"https:\/\/topanindustrial.com.ar\/shop\/wp-content\/uploads\/Captura-de-pantalla-2024-07-27-123917.png","datePublished":"2024-07-27T15:41:12+00:00","dateModified":"2024-08-09T14:23:38+00:00","breadcrumb":{"@id":"https:\/\/topanindustrial.com.ar\/shop\/producto\/guante-vaqueta-amarilla-1-2-medio-paseo-talle-10\/#breadcrumb"},"inLanguage":"es","potentialAction":[{"@type":"ReadAction","target":["https:\/\/topanindustrial.com.ar\/shop\/producto\/guante-vaqueta-amarilla-1-2-medio-paseo-talle-10\/"]}]},{"@type":"ImageObject","inLanguage":"es","@id":"https:\/\/topanindustrial.com.ar\/shop\/producto\/guante-vaqueta-amarilla-1-2-medio-paseo-talle-10\/#primaryimage","url":"https:\/\/topanindustrial.com.ar\/shop\/wp-content\/uploads\/Captura-de-pantalla-2024-07-27-123917.png","contentUrl":"https:\/\/topanindustrial.com.ar\/shop\/wp-content\/uploads\/Captura-de-pantalla-2024-07-27-123917.png","width":518,"height":518},{"@type":"BreadcrumbList","@id":"https:\/\/topanindustrial.com.ar\/shop\/producto\/guante-vaqueta-amarilla-1-2-medio-paseo-talle-10\/#breadcrumb","itemListElement":[{"@type":"ListItem","position":1,"name":"Portada","item":"https:\/\/topanindustrial.com.ar\/shop\/"},{"@type":"ListItem","position":2,"name":"Tienda","item":"https:\/\/topanindustrial.com.ar\/shop\/tienda\/"},{"@type":"ListItem","position":3,"name":"Guante Vaqueta amarilla 1\/2 medio paseo talle 10"}]},{"@type":"WebSite","@id":"https:\/\/topanindustrial.com.ar\/shop\/#website","url":"https:\/\/topanindustrial.com.ar\/shop\/","name":"Topan Industrial","description":"Ropa de Trabajo, Canzado de seguridad y Elementos de Seguridad industrial.","publisher":{"@id":"https:\/\/topanindustrial.com.ar\/shop\/#organization"},"potentialAction":[{"@type":"SearchAction","target":{"@type":"EntryPoint","urlTemplate":"https:\/\/topanindustrial.com.ar\/shop\/?s={search_term_string}"},"query-input":{"@type":"PropertyValueSpecification","valueRequired":true,"valueName":"search_term_string"}}],"inLanguage":"es"},{"@type":"Organization","@id":"https:\/\/topanindustrial.com.ar\/shop\/#organization","name":"Topan Industrial","url":"https:\/\/topanindustrial.com.ar\/shop\/","logo":{"@type":"ImageObject","inLanguage":"es","@id":"https:\/\/topanindustrial.com.ar\/shop\/#\/schema\/logo\/image\/","url":"https:\/\/topanindustrial.com.ar\/shop\/wp-content\/uploads\/Logo-topan.png","contentUrl":"https:\/\/topanindustrial.com.ar\/shop\/wp-content\/uploads\/Logo-topan.png","width":552,"height":471,"caption":"Topan Industrial"},"image":{"@id":"https:\/\/topanindustrial.com.ar\/shop\/#\/schema\/logo\/image\/"},"sameAs":["https:\/\/www.facebook.com\/OMBUTOPAN"]}]}},"_links":{"self":[{"href":"https:\/\/topanindustrial.com.ar\/shop\/wp-json\/wp\/v2\/product\/921","targetHints":{"allow":["GET"]}}],"collection":[{"href":"https:\/\/topanindustrial.com.ar\/shop\/wp-json\/wp\/v2\/product"}],"about":[{"href":"https:\/\/topanindustrial.com.ar\/shop\/wp-json\/wp\/v2\/types\/product"}],"wp:featuredmedia":[{"embeddable":true,"href":"https:\/\/topanindustrial.com.ar\/shop\/wp-json\/wp\/v2\/media\/922"}],"wp:attachment":[{"href":"https:\/\/topanindustrial.com.ar\/shop\/wp-json\/wp\/v2\/media?parent=921"}],"wp:term":[{"taxonomy":"product_brand","embeddable":true,"href":"https:\/\/topanindustrial.com.ar\/shop\/wp-json\/wp\/v2\/product_brand?post=921"},{"taxonomy":"product_cat","embeddable":true,"href":"https:\/\/topanindustrial.com.ar\/shop\/wp-json\/wp\/v2\/product_cat?post=921"},{"taxonomy":"product_tag","embeddable":true,"href":"https:\/\/topanindustrial.com.ar\/shop\/wp-json\/wp\/v2\/product_tag?post=921"}],"curies":[{"name":"wp","href":"https:\/\/api.w.org\/{rel}","templated":true}]}}