{"id":932,"date":"2024-07-29T12:00:12","date_gmt":"2024-07-29T12:00:12","guid":{"rendered":"https:\/\/topanindustrial.com.ar\/shop\/?post_type=product&#038;p=932"},"modified":"2024-08-09T14:22:41","modified_gmt":"2024-08-09T14:22:41","slug":"guante-steelpro-multiflex-nitrilo-force","status":"publish","type":"product","link":"https:\/\/topanindustrial.com.ar\/shop\/producto\/guante-steelpro-multiflex-nitrilo-force\/","title":{"rendered":"Guante Steelpro Multiflex Nitrilo Force"},"content":{"rendered":"<p>Pensado para trabajos, donde se requiera maniobra y montaje de estructuras, maquinaria, inspecci\u00f3n, mantenimientos industriales, donde hay manipulaci\u00f3n de aceites minerales o sint\u00e9ticos y existan posibilidades de salpicaduras a temperatura ambiente.<\/p>\n<p>CARACTER\u00cdSTICAS:<br \/>\nGuante tejido de pu\u00f1o elastizado con doble ba\u00f1o en Nitrilo, el primer ba\u00f1o completo de Nitrilo le aporta la mayor tenacidad a la penetraci\u00f3n del l\u00edquido y el segundo ba\u00f1o Nitrilo Sandy (arenado) le aporta un Grip inigualable en contacto con superficies oleosas, dise\u00f1ados para trabajos en ambientes agresivos; el Nitrilo proporciona una excelente durabilidad en tareas donde exista mucha abrasi\u00f3n, tiene una alta resistencia al contacto de superficies con derivados de hidrocarburos como aceites y grasas.<\/p>\n<p>CERTIFICACIONES:<br \/>\nEN-420\/EN-388:2003 en concordancia con IRAM 3607\/3608<br \/>\n(PRESTACION 3121)<\/p>\n<p>MANTENIMIENTO:<br \/>\nVerificar que los guantes no presenten defectos, grietas y desgarros. De lo contrario utilizar guantes nuevos.<br \/>\nLas manos se deben lavar y secar muy bien antes de utilizarlos.<br \/>\nPara trabajos prolongados quit\u00e1rselos regularmente. Limpiar los guantes.<br \/>\nDejar que se seque su interior para volver a utilizar. Conservar los guantes en su embalaje, protegidos contra la luz, el calor y la humedad.<br \/>\nEstos no tienen fecha de vencimiento.<\/p>\n<p>ADVERTENCIA:<br \/>\nEl no seguir las instrucciones de uso y mantenimiento puede resultar en da\u00f1o personal. Este elemento de protecci\u00f3n personal no garantiza protecci\u00f3n ilimitada.<\/p>\n<p>ATENCI\u00d3N:<br \/>\nUna utilizaci\u00f3n inadecuada de los guantes, as\u00ed como cualquier proceso de limpieza de los mismos, pueden alterar los niveles de resistencia.<\/p>\n<p>APLICACIONES:<\/p>\n<p>\u2022 Metalmec\u00e1nica.<br \/>\n\u2022 Petroqu\u00edmicas<br \/>\n\u2022 Automotriz.<br \/>\n\u2022 Construcci\u00f3n.<br \/>\n\u2022 Curtiembres.<br \/>\n\u2022 Industria en general: actividades que requieran impermeabilidad y precisi\u00f3n.<\/p>\n","protected":false},"excerpt":{"rendered":"<p>El Multiflex Steelpro Nitrilo Force, tiene un excelente confort, su ba\u00f1o completo le permite al usuario estanqueidad, brindando que este pueda trabajar de forma protegida en ambientes de mucha exigencia, adem\u00e1s tiene muy buena resistencia a \u00e1cidos, \u00e1lcalis y l\u00edquidos en la palma.<\/p>\n","protected":false},"featured_media":933,"template":"","meta":{"_joinchat":[]},"product_brand":[],"product_cat":[68,76],"product_tag":[97,90],"class_list":{"0":"post-932","1":"product","2":"type-product","3":"status-publish","4":"has-post-thumbnail","6":"product_cat-elementos-seguridad","7":"product_cat-proteccion-de-manos","8":"product_tag-guantes-tejidos","9":"product_tag-steel-pro","11":"first","12":"instock","13":"shipping-taxable","14":"purchasable","15":"product-type-simple","16":"add-to-wishlist-after_add_to_cart"},"yoast_head":"<!-- This site is optimized with the Yoast SEO plugin v25.2 - https:\/\/yoast.com\/wordpress\/plugins\/seo\/ -->\n<title>Guante Steelpro Multiflex Nitrilo Force - Topan Industrial<\/title>\n<meta name=\"robots\" content=\"index, follow, max-snippet:-1, max-image-preview:large, max-video-preview:-1\" \/>\n<link rel=\"canonical\" href=\"https:\/\/topanindustrial.com.ar\/shop\/producto\/guante-steelpro-multiflex-nitrilo-force\/\" \/>\n<meta property=\"og:locale\" content=\"es_ES\" \/>\n<meta property=\"og:type\" content=\"article\" \/>\n<meta property=\"og:title\" content=\"Guante Steelpro Multiflex Nitrilo Force - Topan Industrial\" \/>\n<meta property=\"og:description\" content=\"El Multiflex Steelpro Nitrilo Force, tiene un excelente confort, su ba\u00f1o completo le permite al usuario estanqueidad, brindando que este pueda trabajar de forma protegida en ambientes de mucha exigencia, adem\u00e1s tiene muy buena resistencia a \u00e1cidos, \u00e1lcalis y l\u00edquidos en la palma.\" \/>\n<meta property=\"og:url\" content=\"https:\/\/topanindustrial.com.ar\/shop\/producto\/guante-steelpro-multiflex-nitrilo-force\/\" \/>\n<meta property=\"og:site_name\" content=\"Topan Industrial\" \/>\n<meta property=\"article:publisher\" content=\"https:\/\/www.facebook.com\/OMBUTOPAN\" \/>\n<meta property=\"article:modified_time\" content=\"2024-08-09T14:22:41+00:00\" \/>\n<meta property=\"og:image\" content=\"https:\/\/topanindustrial.com.ar\/shop\/wp-content\/uploads\/Captura-de-pantalla-2024-07-29-085719.png\" \/>\n\t<meta property=\"og:image:width\" content=\"520\" \/>\n\t<meta property=\"og:image:height\" content=\"519\" \/>\n\t<meta property=\"og:image:type\" content=\"image\/png\" \/>\n<meta name=\"twitter:card\" content=\"summary_large_image\" \/>\n<meta name=\"twitter:label1\" content=\"Tiempo de lectura\" \/>\n\t<meta name=\"twitter:data1\" content=\"2 minutos\" \/>\n<script type=\"application\/ld+json\" class=\"yoast-schema-graph\">{\"@context\":\"https:\/\/schema.org\",\"@graph\":[{\"@type\":\"WebPage\",\"@id\":\"https:\/\/topanindustrial.com.ar\/shop\/producto\/guante-steelpro-multiflex-nitrilo-force\/\",\"url\":\"https:\/\/topanindustrial.com.ar\/shop\/producto\/guante-steelpro-multiflex-nitrilo-force\/\",\"name\":\"Guante Steelpro Multiflex Nitrilo Force - Topan Industrial\",\"isPartOf\":{\"@id\":\"https:\/\/topanindustrial.com.ar\/shop\/#website\"},\"primaryImageOfPage\":{\"@id\":\"https:\/\/topanindustrial.com.ar\/shop\/producto\/guante-steelpro-multiflex-nitrilo-force\/#primaryimage\"},\"image\":{\"@id\":\"https:\/\/topanindustrial.com.ar\/shop\/producto\/guante-steelpro-multiflex-nitrilo-force\/#primaryimage\"},\"thumbnailUrl\":\"https:\/\/topanindustrial.com.ar\/shop\/wp-content\/uploads\/Captura-de-pantalla-2024-07-29-085719.png\",\"datePublished\":\"2024-07-29T12:00:12+00:00\",\"dateModified\":\"2024-08-09T14:22:41+00:00\",\"breadcrumb\":{\"@id\":\"https:\/\/topanindustrial.com.ar\/shop\/producto\/guante-steelpro-multiflex-nitrilo-force\/#breadcrumb\"},\"inLanguage\":\"es\",\"potentialAction\":[{\"@type\":\"ReadAction\",\"target\":[\"https:\/\/topanindustrial.com.ar\/shop\/producto\/guante-steelpro-multiflex-nitrilo-force\/\"]}]},{\"@type\":\"ImageObject\",\"inLanguage\":\"es\",\"@id\":\"https:\/\/topanindustrial.com.ar\/shop\/producto\/guante-steelpro-multiflex-nitrilo-force\/#primaryimage\",\"url\":\"https:\/\/topanindustrial.com.ar\/shop\/wp-content\/uploads\/Captura-de-pantalla-2024-07-29-085719.png\",\"contentUrl\":\"https:\/\/topanindustrial.com.ar\/shop\/wp-content\/uploads\/Captura-de-pantalla-2024-07-29-085719.png\",\"width\":520,\"height\":519},{\"@type\":\"BreadcrumbList\",\"@id\":\"https:\/\/topanindustrial.com.ar\/shop\/producto\/guante-steelpro-multiflex-nitrilo-force\/#breadcrumb\",\"itemListElement\":[{\"@type\":\"ListItem\",\"position\":1,\"name\":\"Portada\",\"item\":\"https:\/\/topanindustrial.com.ar\/shop\/\"},{\"@type\":\"ListItem\",\"position\":2,\"name\":\"Tienda\",\"item\":\"https:\/\/topanindustrial.com.ar\/shop\/tienda\/\"},{\"@type\":\"ListItem\",\"position\":3,\"name\":\"Guante Steelpro Multiflex Nitrilo Force\"}]},{\"@type\":\"WebSite\",\"@id\":\"https:\/\/topanindustrial.com.ar\/shop\/#website\",\"url\":\"https:\/\/topanindustrial.com.ar\/shop\/\",\"name\":\"Topan Industrial\",\"description\":\"Ropa de Trabajo, Canzado de seguridad y Elementos de Seguridad industrial.\",\"publisher\":{\"@id\":\"https:\/\/topanindustrial.com.ar\/shop\/#organization\"},\"potentialAction\":[{\"@type\":\"SearchAction\",\"target\":{\"@type\":\"EntryPoint\",\"urlTemplate\":\"https:\/\/topanindustrial.com.ar\/shop\/?s={search_term_string}\"},\"query-input\":{\"@type\":\"PropertyValueSpecification\",\"valueRequired\":true,\"valueName\":\"search_term_string\"}}],\"inLanguage\":\"es\"},{\"@type\":\"Organization\",\"@id\":\"https:\/\/topanindustrial.com.ar\/shop\/#organization\",\"name\":\"Topan Industrial\",\"url\":\"https:\/\/topanindustrial.com.ar\/shop\/\",\"logo\":{\"@type\":\"ImageObject\",\"inLanguage\":\"es\",\"@id\":\"https:\/\/topanindustrial.com.ar\/shop\/#\/schema\/logo\/image\/\",\"url\":\"https:\/\/topanindustrial.com.ar\/shop\/wp-content\/uploads\/Logo-topan.png\",\"contentUrl\":\"https:\/\/topanindustrial.com.ar\/shop\/wp-content\/uploads\/Logo-topan.png\",\"width\":552,\"height\":471,\"caption\":\"Topan Industrial\"},\"image\":{\"@id\":\"https:\/\/topanindustrial.com.ar\/shop\/#\/schema\/logo\/image\/\"},\"sameAs\":[\"https:\/\/www.facebook.com\/OMBUTOPAN\"]}]}<\/script>\n<!-- \/ Yoast SEO plugin. -->","yoast_head_json":{"title":"Guante Steelpro Multiflex Nitrilo Force - Topan Industrial","robots":{"index":"index","follow":"follow","max-snippet":"max-snippet:-1","max-image-preview":"max-image-preview:large","max-video-preview":"max-video-preview:-1"},"canonical":"https:\/\/topanindustrial.com.ar\/shop\/producto\/guante-steelpro-multiflex-nitrilo-force\/","og_locale":"es_ES","og_type":"article","og_title":"Guante Steelpro Multiflex Nitrilo Force - Topan Industrial","og_description":"El Multiflex Steelpro Nitrilo Force, tiene un excelente confort, su ba\u00f1o completo le permite al usuario estanqueidad, brindando que este pueda trabajar de forma protegida en ambientes de mucha exigencia, adem\u00e1s tiene muy buena resistencia a \u00e1cidos, \u00e1lcalis y l\u00edquidos en la palma.","og_url":"https:\/\/topanindustrial.com.ar\/shop\/producto\/guante-steelpro-multiflex-nitrilo-force\/","og_site_name":"Topan Industrial","article_publisher":"https:\/\/www.facebook.com\/OMBUTOPAN","article_modified_time":"2024-08-09T14:22:41+00:00","og_image":[{"width":520,"height":519,"url":"https:\/\/topanindustrial.com.ar\/shop\/wp-content\/uploads\/Captura-de-pantalla-2024-07-29-085719.png","type":"image\/png"}],"twitter_card":"summary_large_image","twitter_misc":{"Tiempo de lectura":"2 minutos"},"schema":{"@context":"https:\/\/schema.org","@graph":[{"@type":"WebPage","@id":"https:\/\/topanindustrial.com.ar\/shop\/producto\/guante-steelpro-multiflex-nitrilo-force\/","url":"https:\/\/topanindustrial.com.ar\/shop\/producto\/guante-steelpro-multiflex-nitrilo-force\/","name":"Guante Steelpro Multiflex Nitrilo Force - Topan Industrial","isPartOf":{"@id":"https:\/\/topanindustrial.com.ar\/shop\/#website"},"primaryImageOfPage":{"@id":"https:\/\/topanindustrial.com.ar\/shop\/producto\/guante-steelpro-multiflex-nitrilo-force\/#primaryimage"},"image":{"@id":"https:\/\/topanindustrial.com.ar\/shop\/producto\/guante-steelpro-multiflex-nitrilo-force\/#primaryimage"},"thumbnailUrl":"https:\/\/topanindustrial.com.ar\/shop\/wp-content\/uploads\/Captura-de-pantalla-2024-07-29-085719.png","datePublished":"2024-07-29T12:00:12+00:00","dateModified":"2024-08-09T14:22:41+00:00","breadcrumb":{"@id":"https:\/\/topanindustrial.com.ar\/shop\/producto\/guante-steelpro-multiflex-nitrilo-force\/#breadcrumb"},"inLanguage":"es","potentialAction":[{"@type":"ReadAction","target":["https:\/\/topanindustrial.com.ar\/shop\/producto\/guante-steelpro-multiflex-nitrilo-force\/"]}]},{"@type":"ImageObject","inLanguage":"es","@id":"https:\/\/topanindustrial.com.ar\/shop\/producto\/guante-steelpro-multiflex-nitrilo-force\/#primaryimage","url":"https:\/\/topanindustrial.com.ar\/shop\/wp-content\/uploads\/Captura-de-pantalla-2024-07-29-085719.png","contentUrl":"https:\/\/topanindustrial.com.ar\/shop\/wp-content\/uploads\/Captura-de-pantalla-2024-07-29-085719.png","width":520,"height":519},{"@type":"BreadcrumbList","@id":"https:\/\/topanindustrial.com.ar\/shop\/producto\/guante-steelpro-multiflex-nitrilo-force\/#breadcrumb","itemListElement":[{"@type":"ListItem","position":1,"name":"Portada","item":"https:\/\/topanindustrial.com.ar\/shop\/"},{"@type":"ListItem","position":2,"name":"Tienda","item":"https:\/\/topanindustrial.com.ar\/shop\/tienda\/"},{"@type":"ListItem","position":3,"name":"Guante Steelpro Multiflex Nitrilo Force"}]},{"@type":"WebSite","@id":"https:\/\/topanindustrial.com.ar\/shop\/#website","url":"https:\/\/topanindustrial.com.ar\/shop\/","name":"Topan Industrial","description":"Ropa de Trabajo, Canzado de seguridad y Elementos de Seguridad industrial.","publisher":{"@id":"https:\/\/topanindustrial.com.ar\/shop\/#organization"},"potentialAction":[{"@type":"SearchAction","target":{"@type":"EntryPoint","urlTemplate":"https:\/\/topanindustrial.com.ar\/shop\/?s={search_term_string}"},"query-input":{"@type":"PropertyValueSpecification","valueRequired":true,"valueName":"search_term_string"}}],"inLanguage":"es"},{"@type":"Organization","@id":"https:\/\/topanindustrial.com.ar\/shop\/#organization","name":"Topan Industrial","url":"https:\/\/topanindustrial.com.ar\/shop\/","logo":{"@type":"ImageObject","inLanguage":"es","@id":"https:\/\/topanindustrial.com.ar\/shop\/#\/schema\/logo\/image\/","url":"https:\/\/topanindustrial.com.ar\/shop\/wp-content\/uploads\/Logo-topan.png","contentUrl":"https:\/\/topanindustrial.com.ar\/shop\/wp-content\/uploads\/Logo-topan.png","width":552,"height":471,"caption":"Topan Industrial"},"image":{"@id":"https:\/\/topanindustrial.com.ar\/shop\/#\/schema\/logo\/image\/"},"sameAs":["https:\/\/www.facebook.com\/OMBUTOPAN"]}]}},"_links":{"self":[{"href":"https:\/\/topanindustrial.com.ar\/shop\/wp-json\/wp\/v2\/product\/932","targetHints":{"allow":["GET"]}}],"collection":[{"href":"https:\/\/topanindustrial.com.ar\/shop\/wp-json\/wp\/v2\/product"}],"about":[{"href":"https:\/\/topanindustrial.com.ar\/shop\/wp-json\/wp\/v2\/types\/product"}],"wp:featuredmedia":[{"embeddable":true,"href":"https:\/\/topanindustrial.com.ar\/shop\/wp-json\/wp\/v2\/media\/933"}],"wp:attachment":[{"href":"https:\/\/topanindustrial.com.ar\/shop\/wp-json\/wp\/v2\/media?parent=932"}],"wp:term":[{"taxonomy":"product_brand","embeddable":true,"href":"https:\/\/topanindustrial.com.ar\/shop\/wp-json\/wp\/v2\/product_brand?post=932"},{"taxonomy":"product_cat","embeddable":true,"href":"https:\/\/topanindustrial.com.ar\/shop\/wp-json\/wp\/v2\/product_cat?post=932"},{"taxonomy":"product_tag","embeddable":true,"href":"https:\/\/topanindustrial.com.ar\/shop\/wp-json\/wp\/v2\/product_tag?post=932"}],"curies":[{"name":"wp","href":"https:\/\/api.w.org\/{rel}","templated":true}]}}