{"id":965,"date":"2024-07-29T14:30:29","date_gmt":"2024-07-29T14:30:29","guid":{"rendered":"https:\/\/topanindustrial.com.ar\/shop\/?post_type=product&#038;p=965"},"modified":"2024-08-09T14:19:50","modified_gmt":"2024-08-09T14:19:50","slug":"guante-examinacion-descartable-latex","status":"publish","type":"product","link":"https:\/\/topanindustrial.com.ar\/shop\/producto\/guante-examinacion-descartable-latex\/","title":{"rendered":"Guante examinaci\u00f3n descartable L\u00e1tex"},"content":{"rendered":"<p>Presentaci\u00f3n:<br \/>\nCaja x 100 unidades.<br \/>\nTalles: S\/M\/L\/XL<\/p>\n<p>Especificaciones:<br \/>\nResistencias qu\u00edmicas: \u00e1cidos, bases, alcoholes y soluciones de la mayor\u00eda de los productos qu\u00edmicos diluidos en agua.<\/p>\n<p>Aplicaciones:<br \/>\nAn\u00e1lisis \/ trabajos t\u00e9cnicos de laboratorio.<br \/>\nManipulaci\u00f3n de piezas complicadas.<br \/>\nProcesamiento y manipulaci\u00f3n de alimentos.<br \/>\nControl de calidad.<br \/>\nEnsamblado electr\u00f3nico.<br \/>\nMantenimiento y limpieza ligeros.<\/p>\n<p>&nbsp;<\/p>\n","protected":false},"excerpt":{"rendered":"<p>Guante de L\u00e1tex Examinaci\u00f3n no Est\u00e9ril\u00a0es un elemento de\u00a0protecci\u00f3n de manos\u00a0que\u00a0proporciona mayor nivel de destreza y agarre porque se encuentra fabricado con l\u00e1tex 100% natural.\u00a0El l\u00e1tex es m\u00e1s fresco que el vinilo, flexible y brinda mayor confort y resistencia durante su utilizaci\u00f3n.<\/p>\n","protected":false},"featured_media":1165,"template":"","meta":{"_joinchat":[]},"product_brand":[],"product_cat":[68,76],"product_tag":[104],"class_list":{"0":"post-965","1":"product","2":"type-product","3":"status-publish","4":"has-post-thumbnail","6":"product_cat-elementos-seguridad","7":"product_cat-proteccion-de-manos","8":"product_tag-guantes-descartables","10":"first","11":"instock","12":"shipping-taxable","13":"purchasable","14":"product-type-variable","15":"add-to-wishlist-after_add_to_cart"},"yoast_head":"<!-- This site is optimized with the Yoast SEO plugin v25.2 - https:\/\/yoast.com\/wordpress\/plugins\/seo\/ -->\n<title>Guante examinaci\u00f3n descartable L\u00e1tex - Topan Industrial<\/title>\n<meta name=\"robots\" content=\"index, follow, max-snippet:-1, max-image-preview:large, max-video-preview:-1\" \/>\n<link rel=\"canonical\" href=\"https:\/\/topanindustrial.com.ar\/shop\/producto\/guante-examinacion-descartable-latex\/\" \/>\n<meta property=\"og:locale\" content=\"es_ES\" \/>\n<meta property=\"og:type\" content=\"article\" \/>\n<meta property=\"og:title\" content=\"Guante examinaci\u00f3n descartable L\u00e1tex - Topan Industrial\" \/>\n<meta property=\"og:description\" content=\"Guante de L\u00e1tex Examinaci\u00f3n no Est\u00e9ril\u00a0es un elemento de\u00a0protecci\u00f3n de manos\u00a0que\u00a0proporciona mayor nivel de destreza y agarre porque se encuentra fabricado con l\u00e1tex 100% natural.\u00a0El l\u00e1tex es m\u00e1s fresco que el vinilo, flexible y brinda mayor confort y resistencia durante su utilizaci\u00f3n.\" \/>\n<meta property=\"og:url\" content=\"https:\/\/topanindustrial.com.ar\/shop\/producto\/guante-examinacion-descartable-latex\/\" \/>\n<meta property=\"og:site_name\" content=\"Topan Industrial\" \/>\n<meta property=\"article:publisher\" content=\"https:\/\/www.facebook.com\/OMBUTOPAN\" \/>\n<meta property=\"article:modified_time\" content=\"2024-08-09T14:19:50+00:00\" \/>\n<meta property=\"og:image\" content=\"https:\/\/topanindustrial.com.ar\/shop\/wp-content\/uploads\/Guante-examinacion-descartable-Latex.png\" \/>\n\t<meta property=\"og:image:width\" content=\"513\" \/>\n\t<meta property=\"og:image:height\" content=\"515\" \/>\n\t<meta property=\"og:image:type\" content=\"image\/png\" \/>\n<meta name=\"twitter:card\" content=\"summary_large_image\" \/>\n<meta name=\"twitter:label1\" content=\"Tiempo de lectura\" \/>\n\t<meta name=\"twitter:data1\" content=\"1 minuto\" \/>\n<script type=\"application\/ld+json\" class=\"yoast-schema-graph\">{\"@context\":\"https:\/\/schema.org\",\"@graph\":[{\"@type\":\"WebPage\",\"@id\":\"https:\/\/topanindustrial.com.ar\/shop\/producto\/guante-examinacion-descartable-latex\/\",\"url\":\"https:\/\/topanindustrial.com.ar\/shop\/producto\/guante-examinacion-descartable-latex\/\",\"name\":\"Guante examinaci\u00f3n descartable L\u00e1tex - Topan Industrial\",\"isPartOf\":{\"@id\":\"https:\/\/topanindustrial.com.ar\/shop\/#website\"},\"primaryImageOfPage\":{\"@id\":\"https:\/\/topanindustrial.com.ar\/shop\/producto\/guante-examinacion-descartable-latex\/#primaryimage\"},\"image\":{\"@id\":\"https:\/\/topanindustrial.com.ar\/shop\/producto\/guante-examinacion-descartable-latex\/#primaryimage\"},\"thumbnailUrl\":\"https:\/\/topanindustrial.com.ar\/shop\/wp-content\/uploads\/Guante-examinacion-descartable-Latex.png\",\"datePublished\":\"2024-07-29T14:30:29+00:00\",\"dateModified\":\"2024-08-09T14:19:50+00:00\",\"breadcrumb\":{\"@id\":\"https:\/\/topanindustrial.com.ar\/shop\/producto\/guante-examinacion-descartable-latex\/#breadcrumb\"},\"inLanguage\":\"es\",\"potentialAction\":[{\"@type\":\"ReadAction\",\"target\":[\"https:\/\/topanindustrial.com.ar\/shop\/producto\/guante-examinacion-descartable-latex\/\"]}]},{\"@type\":\"ImageObject\",\"inLanguage\":\"es\",\"@id\":\"https:\/\/topanindustrial.com.ar\/shop\/producto\/guante-examinacion-descartable-latex\/#primaryimage\",\"url\":\"https:\/\/topanindustrial.com.ar\/shop\/wp-content\/uploads\/Guante-examinacion-descartable-Latex.png\",\"contentUrl\":\"https:\/\/topanindustrial.com.ar\/shop\/wp-content\/uploads\/Guante-examinacion-descartable-Latex.png\",\"width\":513,\"height\":515},{\"@type\":\"BreadcrumbList\",\"@id\":\"https:\/\/topanindustrial.com.ar\/shop\/producto\/guante-examinacion-descartable-latex\/#breadcrumb\",\"itemListElement\":[{\"@type\":\"ListItem\",\"position\":1,\"name\":\"Portada\",\"item\":\"https:\/\/topanindustrial.com.ar\/shop\/\"},{\"@type\":\"ListItem\",\"position\":2,\"name\":\"Tienda\",\"item\":\"https:\/\/topanindustrial.com.ar\/shop\/tienda\/\"},{\"@type\":\"ListItem\",\"position\":3,\"name\":\"Guante examinaci\u00f3n descartable L\u00e1tex\"}]},{\"@type\":\"WebSite\",\"@id\":\"https:\/\/topanindustrial.com.ar\/shop\/#website\",\"url\":\"https:\/\/topanindustrial.com.ar\/shop\/\",\"name\":\"Topan Industrial\",\"description\":\"Ropa de Trabajo, Canzado de seguridad y Elementos de Seguridad industrial.\",\"publisher\":{\"@id\":\"https:\/\/topanindustrial.com.ar\/shop\/#organization\"},\"potentialAction\":[{\"@type\":\"SearchAction\",\"target\":{\"@type\":\"EntryPoint\",\"urlTemplate\":\"https:\/\/topanindustrial.com.ar\/shop\/?s={search_term_string}\"},\"query-input\":{\"@type\":\"PropertyValueSpecification\",\"valueRequired\":true,\"valueName\":\"search_term_string\"}}],\"inLanguage\":\"es\"},{\"@type\":\"Organization\",\"@id\":\"https:\/\/topanindustrial.com.ar\/shop\/#organization\",\"name\":\"Topan Industrial\",\"url\":\"https:\/\/topanindustrial.com.ar\/shop\/\",\"logo\":{\"@type\":\"ImageObject\",\"inLanguage\":\"es\",\"@id\":\"https:\/\/topanindustrial.com.ar\/shop\/#\/schema\/logo\/image\/\",\"url\":\"https:\/\/topanindustrial.com.ar\/shop\/wp-content\/uploads\/Logo-topan.png\",\"contentUrl\":\"https:\/\/topanindustrial.com.ar\/shop\/wp-content\/uploads\/Logo-topan.png\",\"width\":552,\"height\":471,\"caption\":\"Topan Industrial\"},\"image\":{\"@id\":\"https:\/\/topanindustrial.com.ar\/shop\/#\/schema\/logo\/image\/\"},\"sameAs\":[\"https:\/\/www.facebook.com\/OMBUTOPAN\"]}]}<\/script>\n<!-- \/ Yoast SEO plugin. -->","yoast_head_json":{"title":"Guante examinaci\u00f3n descartable L\u00e1tex - Topan Industrial","robots":{"index":"index","follow":"follow","max-snippet":"max-snippet:-1","max-image-preview":"max-image-preview:large","max-video-preview":"max-video-preview:-1"},"canonical":"https:\/\/topanindustrial.com.ar\/shop\/producto\/guante-examinacion-descartable-latex\/","og_locale":"es_ES","og_type":"article","og_title":"Guante examinaci\u00f3n descartable L\u00e1tex - Topan Industrial","og_description":"Guante de L\u00e1tex Examinaci\u00f3n no Est\u00e9ril\u00a0es un elemento de\u00a0protecci\u00f3n de manos\u00a0que\u00a0proporciona mayor nivel de destreza y agarre porque se encuentra fabricado con l\u00e1tex 100% natural.\u00a0El l\u00e1tex es m\u00e1s fresco que el vinilo, flexible y brinda mayor confort y resistencia durante su utilizaci\u00f3n.","og_url":"https:\/\/topanindustrial.com.ar\/shop\/producto\/guante-examinacion-descartable-latex\/","og_site_name":"Topan Industrial","article_publisher":"https:\/\/www.facebook.com\/OMBUTOPAN","article_modified_time":"2024-08-09T14:19:50+00:00","og_image":[{"width":513,"height":515,"url":"https:\/\/topanindustrial.com.ar\/shop\/wp-content\/uploads\/Guante-examinacion-descartable-Latex.png","type":"image\/png"}],"twitter_card":"summary_large_image","twitter_misc":{"Tiempo de lectura":"1 minuto"},"schema":{"@context":"https:\/\/schema.org","@graph":[{"@type":"WebPage","@id":"https:\/\/topanindustrial.com.ar\/shop\/producto\/guante-examinacion-descartable-latex\/","url":"https:\/\/topanindustrial.com.ar\/shop\/producto\/guante-examinacion-descartable-latex\/","name":"Guante examinaci\u00f3n descartable L\u00e1tex - Topan Industrial","isPartOf":{"@id":"https:\/\/topanindustrial.com.ar\/shop\/#website"},"primaryImageOfPage":{"@id":"https:\/\/topanindustrial.com.ar\/shop\/producto\/guante-examinacion-descartable-latex\/#primaryimage"},"image":{"@id":"https:\/\/topanindustrial.com.ar\/shop\/producto\/guante-examinacion-descartable-latex\/#primaryimage"},"thumbnailUrl":"https:\/\/topanindustrial.com.ar\/shop\/wp-content\/uploads\/Guante-examinacion-descartable-Latex.png","datePublished":"2024-07-29T14:30:29+00:00","dateModified":"2024-08-09T14:19:50+00:00","breadcrumb":{"@id":"https:\/\/topanindustrial.com.ar\/shop\/producto\/guante-examinacion-descartable-latex\/#breadcrumb"},"inLanguage":"es","potentialAction":[{"@type":"ReadAction","target":["https:\/\/topanindustrial.com.ar\/shop\/producto\/guante-examinacion-descartable-latex\/"]}]},{"@type":"ImageObject","inLanguage":"es","@id":"https:\/\/topanindustrial.com.ar\/shop\/producto\/guante-examinacion-descartable-latex\/#primaryimage","url":"https:\/\/topanindustrial.com.ar\/shop\/wp-content\/uploads\/Guante-examinacion-descartable-Latex.png","contentUrl":"https:\/\/topanindustrial.com.ar\/shop\/wp-content\/uploads\/Guante-examinacion-descartable-Latex.png","width":513,"height":515},{"@type":"BreadcrumbList","@id":"https:\/\/topanindustrial.com.ar\/shop\/producto\/guante-examinacion-descartable-latex\/#breadcrumb","itemListElement":[{"@type":"ListItem","position":1,"name":"Portada","item":"https:\/\/topanindustrial.com.ar\/shop\/"},{"@type":"ListItem","position":2,"name":"Tienda","item":"https:\/\/topanindustrial.com.ar\/shop\/tienda\/"},{"@type":"ListItem","position":3,"name":"Guante examinaci\u00f3n descartable L\u00e1tex"}]},{"@type":"WebSite","@id":"https:\/\/topanindustrial.com.ar\/shop\/#website","url":"https:\/\/topanindustrial.com.ar\/shop\/","name":"Topan Industrial","description":"Ropa de Trabajo, Canzado de seguridad y Elementos de Seguridad industrial.","publisher":{"@id":"https:\/\/topanindustrial.com.ar\/shop\/#organization"},"potentialAction":[{"@type":"SearchAction","target":{"@type":"EntryPoint","urlTemplate":"https:\/\/topanindustrial.com.ar\/shop\/?s={search_term_string}"},"query-input":{"@type":"PropertyValueSpecification","valueRequired":true,"valueName":"search_term_string"}}],"inLanguage":"es"},{"@type":"Organization","@id":"https:\/\/topanindustrial.com.ar\/shop\/#organization","name":"Topan Industrial","url":"https:\/\/topanindustrial.com.ar\/shop\/","logo":{"@type":"ImageObject","inLanguage":"es","@id":"https:\/\/topanindustrial.com.ar\/shop\/#\/schema\/logo\/image\/","url":"https:\/\/topanindustrial.com.ar\/shop\/wp-content\/uploads\/Logo-topan.png","contentUrl":"https:\/\/topanindustrial.com.ar\/shop\/wp-content\/uploads\/Logo-topan.png","width":552,"height":471,"caption":"Topan Industrial"},"image":{"@id":"https:\/\/topanindustrial.com.ar\/shop\/#\/schema\/logo\/image\/"},"sameAs":["https:\/\/www.facebook.com\/OMBUTOPAN"]}]}},"_links":{"self":[{"href":"https:\/\/topanindustrial.com.ar\/shop\/wp-json\/wp\/v2\/product\/965","targetHints":{"allow":["GET"]}}],"collection":[{"href":"https:\/\/topanindustrial.com.ar\/shop\/wp-json\/wp\/v2\/product"}],"about":[{"href":"https:\/\/topanindustrial.com.ar\/shop\/wp-json\/wp\/v2\/types\/product"}],"wp:featuredmedia":[{"embeddable":true,"href":"https:\/\/topanindustrial.com.ar\/shop\/wp-json\/wp\/v2\/media\/1165"}],"wp:attachment":[{"href":"https:\/\/topanindustrial.com.ar\/shop\/wp-json\/wp\/v2\/media?parent=965"}],"wp:term":[{"taxonomy":"product_brand","embeddable":true,"href":"https:\/\/topanindustrial.com.ar\/shop\/wp-json\/wp\/v2\/product_brand?post=965"},{"taxonomy":"product_cat","embeddable":true,"href":"https:\/\/topanindustrial.com.ar\/shop\/wp-json\/wp\/v2\/product_cat?post=965"},{"taxonomy":"product_tag","embeddable":true,"href":"https:\/\/topanindustrial.com.ar\/shop\/wp-json\/wp\/v2\/product_tag?post=965"}],"curies":[{"name":"wp","href":"https:\/\/api.w.org\/{rel}","templated":true}]}}